{"id":568,"date":"2025-06-09T20:37:38","date_gmt":"2025-06-09T18:37:38","guid":{"rendered":"https:\/\/brasserielaboc.com\/?page_id=568"},"modified":"2025-07-14T15:34:06","modified_gmt":"2025-07-14T13:34:06","slug":"visites-guidees","status":"publish","type":"page","link":"https:\/\/brasserielaboc.com\/index.php\/visites-guidees\/","title":{"rendered":"Visites guid\u00e9es"},"content":{"rendered":"\t\t<div data-elementor-type=\"wp-page\" data-elementor-id=\"568\" class=\"elementor elementor-568\">\n\t\t\t\t<div class=\"elementor-element elementor-element-5037b5e e-flex e-con-boxed e-con e-parent\" data-id=\"5037b5e\" data-element_type=\"container\">\n\t\t\t\t\t<div class=\"e-con-inner\">\n\t\t\t\t<div class=\"elementor-element elementor-element-6fe98ab elementor-widget elementor-widget-heading\" data-id=\"6fe98ab\" data-element_type=\"widget\" data-widget_type=\"heading.default\">\n\t\t\t\t<div class=\"elementor-widget-container\">\n\t\t\t\t\t<h2 class=\"elementor-heading-title elementor-size-default\">Visiter une brasserie artisanale \u00e0 Perpignan en Juillet &amp; Ao\u00fbt 2025<\/h2>\t\t\t\t<\/div>\n\t\t\t\t<\/div>\n\t\t\t\t<div class=\"elementor-element elementor-element-44203ae elementor-widget elementor-widget-image\" data-id=\"44203ae\" data-element_type=\"widget\" data-widget_type=\"image.default\">\n\t\t\t\t<div class=\"elementor-widget-container\">\n\t\t\t\t\t\t\t\t\t\t\t\t\t\t\t<img fetchpriority=\"high\" decoding=\"async\" width=\"800\" height=\"450\" src=\"https:\/\/brasserielaboc.com\/wp-content\/uploads\/2025\/04\/20250411_202437-800x450.jpg\" class=\"attachment-ocean-thumb-ml size-ocean-thumb-ml wp-image-518\" alt=\"\" \/>\t\t\t\t\t\t\t\t\t\t\t\t\t\t\t<\/div>\n\t\t\t\t<\/div>\n\t\t\t\t\t<\/div>\n\t\t\t\t<\/div>\n\t\t<div class=\"elementor-element elementor-element-81efaa9 e-flex e-con-boxed e-con e-parent\" data-id=\"81efaa9\" data-element_type=\"container\">\n\t\t\t\t\t<div class=\"e-con-inner\">\n\t\t\t\t<div class=\"elementor-element elementor-element-137036c elementor-widget elementor-widget-text-editor\" data-id=\"137036c\" data-element_type=\"widget\" data-widget_type=\"text-editor.default\">\n\t\t\t\t<div class=\"elementor-widget-container\">\n\t\t\t\t\t\t\t\t\t<p><em><strong>Envie de d\u00e9couvrir les secrets de fabrication de nos bi\u00e8res artisanales ?<\/strong><\/em><\/p>\n<p>Cet \u00e9t\u00e9, la Brasserie La BOC de Perpignan vous ouvre ses portes pour des visites guid\u00e9es conviviales, tous les jeudis soir \u00e0 18h, en juillet et ao\u00fbt 2025.<\/p>\n<p><strong>\ud83d\uddd3\ufe0f Dates des visites :<\/strong><br>\ud83d\udccd A<em>ux dates suivantes :<\/em><\/p>\n<p><span style=\"font-size: 14px;\">17 juillet 2025, <\/span><span style=\"font-size: 14px;\">24 juillet 2025,&nbsp;<\/span><span style=\"font-size: 14px;\">31 juillet 2025,&nbsp;<\/span><span style=\"font-size: 14px;\">7 ao\u00fbt 2025,&nbsp;<\/span><span style=\"font-size: 14px;\">14 ao\u00fbt 2025,&nbsp;<\/span><span style=\"font-size: 14px;\">21 ao\u00fbt 2025,&nbsp;<\/span><span style=\"font-size: 14px;\">28 ao\u00fbt 2025<\/span><\/p>\n<p>\ud83d\udc49 Nombre de places limit\u00e9 \u00e0 20 adultes par visite.<br>\ud83d\udc49 Se pr\u00e9senter 15 minutes avant la d\u00e9gustation \u00e0 la brasserie.<br>\ud83d\udc49 Inscription obligatoire via le formulaire en bas de page.<\/p>\n<p>\ud83d\udc40 Au programme :<br>20 minutes d\u2019explication et d\u2019\u00e9changes autour de la fabrication de nos bi\u00e8res : mati\u00e8res premi\u00e8res, brassage, fermentation, mat\u00e9riel\u2026<\/p>\n<p>Puis, 40 minutes de d\u00e9gustation : vous go\u00fbterez 3 brassins diff\u00e9rents dans une ambiance d\u00e9tendue et chaleureuse.<\/p>\n<p>\ud83d\udcb6 Tarif : 8 \u20ac par adulte<\/p>\n<p>\ud83e\udd73 D\u00e9gustations priv\u00e9es sur demande<br>Vous organisez un anniversaire, un enterrement de vie de gar\u00e7on (ou de jeune fille), ou une sortie en famille ou entre amis ?<br>Nous proposons aussi des visites priv\u00e9es sur rendez-vous, avec d\u00e9gustation, \u00e0 partir de 6 personnes.<br>Contactez-nous pour cr\u00e9er ensemble une exp\u00e9rience sur mesure. \ud83c\udf7a\ud83c\udf89<\/p>\n<p>\ud83d\udce9 R\u00e9servation<br>\u27a1\ufe0f Inscrivez-vous d\u00e8s maintenant pour la date de votre choix :<\/p>\n<p>Contactez-nous directement pour une demande de visite priv\u00e9e :<br>\ud83d\udce7 contact@brasserielaboc.com<\/p>\t\t\t\t\t\t\t\t<\/div>\n\t\t\t\t<\/div>\n\t\t\t\t\t<\/div>\n\t\t\t\t<\/div>\n\t\t<div class=\"elementor-element elementor-element-9561c69 e-flex e-con-boxed e-con e-parent\" data-id=\"9561c69\" data-element_type=\"container\">\n\t\t\t\t\t<div class=\"e-con-inner\">\n\t\t\t\t<div class=\"elementor-element elementor-element-d1f40b8 elementor-widget elementor-widget-wpforms\" data-id=\"d1f40b8\" data-element_type=\"widget\" data-widget_type=\"wpforms.default\">\n\t\t\t\t<div class=\"elementor-widget-container\">\n\t\t\t\t\t<div class=\"wpforms-container wpforms-container-full wpforms-render-modern\" id=\"wpforms-592\"><form id=\"wpforms-form-592\" class=\"wpforms-validate wpforms-form wpforms-ajax-form\" data-formid=\"592\" method=\"post\" enctype=\"multipart\/form-data\" action=\"\/index.php\/wp-json\/wp\/v2\/pages\/568\" data-token=\"baff3e474381611242608bae2e1de8e0\" data-token-time=\"1776572807\"><noscript class=\"wpforms-error-noscript\">Veuillez activer JavaScript dans votre navigateur pour remplir ce formulaire.<\/noscript><div id=\"wpforms-error-noscript\" style=\"display: none;\">Veuillez activer JavaScript dans votre navigateur pour remplir ce formulaire.<\/div><div class=\"wpforms-field-container\"><div id=\"wpforms-592-field_8-container\" class=\"wpforms-field wpforms-field-checkbox\" data-field-id=\"8\"><fieldset><legend class=\"wpforms-field-label\">Date de votre visite<\/legend><ul id=\"wpforms-592-field_8\"><li class=\"choice-3 depth-1\"><input type=\"checkbox\" id=\"wpforms-592-field_8_3\" name=\"wpforms[fields][8][]\" value=\"Jeudi 17 juillet\" aria-errormessage=\"wpforms-592-field_8_3-error\"  ><label class=\"wpforms-field-label-inline\" for=\"wpforms-592-field_8_3\">Jeudi 17 juillet<\/label><\/li><li class=\"choice-6 depth-1\"><input type=\"checkbox\" id=\"wpforms-592-field_8_6\" name=\"wpforms[fields][8][]\" value=\"Jeudi 24 juillet\" aria-errormessage=\"wpforms-592-field_8_6-error\"  ><label class=\"wpforms-field-label-inline\" for=\"wpforms-592-field_8_6\">Jeudi 24 juillet<\/label><\/li><li class=\"choice-5 depth-1\"><input type=\"checkbox\" id=\"wpforms-592-field_8_5\" name=\"wpforms[fields][8][]\" value=\"Jeudi 31 juillet\" aria-errormessage=\"wpforms-592-field_8_5-error\"  ><label class=\"wpforms-field-label-inline\" for=\"wpforms-592-field_8_5\">Jeudi 31 juillet<\/label><\/li><li class=\"choice-4 depth-1\"><input type=\"checkbox\" id=\"wpforms-592-field_8_4\" name=\"wpforms[fields][8][]\" value=\"Jeudi 7 ao\u00fbt\" aria-errormessage=\"wpforms-592-field_8_4-error\"  ><label class=\"wpforms-field-label-inline\" for=\"wpforms-592-field_8_4\">Jeudi 7 ao\u00fbt<\/label><\/li><li class=\"choice-7 depth-1\"><input type=\"checkbox\" id=\"wpforms-592-field_8_7\" name=\"wpforms[fields][8][]\" value=\"Jeudi 14 ao\u00fbt\" aria-errormessage=\"wpforms-592-field_8_7-error\"  ><label class=\"wpforms-field-label-inline\" for=\"wpforms-592-field_8_7\">Jeudi 14 ao\u00fbt<\/label><\/li><li class=\"choice-8 depth-1\"><input type=\"checkbox\" id=\"wpforms-592-field_8_8\" name=\"wpforms[fields][8][]\" value=\"Jeudi 21 ao\u00fbt\" aria-errormessage=\"wpforms-592-field_8_8-error\"  ><label class=\"wpforms-field-label-inline\" for=\"wpforms-592-field_8_8\">Jeudi 21 ao\u00fbt<\/label><\/li><li class=\"choice-9 depth-1\"><input type=\"checkbox\" id=\"wpforms-592-field_8_9\" name=\"wpforms[fields][8][]\" value=\"Jeudi 28 ao\u00fbt\" aria-errormessage=\"wpforms-592-field_8_9-error\"  ><label class=\"wpforms-field-label-inline\" for=\"wpforms-592-field_8_9\">Jeudi 28 ao\u00fbt<\/label><\/li><\/ul><\/fieldset><\/div>\t\t<div id=\"wpforms-592-field_2-container\"\n\t\t\tclass=\"wpforms-field wpforms-field-text\"\n\t\t\tdata-field-type=\"text\"\n\t\t\tdata-field-id=\"2\"\n\t\t\t>\n\t\t\t<label class=\"wpforms-field-label\" for=\"wpforms-592-field_2\" > de Date<\/label>\n\t\t\t<input type=\"text\" id=\"wpforms-592-field_2\" class=\"wpforms-field-medium\" name=\"wpforms[fields][2]\" >\n\t\t<\/div>\n\t\t<div id=\"wpforms-592-field_1-container\" class=\"wpforms-field wpforms-field-name\" data-field-id=\"1\"><fieldset><legend class=\"wpforms-field-label\">Coordonn\u00e9es <span class=\"wpforms-required-label\" aria-hidden=\"true\">*<\/span><\/legend><div class=\"wpforms-field-row wpforms-field-medium\"><div class=\"wpforms-field-row-block wpforms-first wpforms-one-half\"><input type=\"text\" id=\"wpforms-592-field_1\" class=\"wpforms-field-name-first wpforms-field-required\" name=\"wpforms[fields][1][first]\" aria-errormessage=\"wpforms-592-field_1-error\" required><label for=\"wpforms-592-field_1\" class=\"wpforms-field-sublabel after\">Pr\u00e9nom<\/label><\/div><div class=\"wpforms-field-row-block wpforms-one-half\"><input type=\"text\" id=\"wpforms-592-field_1-last\" class=\"wpforms-field-name-last wpforms-field-required\" name=\"wpforms[fields][1][last]\" aria-errormessage=\"wpforms-592-field_1-last-error\" required><label for=\"wpforms-592-field_1-last\" class=\"wpforms-field-sublabel after\">Nom<\/label><\/div><\/div><\/fieldset><\/div><div id=\"wpforms-592-field_7-container\" class=\"wpforms-field wpforms-field-email\" data-field-id=\"7\"><label class=\"wpforms-field-label\" for=\"wpforms-592-field_7\">Email <span class=\"wpforms-required-label\" aria-hidden=\"true\">*<\/span><\/label><input type=\"email\" id=\"wpforms-592-field_7\" class=\"wpforms-field-medium wpforms-field-required\" name=\"wpforms[fields][7]\" spellcheck=\"false\" aria-errormessage=\"wpforms-592-field_7-error\" required><\/div><div id=\"wpforms-592-field_4-container\" class=\"wpforms-field wpforms-field-select wpforms-field-select-style-classic\" data-field-id=\"4\"><label class=\"wpforms-field-label\" for=\"wpforms-592-field_4\">Combien d&#039;adultes seront pr\u00e9sents ? <\/label><select id=\"wpforms-592-field_4\" class=\"wpforms-field-medium\" name=\"wpforms[fields][4]\"><option value=\"Uniquement moi\"  class=\"choice-1 depth-1\"  >Uniquement moi<\/option><option value=\"+1\"  class=\"choice-2 depth-1\"  >+1<\/option><option value=\"+2\"  class=\"choice-3 depth-1\"  >+2<\/option><option value=\"+3\"  class=\"choice-4 depth-1\"  >+3<\/option><option value=\"+4 ou plus\"  class=\"choice-5 depth-1\"  >+4 ou plus<\/option><\/select><\/div><script>\n\t\t\t\t( function() {\n\t\t\t\t\tconst style = document.createElement( 'style' );\n\t\t\t\t\tstyle.appendChild( document.createTextNode( '#wpforms-592-field_2-container { position: absolute !important; overflow: hidden !important; display: inline !important; height: 1px !important; width: 1px !important; z-index: -1000 !important; padding: 0 !important; } #wpforms-592-field_2-container input { visibility: hidden; } #wpforms-conversational-form-page #wpforms-592-field_2-container label { counter-increment: none; }' ) );\n\t\t\t\t\tdocument.head.appendChild( style );\n\t\t\t\t\tdocument.currentScript?.remove();\n\t\t\t\t} )();\n\t\t\t<\/script><\/div><!-- .wpforms-field-container --><div class=\"wpforms-submit-container\" ><input type=\"hidden\" name=\"wpforms[id]\" value=\"592\"><input type=\"hidden\" name=\"page_title\" value=\"\"><input type=\"hidden\" name=\"page_url\" value=\"https:\/\/brasserielaboc.com\/index.php\/wp-json\/wp\/v2\/pages\/568\"><input type=\"hidden\" name=\"url_referer\" value=\"\"><button type=\"submit\" name=\"wpforms[submit]\" id=\"wpforms-submit-592\" class=\"wpforms-submit\" data-alt-text=\"En cours d&#039;envoi\" data-submit-text=\"Envoyer\" aria-live=\"assertive\" value=\"wpforms-submit\">Envoyer<\/button><img decoding=\"async\" src=\"https:\/\/brasserielaboc.com\/wp-content\/plugins\/wpforms-lite\/assets\/images\/submit-spin.svg\" class=\"wpforms-submit-spinner\" style=\"display: none;\" width=\"26\" height=\"26\" alt=\"Chargement en cours\"><\/div><\/form><\/div>  <!-- .wpforms-container -->\t\t\t\t<\/div>\n\t\t\t\t<\/div>\n\t\t\t\t\t<\/div>\n\t\t\t\t<\/div>\n\t\t\t\t<\/div>\n\t\t","protected":false},"excerpt":{"rendered":"<p>Visiter une brasserie artisanale \u00e0 Perpignan en Juillet &amp; Ao\u00fbt 2025 Envie de d\u00e9couvrir les secrets de fabrication de nos bi\u00e8res artisanales ? Cet \u00e9t\u00e9, la Brasserie La BOC de Perpignan vous ouvre ses portes pour des visites guid\u00e9es conviviales, tous les jeudis soir \u00e0 18h, en juillet et ao\u00fbt 2025. \ud83d\uddd3\ufe0f Dates des visites [&hellip;]<\/p>\n","protected":false},"author":1,"featured_media":0,"parent":0,"menu_order":0,"comment_status":"closed","ping_status":"closed","template":"","meta":{"ocean_post_layout":"","ocean_both_sidebars_style":"","ocean_both_sidebars_content_width":0,"ocean_both_sidebars_sidebars_width":0,"ocean_sidebar":"","ocean_second_sidebar":"","ocean_disable_margins":"enable","ocean_add_body_class":"","ocean_shortcode_before_top_bar":"","ocean_shortcode_after_top_bar":"","ocean_shortcode_before_header":"","ocean_shortcode_after_header":"","ocean_has_shortcode":"","ocean_shortcode_after_title":"","ocean_shortcode_before_footer_widgets":"","ocean_shortcode_after_footer_widgets":"","ocean_shortcode_before_footer_bottom":"","ocean_shortcode_after_footer_bottom":"","ocean_display_top_bar":"default","ocean_display_header":"default","ocean_header_style":"","ocean_center_header_left_menu":"","ocean_custom_header_template":"","ocean_custom_logo":0,"ocean_custom_retina_logo":0,"ocean_custom_logo_max_width":0,"ocean_custom_logo_tablet_max_width":0,"ocean_custom_logo_mobile_max_width":0,"ocean_custom_logo_max_height":0,"ocean_custom_logo_tablet_max_height":0,"ocean_custom_logo_mobile_max_height":0,"ocean_header_custom_menu":"","ocean_menu_typo_font_family":"","ocean_menu_typo_font_subset":"","ocean_menu_typo_font_size":0,"ocean_menu_typo_font_size_tablet":0,"ocean_menu_typo_font_size_mobile":0,"ocean_menu_typo_font_size_unit":"px","ocean_menu_typo_font_weight":"","ocean_menu_typo_font_weight_tablet":"","ocean_menu_typo_font_weight_mobile":"","ocean_menu_typo_transform":"","ocean_menu_typo_transform_tablet":"","ocean_menu_typo_transform_mobile":"","ocean_menu_typo_line_height":0,"ocean_menu_typo_line_height_tablet":0,"ocean_menu_typo_line_height_mobile":0,"ocean_menu_typo_line_height_unit":"","ocean_menu_typo_spacing":0,"ocean_menu_typo_spacing_tablet":0,"ocean_menu_typo_spacing_mobile":0,"ocean_menu_typo_spacing_unit":"","ocean_menu_link_color":"","ocean_menu_link_color_hover":"","ocean_menu_link_color_active":"","ocean_menu_link_background":"","ocean_menu_link_hover_background":"","ocean_menu_link_active_background":"","ocean_menu_social_links_bg":"","ocean_menu_social_hover_links_bg":"","ocean_menu_social_links_color":"","ocean_menu_social_hover_links_color":"","ocean_disable_title":"default","ocean_disable_heading":"default","ocean_post_title":"","ocean_post_subheading":"","ocean_post_title_style":"","ocean_post_title_background_color":"","ocean_post_title_background":0,"ocean_post_title_bg_image_position":"","ocean_post_title_bg_image_attachment":"","ocean_post_title_bg_image_repeat":"","ocean_post_title_bg_image_size":"","ocean_post_title_height":0,"ocean_post_title_bg_overlay":0.5,"ocean_post_title_bg_overlay_color":"","ocean_disable_breadcrumbs":"default","ocean_breadcrumbs_color":"","ocean_breadcrumbs_separator_color":"","ocean_breadcrumbs_links_color":"","ocean_breadcrumbs_links_hover_color":"","ocean_display_footer_widgets":"default","ocean_display_footer_bottom":"default","ocean_custom_footer_template":"","footnotes":""},"class_list":["post-568","page","type-page","status-publish","hentry","entry"],"yoast_head":"<!-- This site is optimized with the Yoast SEO plugin v26.7 - https:\/\/yoast.com\/wordpress\/plugins\/seo\/ -->\n<title>Visites guid\u00e9es - Brasserie La BOC<\/title>\n<meta name=\"description\" content=\"Visitez une brasserie artisanale \u00e0 Perpignan cet \u00e9t\u00e9 ! D\u00e9couvrez les secrets de fabrication de nos bi\u00e8res et profitez d\u2019une d\u00e9gustation conviviale chaque jeudi soir en juillet &amp; ao\u00fbt 2025. R\u00e9servation obligatoire.\" \/>\n<meta name=\"robots\" content=\"index, follow, max-snippet:-1, max-image-preview:large, max-video-preview:-1\" \/>\n<link rel=\"canonical\" href=\"https:\/\/brasserielaboc.com\/index.php\/visites-guidees\/\" \/>\n<meta property=\"og:locale\" content=\"fr_FR\" \/>\n<meta property=\"og:type\" content=\"article\" \/>\n<meta property=\"og:title\" content=\"Visites guid\u00e9es - Brasserie La BOC\" \/>\n<meta property=\"og:description\" content=\"Visitez une brasserie artisanale \u00e0 Perpignan cet \u00e9t\u00e9 ! D\u00e9couvrez les secrets de fabrication de nos bi\u00e8res et profitez d\u2019une d\u00e9gustation conviviale chaque jeudi soir en juillet &amp; ao\u00fbt 2025. R\u00e9servation obligatoire.\" \/>\n<meta property=\"og:url\" content=\"https:\/\/brasserielaboc.com\/index.php\/visites-guidees\/\" \/>\n<meta property=\"og:site_name\" content=\"Brasserie La BOC\" \/>\n<meta property=\"article:publisher\" content=\"https:\/\/www.facebook.com\/brasserielaboc\" \/>\n<meta property=\"article:modified_time\" content=\"2025-07-14T13:34:06+00:00\" \/>\n<meta property=\"og:image\" content=\"http:\/\/brasserielaboc.com\/wp-content\/uploads\/2025\/04\/20250411_202437-800x450.jpg\" \/>\n<meta name=\"twitter:card\" content=\"summary_large_image\" \/>\n<meta name=\"twitter:label1\" content=\"Dur\u00e9e de lecture estim\u00e9e\" \/>\n\t<meta name=\"twitter:data1\" content=\"2 minutes\" \/>\n<script type=\"application\/ld+json\" class=\"yoast-schema-graph\">{\"@context\":\"https:\/\/schema.org\",\"@graph\":[{\"@type\":\"WebPage\",\"@id\":\"https:\/\/brasserielaboc.com\/index.php\/visites-guidees\/\",\"url\":\"https:\/\/brasserielaboc.com\/index.php\/visites-guidees\/\",\"name\":\"Visites guid\u00e9es - Brasserie La BOC\",\"isPartOf\":{\"@id\":\"https:\/\/brasserielaboc.com\/#website\"},\"primaryImageOfPage\":{\"@id\":\"https:\/\/brasserielaboc.com\/index.php\/visites-guidees\/#primaryimage\"},\"image\":{\"@id\":\"https:\/\/brasserielaboc.com\/index.php\/visites-guidees\/#primaryimage\"},\"thumbnailUrl\":\"http:\/\/brasserielaboc.com\/wp-content\/uploads\/2025\/04\/20250411_202437-800x450.jpg\",\"datePublished\":\"2025-06-09T18:37:38+00:00\",\"dateModified\":\"2025-07-14T13:34:06+00:00\",\"description\":\"Visitez une brasserie artisanale \u00e0 Perpignan cet \u00e9t\u00e9 ! D\u00e9couvrez les secrets de fabrication de nos bi\u00e8res et profitez d\u2019une d\u00e9gustation conviviale chaque jeudi soir en juillet & ao\u00fbt 2025. R\u00e9servation obligatoire.\",\"breadcrumb\":{\"@id\":\"https:\/\/brasserielaboc.com\/index.php\/visites-guidees\/#breadcrumb\"},\"inLanguage\":\"fr-FR\",\"potentialAction\":[{\"@type\":\"ReadAction\",\"target\":[\"https:\/\/brasserielaboc.com\/index.php\/visites-guidees\/\"]}]},{\"@type\":\"ImageObject\",\"inLanguage\":\"fr-FR\",\"@id\":\"https:\/\/brasserielaboc.com\/index.php\/visites-guidees\/#primaryimage\",\"url\":\"http:\/\/brasserielaboc.com\/wp-content\/uploads\/2025\/04\/20250411_202437-800x450.jpg\",\"contentUrl\":\"http:\/\/brasserielaboc.com\/wp-content\/uploads\/2025\/04\/20250411_202437-800x450.jpg\"},{\"@type\":\"BreadcrumbList\",\"@id\":\"https:\/\/brasserielaboc.com\/index.php\/visites-guidees\/#breadcrumb\",\"itemListElement\":[{\"@type\":\"ListItem\",\"position\":1,\"name\":\"Accueil\",\"item\":\"https:\/\/brasserielaboc.com\/\"},{\"@type\":\"ListItem\",\"position\":2,\"name\":\"Visites guid\u00e9es\"}]},{\"@type\":\"WebSite\",\"@id\":\"https:\/\/brasserielaboc.com\/#website\",\"url\":\"https:\/\/brasserielaboc.com\/\",\"name\":\"Brasserie La BOC\",\"description\":\"Brasserie de Perpignan\",\"publisher\":{\"@id\":\"https:\/\/brasserielaboc.com\/#organization\"},\"potentialAction\":[{\"@type\":\"SearchAction\",\"target\":{\"@type\":\"EntryPoint\",\"urlTemplate\":\"https:\/\/brasserielaboc.com\/?s={search_term_string}\"},\"query-input\":{\"@type\":\"PropertyValueSpecification\",\"valueRequired\":true,\"valueName\":\"search_term_string\"}}],\"inLanguage\":\"fr-FR\"},{\"@type\":\"Organization\",\"@id\":\"https:\/\/brasserielaboc.com\/#organization\",\"name\":\"Brasserie La BOC\",\"url\":\"https:\/\/brasserielaboc.com\/\",\"logo\":{\"@type\":\"ImageObject\",\"inLanguage\":\"fr-FR\",\"@id\":\"https:\/\/brasserielaboc.com\/#\/schema\/logo\/image\/\",\"url\":\"https:\/\/brasserielaboc.com\/wp-content\/uploads\/2025\/01\/cropped-Logo-La-Boc-2.png\",\"contentUrl\":\"https:\/\/brasserielaboc.com\/wp-content\/uploads\/2025\/01\/cropped-Logo-La-Boc-2.png\",\"width\":512,\"height\":512,\"caption\":\"Brasserie La BOC\"},\"image\":{\"@id\":\"https:\/\/brasserielaboc.com\/#\/schema\/logo\/image\/\"},\"sameAs\":[\"https:\/\/www.facebook.com\/brasserielaboc\"]}]}<\/script>\n<!-- \/ Yoast SEO plugin. -->","yoast_head_json":{"title":"Visites guid\u00e9es - Brasserie La BOC","description":"Visitez une brasserie artisanale \u00e0 Perpignan cet \u00e9t\u00e9 ! D\u00e9couvrez les secrets de fabrication de nos bi\u00e8res et profitez d\u2019une d\u00e9gustation conviviale chaque jeudi soir en juillet & ao\u00fbt 2025. R\u00e9servation obligatoire.","robots":{"index":"index","follow":"follow","max-snippet":"max-snippet:-1","max-image-preview":"max-image-preview:large","max-video-preview":"max-video-preview:-1"},"canonical":"https:\/\/brasserielaboc.com\/index.php\/visites-guidees\/","og_locale":"fr_FR","og_type":"article","og_title":"Visites guid\u00e9es - Brasserie La BOC","og_description":"Visitez une brasserie artisanale \u00e0 Perpignan cet \u00e9t\u00e9 ! D\u00e9couvrez les secrets de fabrication de nos bi\u00e8res et profitez d\u2019une d\u00e9gustation conviviale chaque jeudi soir en juillet & ao\u00fbt 2025. R\u00e9servation obligatoire.","og_url":"https:\/\/brasserielaboc.com\/index.php\/visites-guidees\/","og_site_name":"Brasserie La BOC","article_publisher":"https:\/\/www.facebook.com\/brasserielaboc","article_modified_time":"2025-07-14T13:34:06+00:00","og_image":[{"url":"http:\/\/brasserielaboc.com\/wp-content\/uploads\/2025\/04\/20250411_202437-800x450.jpg","type":"","width":"","height":""}],"twitter_card":"summary_large_image","twitter_misc":{"Dur\u00e9e de lecture estim\u00e9e":"2 minutes"},"schema":{"@context":"https:\/\/schema.org","@graph":[{"@type":"WebPage","@id":"https:\/\/brasserielaboc.com\/index.php\/visites-guidees\/","url":"https:\/\/brasserielaboc.com\/index.php\/visites-guidees\/","name":"Visites guid\u00e9es - Brasserie La BOC","isPartOf":{"@id":"https:\/\/brasserielaboc.com\/#website"},"primaryImageOfPage":{"@id":"https:\/\/brasserielaboc.com\/index.php\/visites-guidees\/#primaryimage"},"image":{"@id":"https:\/\/brasserielaboc.com\/index.php\/visites-guidees\/#primaryimage"},"thumbnailUrl":"http:\/\/brasserielaboc.com\/wp-content\/uploads\/2025\/04\/20250411_202437-800x450.jpg","datePublished":"2025-06-09T18:37:38+00:00","dateModified":"2025-07-14T13:34:06+00:00","description":"Visitez une brasserie artisanale \u00e0 Perpignan cet \u00e9t\u00e9 ! D\u00e9couvrez les secrets de fabrication de nos bi\u00e8res et profitez d\u2019une d\u00e9gustation conviviale chaque jeudi soir en juillet & ao\u00fbt 2025. R\u00e9servation obligatoire.","breadcrumb":{"@id":"https:\/\/brasserielaboc.com\/index.php\/visites-guidees\/#breadcrumb"},"inLanguage":"fr-FR","potentialAction":[{"@type":"ReadAction","target":["https:\/\/brasserielaboc.com\/index.php\/visites-guidees\/"]}]},{"@type":"ImageObject","inLanguage":"fr-FR","@id":"https:\/\/brasserielaboc.com\/index.php\/visites-guidees\/#primaryimage","url":"http:\/\/brasserielaboc.com\/wp-content\/uploads\/2025\/04\/20250411_202437-800x450.jpg","contentUrl":"http:\/\/brasserielaboc.com\/wp-content\/uploads\/2025\/04\/20250411_202437-800x450.jpg"},{"@type":"BreadcrumbList","@id":"https:\/\/brasserielaboc.com\/index.php\/visites-guidees\/#breadcrumb","itemListElement":[{"@type":"ListItem","position":1,"name":"Accueil","item":"https:\/\/brasserielaboc.com\/"},{"@type":"ListItem","position":2,"name":"Visites guid\u00e9es"}]},{"@type":"WebSite","@id":"https:\/\/brasserielaboc.com\/#website","url":"https:\/\/brasserielaboc.com\/","name":"Brasserie La BOC","description":"Brasserie de Perpignan","publisher":{"@id":"https:\/\/brasserielaboc.com\/#organization"},"potentialAction":[{"@type":"SearchAction","target":{"@type":"EntryPoint","urlTemplate":"https:\/\/brasserielaboc.com\/?s={search_term_string}"},"query-input":{"@type":"PropertyValueSpecification","valueRequired":true,"valueName":"search_term_string"}}],"inLanguage":"fr-FR"},{"@type":"Organization","@id":"https:\/\/brasserielaboc.com\/#organization","name":"Brasserie La BOC","url":"https:\/\/brasserielaboc.com\/","logo":{"@type":"ImageObject","inLanguage":"fr-FR","@id":"https:\/\/brasserielaboc.com\/#\/schema\/logo\/image\/","url":"https:\/\/brasserielaboc.com\/wp-content\/uploads\/2025\/01\/cropped-Logo-La-Boc-2.png","contentUrl":"https:\/\/brasserielaboc.com\/wp-content\/uploads\/2025\/01\/cropped-Logo-La-Boc-2.png","width":512,"height":512,"caption":"Brasserie La BOC"},"image":{"@id":"https:\/\/brasserielaboc.com\/#\/schema\/logo\/image\/"},"sameAs":["https:\/\/www.facebook.com\/brasserielaboc"]}]}},"_links":{"self":[{"href":"https:\/\/brasserielaboc.com\/index.php\/wp-json\/wp\/v2\/pages\/568","targetHints":{"allow":["GET"]}}],"collection":[{"href":"https:\/\/brasserielaboc.com\/index.php\/wp-json\/wp\/v2\/pages"}],"about":[{"href":"https:\/\/brasserielaboc.com\/index.php\/wp-json\/wp\/v2\/types\/page"}],"author":[{"embeddable":true,"href":"https:\/\/brasserielaboc.com\/index.php\/wp-json\/wp\/v2\/users\/1"}],"replies":[{"embeddable":true,"href":"https:\/\/brasserielaboc.com\/index.php\/wp-json\/wp\/v2\/comments?post=568"}],"version-history":[{"count":37,"href":"https:\/\/brasserielaboc.com\/index.php\/wp-json\/wp\/v2\/pages\/568\/revisions"}],"predecessor-version":[{"id":655,"href":"https:\/\/brasserielaboc.com\/index.php\/wp-json\/wp\/v2\/pages\/568\/revisions\/655"}],"wp:attachment":[{"href":"https:\/\/brasserielaboc.com\/index.php\/wp-json\/wp\/v2\/media?parent=568"}],"curies":[{"name":"wp","href":"https:\/\/api.w.org\/{rel}","templated":true}]}}