{"id":34,"date":"2025-01-06T21:34:28","date_gmt":"2025-01-06T20:34:28","guid":{"rendered":"https:\/\/brasserielaboc.com\/?page_id=34"},"modified":"2026-01-19T15:20:46","modified_gmt":"2026-01-19T14:20:46","slug":"biere-blanche","status":"publish","type":"page","link":"https:\/\/brasserielaboc.com\/index.php\/biere-blanche\/","title":{"rendered":"Bi\u00e8re Blanche"},"content":{"rendered":"\t\t<div data-elementor-type=\"wp-page\" data-elementor-id=\"34\" class=\"elementor elementor-34\">\n\t\t\t\t<div class=\"elementor-element elementor-element-28d06cd e-flex e-con-boxed e-con e-parent\" data-id=\"28d06cd\" data-element_type=\"container\">\n\t\t\t\t\t<div class=\"e-con-inner\">\n\t\t\t\t<div class=\"elementor-element elementor-element-fb99a8c elementor-widget elementor-widget-text-editor\" data-id=\"fb99a8c\" data-element_type=\"widget\" data-widget_type=\"text-editor.default\">\n\t\t\t\t<div class=\"elementor-widget-container\">\n\t\t\t\t\t\t\t\t\t<h4 class=\"cvGsUA direction-ltr align-center para-style-body\"><span class=\"OYPEnA font-feature-liga-off font-feature-clig-off font-feature-calt-off text-decoration-none text-strikethrough-none\">LA BLANCHE 5% alc<\/span><\/h4><p class=\"cvGsUA direction-ltr align-start para-style-body\"><span class=\"OYPEnA font-feature-liga-off font-feature-clig-off font-feature-calt-off text-decoration-none text-strikethrough-none\">Bi\u00e8re l\u00e9g\u00e8re et rafra\u00eechissante avec une faible amertume et une pointe de gingembre. Elle doit sa couleur et son trouble \u00e0 la pr\u00e9sence en quantit\u00e9 plus importante de malt de bl\u00e9.<\/span><\/p><h4 class=\"cvGsUA direction-ltr align-start para-style-body\"><span class=\"OYPEnA font-feature-liga-off font-feature-clig-off font-feature-calt-off text-decoration-none text-strikethrough-none\">ACCORD METS ET BIERES<\/span><\/h4><ul><li><span class=\"OYPEnA font-feature-liga-off font-feature-clig-off font-feature-calt-off text-decoration-none text-strikethrough-none\">Poisson et fruits de mer<\/span><\/li><li><span class=\"OYPEnA font-feature-liga-off font-feature-clig-off font-feature-calt-off text-decoration-none text-strikethrough-none\">Cuisine asiatique<\/span><\/li><li><span class=\"OYPEnA font-feature-liga-off font-feature-clig-off font-feature-calt-off text-decoration-none text-strikethrough-none\">Fromages frais et cr\u00e9meux<\/span><\/li><li><span class=\"OYPEnA font-feature-liga-off font-feature-clig-off font-feature-calt-off text-decoration-none text-strikethrough-none\">Plats l\u00e9gers \u00e0 base de l\u00e9gumes<\/span><\/li><li><span class=\"OYPEnA font-feature-liga-off font-feature-clig-off font-feature-calt-off text-decoration-none text-strikethrough-none\">Desserts aux agrumes<\/span><\/li><\/ul><p class=\"cvGsUA direction-ltr align-start para-style-body\"><span class=\"OYPEnA font-feature-liga-off font-feature-clig-off font-feature-calt-off text-decoration-none text-strikethrough-none\">Ces accords mettront en valeur les ar\u00f4mes d\u00e9licats et \u00e9pic\u00e9s de la bi\u00e8re tout en cr\u00e9ant un contraste agr\u00e9able avec la fra\u00eecheur des plats.<\/span><\/p><p class=\"cvGsUA direction-ltr align-start para-style-body\">Disponible en bouteille 33 cl \/ 50 cl \/ 75 cl\u00a0 et f\u00fbts 30 l<\/p>\t\t\t\t\t\t\t\t<\/div>\n\t\t\t\t<\/div>\n\t\t\t\t\t<\/div>\n\t\t\t\t<\/div>\n\t\t<div class=\"elementor-element elementor-element-3d602ae e-con-full e-flex e-con e-parent\" data-id=\"3d602ae\" data-element_type=\"container\">\n\t\t\t\t<div class=\"elementor-element elementor-element-1b9c9db elementor-widget elementor-widget-image\" data-id=\"1b9c9db\" data-element_type=\"widget\" data-widget_type=\"image.default\">\n\t\t\t\t<div class=\"elementor-widget-container\">\n\t\t\t\t\t\t\t\t\t\t\t\t\t\t\t<img fetchpriority=\"high\" decoding=\"async\" width=\"200\" height=\"300\" src=\"https:\/\/brasserielaboc.com\/wp-content\/uploads\/2025\/04\/file_0000000086c451f7910ae4802a93c2b3_conversation_id67e7957c-6774-8008-a0dd-f2c37153d63dmessage_idbba6177a-07fc-4d44-8901-271ff9ed5cb4-200x300.png\" class=\"attachment-medium size-medium wp-image-531\" alt=\"\" srcset=\"https:\/\/brasserielaboc.com\/wp-content\/uploads\/2025\/04\/file_0000000086c451f7910ae4802a93c2b3_conversation_id67e7957c-6774-8008-a0dd-f2c37153d63dmessage_idbba6177a-07fc-4d44-8901-271ff9ed5cb4-200x300.png 200w, https:\/\/brasserielaboc.com\/wp-content\/uploads\/2025\/04\/file_0000000086c451f7910ae4802a93c2b3_conversation_id67e7957c-6774-8008-a0dd-f2c37153d63dmessage_idbba6177a-07fc-4d44-8901-271ff9ed5cb4-683x1024.png 683w, https:\/\/brasserielaboc.com\/wp-content\/uploads\/2025\/04\/file_0000000086c451f7910ae4802a93c2b3_conversation_id67e7957c-6774-8008-a0dd-f2c37153d63dmessage_idbba6177a-07fc-4d44-8901-271ff9ed5cb4-768x1152.png 768w, https:\/\/brasserielaboc.com\/wp-content\/uploads\/2025\/04\/file_0000000086c451f7910ae4802a93c2b3_conversation_id67e7957c-6774-8008-a0dd-f2c37153d63dmessage_idbba6177a-07fc-4d44-8901-271ff9ed5cb4.png 1024w\" sizes=\"(max-width: 200px) 100vw, 200px\" \/>\t\t\t\t\t\t\t\t\t\t\t\t\t\t\t<\/div>\n\t\t\t\t<\/div>\n\t\t\t\t<\/div>\n\t\t\t\t<\/div>\n\t\t","protected":false},"excerpt":{"rendered":"<p>LA BLANCHE 5% alc Bi\u00e8re l\u00e9g\u00e8re et rafra\u00eechissante avec une faible amertume et une pointe de gingembre. Elle doit sa couleur et son trouble \u00e0 la pr\u00e9sence en quantit\u00e9 plus importante de malt de bl\u00e9. ACCORD METS ET BIERES Poisson et fruits de mer Cuisine asiatique Fromages frais et cr\u00e9meux Plats l\u00e9gers \u00e0 base de [&hellip;]<\/p>\n","protected":false},"author":1,"featured_media":0,"parent":0,"menu_order":0,"comment_status":"closed","ping_status":"closed","template":"","meta":{"ocean_post_layout":"","ocean_both_sidebars_style":"","ocean_both_sidebars_content_width":0,"ocean_both_sidebars_sidebars_width":0,"ocean_sidebar":"","ocean_second_sidebar":"","ocean_disable_margins":"enable","ocean_add_body_class":"","ocean_shortcode_before_top_bar":"","ocean_shortcode_after_top_bar":"","ocean_shortcode_before_header":"","ocean_shortcode_after_header":"","ocean_has_shortcode":"","ocean_shortcode_after_title":"","ocean_shortcode_before_footer_widgets":"","ocean_shortcode_after_footer_widgets":"","ocean_shortcode_before_footer_bottom":"","ocean_shortcode_after_footer_bottom":"","ocean_display_top_bar":"default","ocean_display_header":"default","ocean_header_style":"","ocean_center_header_left_menu":"","ocean_custom_header_template":"","ocean_custom_logo":0,"ocean_custom_retina_logo":0,"ocean_custom_logo_max_width":0,"ocean_custom_logo_tablet_max_width":0,"ocean_custom_logo_mobile_max_width":0,"ocean_custom_logo_max_height":0,"ocean_custom_logo_tablet_max_height":0,"ocean_custom_logo_mobile_max_height":0,"ocean_header_custom_menu":"","ocean_menu_typo_font_family":"","ocean_menu_typo_font_subset":"","ocean_menu_typo_font_size":0,"ocean_menu_typo_font_size_tablet":0,"ocean_menu_typo_font_size_mobile":0,"ocean_menu_typo_font_size_unit":"px","ocean_menu_typo_font_weight":"","ocean_menu_typo_font_weight_tablet":"","ocean_menu_typo_font_weight_mobile":"","ocean_menu_typo_transform":"","ocean_menu_typo_transform_tablet":"","ocean_menu_typo_transform_mobile":"","ocean_menu_typo_line_height":0,"ocean_menu_typo_line_height_tablet":0,"ocean_menu_typo_line_height_mobile":0,"ocean_menu_typo_line_height_unit":"","ocean_menu_typo_spacing":0,"ocean_menu_typo_spacing_tablet":0,"ocean_menu_typo_spacing_mobile":0,"ocean_menu_typo_spacing_unit":"","ocean_menu_link_color":"","ocean_menu_link_color_hover":"","ocean_menu_link_color_active":"","ocean_menu_link_background":"","ocean_menu_link_hover_background":"","ocean_menu_link_active_background":"","ocean_menu_social_links_bg":"","ocean_menu_social_hover_links_bg":"","ocean_menu_social_links_color":"","ocean_menu_social_hover_links_color":"","ocean_disable_title":"default","ocean_disable_heading":"default","ocean_post_title":"","ocean_post_subheading":"","ocean_post_title_style":"","ocean_post_title_background_color":"","ocean_post_title_background":0,"ocean_post_title_bg_image_position":"","ocean_post_title_bg_image_attachment":"","ocean_post_title_bg_image_repeat":"","ocean_post_title_bg_image_size":"","ocean_post_title_height":0,"ocean_post_title_bg_overlay":0.5,"ocean_post_title_bg_overlay_color":"","ocean_disable_breadcrumbs":"default","ocean_breadcrumbs_color":"","ocean_breadcrumbs_separator_color":"","ocean_breadcrumbs_links_color":"","ocean_breadcrumbs_links_hover_color":"","ocean_display_footer_widgets":"default","ocean_display_footer_bottom":"default","ocean_custom_footer_template":"","footnotes":""},"class_list":["post-34","page","type-page","status-publish","hentry","entry"],"yoast_head":"<!-- This site is optimized with the Yoast SEO plugin v26.7 - https:\/\/yoast.com\/wordpress\/plugins\/seo\/ -->\n<title>Bi\u00e8re Blanche - Brasserie La BOC<\/title>\n<meta name=\"robots\" content=\"index, follow, max-snippet:-1, max-image-preview:large, max-video-preview:-1\" \/>\n<link rel=\"canonical\" href=\"https:\/\/brasserielaboc.com\/index.php\/biere-blanche\/\" \/>\n<meta property=\"og:locale\" content=\"fr_FR\" \/>\n<meta property=\"og:type\" content=\"article\" \/>\n<meta property=\"og:title\" content=\"Bi\u00e8re Blanche - Brasserie La BOC\" \/>\n<meta property=\"og:description\" content=\"LA BLANCHE 5% alc Bi\u00e8re l\u00e9g\u00e8re et rafra\u00eechissante avec une faible amertume et une pointe de gingembre. Elle doit sa couleur et son trouble \u00e0 la pr\u00e9sence en quantit\u00e9 plus importante de malt de bl\u00e9. ACCORD METS ET BIERES Poisson et fruits de mer Cuisine asiatique Fromages frais et cr\u00e9meux Plats l\u00e9gers \u00e0 base de [&hellip;]\" \/>\n<meta property=\"og:url\" content=\"https:\/\/brasserielaboc.com\/index.php\/biere-blanche\/\" \/>\n<meta property=\"og:site_name\" content=\"Brasserie La BOC\" \/>\n<meta property=\"article:publisher\" content=\"https:\/\/www.facebook.com\/brasserielaboc\" \/>\n<meta property=\"article:modified_time\" content=\"2026-01-19T14:20:46+00:00\" \/>\n<meta property=\"og:image\" content=\"http:\/\/brasserielaboc.com\/wp-content\/uploads\/2025\/04\/file_0000000086c451f7910ae4802a93c2b3_conversation_id67e7957c-6774-8008-a0dd-f2c37153d63dmessage_idbba6177a-07fc-4d44-8901-271ff9ed5cb4-200x300.png\" \/>\n<meta name=\"twitter:card\" content=\"summary_large_image\" \/>\n<meta name=\"twitter:label1\" content=\"Dur\u00e9e de lecture estim\u00e9e\" \/>\n\t<meta name=\"twitter:data1\" content=\"1 minute\" \/>\n<script type=\"application\/ld+json\" class=\"yoast-schema-graph\">{\"@context\":\"https:\/\/schema.org\",\"@graph\":[{\"@type\":\"WebPage\",\"@id\":\"https:\/\/brasserielaboc.com\/index.php\/biere-blanche\/\",\"url\":\"https:\/\/brasserielaboc.com\/index.php\/biere-blanche\/\",\"name\":\"Bi\u00e8re Blanche - Brasserie La BOC\",\"isPartOf\":{\"@id\":\"https:\/\/brasserielaboc.com\/#website\"},\"primaryImageOfPage\":{\"@id\":\"https:\/\/brasserielaboc.com\/index.php\/biere-blanche\/#primaryimage\"},\"image\":{\"@id\":\"https:\/\/brasserielaboc.com\/index.php\/biere-blanche\/#primaryimage\"},\"thumbnailUrl\":\"http:\/\/brasserielaboc.com\/wp-content\/uploads\/2025\/04\/file_0000000086c451f7910ae4802a93c2b3_conversation_id67e7957c-6774-8008-a0dd-f2c37153d63dmessage_idbba6177a-07fc-4d44-8901-271ff9ed5cb4-200x300.png\",\"datePublished\":\"2025-01-06T20:34:28+00:00\",\"dateModified\":\"2026-01-19T14:20:46+00:00\",\"breadcrumb\":{\"@id\":\"https:\/\/brasserielaboc.com\/index.php\/biere-blanche\/#breadcrumb\"},\"inLanguage\":\"fr-FR\",\"potentialAction\":[{\"@type\":\"ReadAction\",\"target\":[\"https:\/\/brasserielaboc.com\/index.php\/biere-blanche\/\"]}]},{\"@type\":\"ImageObject\",\"inLanguage\":\"fr-FR\",\"@id\":\"https:\/\/brasserielaboc.com\/index.php\/biere-blanche\/#primaryimage\",\"url\":\"https:\/\/brasserielaboc.com\/wp-content\/uploads\/2025\/04\/file_0000000086c451f7910ae4802a93c2b3_conversation_id67e7957c-6774-8008-a0dd-f2c37153d63dmessage_idbba6177a-07fc-4d44-8901-271ff9ed5cb4.png\",\"contentUrl\":\"https:\/\/brasserielaboc.com\/wp-content\/uploads\/2025\/04\/file_0000000086c451f7910ae4802a93c2b3_conversation_id67e7957c-6774-8008-a0dd-f2c37153d63dmessage_idbba6177a-07fc-4d44-8901-271ff9ed5cb4.png\",\"width\":1024,\"height\":1536},{\"@type\":\"BreadcrumbList\",\"@id\":\"https:\/\/brasserielaboc.com\/index.php\/biere-blanche\/#breadcrumb\",\"itemListElement\":[{\"@type\":\"ListItem\",\"position\":1,\"name\":\"Accueil\",\"item\":\"https:\/\/brasserielaboc.com\/\"},{\"@type\":\"ListItem\",\"position\":2,\"name\":\"Bi\u00e8re Blanche\"}]},{\"@type\":\"WebSite\",\"@id\":\"https:\/\/brasserielaboc.com\/#website\",\"url\":\"https:\/\/brasserielaboc.com\/\",\"name\":\"Brasserie La BOC\",\"description\":\"Brasserie de Perpignan\",\"publisher\":{\"@id\":\"https:\/\/brasserielaboc.com\/#organization\"},\"potentialAction\":[{\"@type\":\"SearchAction\",\"target\":{\"@type\":\"EntryPoint\",\"urlTemplate\":\"https:\/\/brasserielaboc.com\/?s={search_term_string}\"},\"query-input\":{\"@type\":\"PropertyValueSpecification\",\"valueRequired\":true,\"valueName\":\"search_term_string\"}}],\"inLanguage\":\"fr-FR\"},{\"@type\":\"Organization\",\"@id\":\"https:\/\/brasserielaboc.com\/#organization\",\"name\":\"Brasserie La BOC\",\"url\":\"https:\/\/brasserielaboc.com\/\",\"logo\":{\"@type\":\"ImageObject\",\"inLanguage\":\"fr-FR\",\"@id\":\"https:\/\/brasserielaboc.com\/#\/schema\/logo\/image\/\",\"url\":\"https:\/\/brasserielaboc.com\/wp-content\/uploads\/2025\/01\/cropped-Logo-La-Boc-2.png\",\"contentUrl\":\"https:\/\/brasserielaboc.com\/wp-content\/uploads\/2025\/01\/cropped-Logo-La-Boc-2.png\",\"width\":512,\"height\":512,\"caption\":\"Brasserie La BOC\"},\"image\":{\"@id\":\"https:\/\/brasserielaboc.com\/#\/schema\/logo\/image\/\"},\"sameAs\":[\"https:\/\/www.facebook.com\/brasserielaboc\"]}]}<\/script>\n<!-- \/ Yoast SEO plugin. -->","yoast_head_json":{"title":"Bi\u00e8re Blanche - Brasserie La BOC","robots":{"index":"index","follow":"follow","max-snippet":"max-snippet:-1","max-image-preview":"max-image-preview:large","max-video-preview":"max-video-preview:-1"},"canonical":"https:\/\/brasserielaboc.com\/index.php\/biere-blanche\/","og_locale":"fr_FR","og_type":"article","og_title":"Bi\u00e8re Blanche - Brasserie La BOC","og_description":"LA BLANCHE 5% alc Bi\u00e8re l\u00e9g\u00e8re et rafra\u00eechissante avec une faible amertume et une pointe de gingembre. Elle doit sa couleur et son trouble \u00e0 la pr\u00e9sence en quantit\u00e9 plus importante de malt de bl\u00e9. ACCORD METS ET BIERES Poisson et fruits de mer Cuisine asiatique Fromages frais et cr\u00e9meux Plats l\u00e9gers \u00e0 base de [&hellip;]","og_url":"https:\/\/brasserielaboc.com\/index.php\/biere-blanche\/","og_site_name":"Brasserie La BOC","article_publisher":"https:\/\/www.facebook.com\/brasserielaboc","article_modified_time":"2026-01-19T14:20:46+00:00","og_image":[{"url":"http:\/\/brasserielaboc.com\/wp-content\/uploads\/2025\/04\/file_0000000086c451f7910ae4802a93c2b3_conversation_id67e7957c-6774-8008-a0dd-f2c37153d63dmessage_idbba6177a-07fc-4d44-8901-271ff9ed5cb4-200x300.png","type":"","width":"","height":""}],"twitter_card":"summary_large_image","twitter_misc":{"Dur\u00e9e de lecture estim\u00e9e":"1 minute"},"schema":{"@context":"https:\/\/schema.org","@graph":[{"@type":"WebPage","@id":"https:\/\/brasserielaboc.com\/index.php\/biere-blanche\/","url":"https:\/\/brasserielaboc.com\/index.php\/biere-blanche\/","name":"Bi\u00e8re Blanche - Brasserie La BOC","isPartOf":{"@id":"https:\/\/brasserielaboc.com\/#website"},"primaryImageOfPage":{"@id":"https:\/\/brasserielaboc.com\/index.php\/biere-blanche\/#primaryimage"},"image":{"@id":"https:\/\/brasserielaboc.com\/index.php\/biere-blanche\/#primaryimage"},"thumbnailUrl":"http:\/\/brasserielaboc.com\/wp-content\/uploads\/2025\/04\/file_0000000086c451f7910ae4802a93c2b3_conversation_id67e7957c-6774-8008-a0dd-f2c37153d63dmessage_idbba6177a-07fc-4d44-8901-271ff9ed5cb4-200x300.png","datePublished":"2025-01-06T20:34:28+00:00","dateModified":"2026-01-19T14:20:46+00:00","breadcrumb":{"@id":"https:\/\/brasserielaboc.com\/index.php\/biere-blanche\/#breadcrumb"},"inLanguage":"fr-FR","potentialAction":[{"@type":"ReadAction","target":["https:\/\/brasserielaboc.com\/index.php\/biere-blanche\/"]}]},{"@type":"ImageObject","inLanguage":"fr-FR","@id":"https:\/\/brasserielaboc.com\/index.php\/biere-blanche\/#primaryimage","url":"https:\/\/brasserielaboc.com\/wp-content\/uploads\/2025\/04\/file_0000000086c451f7910ae4802a93c2b3_conversation_id67e7957c-6774-8008-a0dd-f2c37153d63dmessage_idbba6177a-07fc-4d44-8901-271ff9ed5cb4.png","contentUrl":"https:\/\/brasserielaboc.com\/wp-content\/uploads\/2025\/04\/file_0000000086c451f7910ae4802a93c2b3_conversation_id67e7957c-6774-8008-a0dd-f2c37153d63dmessage_idbba6177a-07fc-4d44-8901-271ff9ed5cb4.png","width":1024,"height":1536},{"@type":"BreadcrumbList","@id":"https:\/\/brasserielaboc.com\/index.php\/biere-blanche\/#breadcrumb","itemListElement":[{"@type":"ListItem","position":1,"name":"Accueil","item":"https:\/\/brasserielaboc.com\/"},{"@type":"ListItem","position":2,"name":"Bi\u00e8re Blanche"}]},{"@type":"WebSite","@id":"https:\/\/brasserielaboc.com\/#website","url":"https:\/\/brasserielaboc.com\/","name":"Brasserie La BOC","description":"Brasserie de Perpignan","publisher":{"@id":"https:\/\/brasserielaboc.com\/#organization"},"potentialAction":[{"@type":"SearchAction","target":{"@type":"EntryPoint","urlTemplate":"https:\/\/brasserielaboc.com\/?s={search_term_string}"},"query-input":{"@type":"PropertyValueSpecification","valueRequired":true,"valueName":"search_term_string"}}],"inLanguage":"fr-FR"},{"@type":"Organization","@id":"https:\/\/brasserielaboc.com\/#organization","name":"Brasserie La BOC","url":"https:\/\/brasserielaboc.com\/","logo":{"@type":"ImageObject","inLanguage":"fr-FR","@id":"https:\/\/brasserielaboc.com\/#\/schema\/logo\/image\/","url":"https:\/\/brasserielaboc.com\/wp-content\/uploads\/2025\/01\/cropped-Logo-La-Boc-2.png","contentUrl":"https:\/\/brasserielaboc.com\/wp-content\/uploads\/2025\/01\/cropped-Logo-La-Boc-2.png","width":512,"height":512,"caption":"Brasserie La BOC"},"image":{"@id":"https:\/\/brasserielaboc.com\/#\/schema\/logo\/image\/"},"sameAs":["https:\/\/www.facebook.com\/brasserielaboc"]}]}},"_links":{"self":[{"href":"https:\/\/brasserielaboc.com\/index.php\/wp-json\/wp\/v2\/pages\/34","targetHints":{"allow":["GET"]}}],"collection":[{"href":"https:\/\/brasserielaboc.com\/index.php\/wp-json\/wp\/v2\/pages"}],"about":[{"href":"https:\/\/brasserielaboc.com\/index.php\/wp-json\/wp\/v2\/types\/page"}],"author":[{"embeddable":true,"href":"https:\/\/brasserielaboc.com\/index.php\/wp-json\/wp\/v2\/users\/1"}],"replies":[{"embeddable":true,"href":"https:\/\/brasserielaboc.com\/index.php\/wp-json\/wp\/v2\/comments?post=34"}],"version-history":[{"count":22,"href":"https:\/\/brasserielaboc.com\/index.php\/wp-json\/wp\/v2\/pages\/34\/revisions"}],"predecessor-version":[{"id":739,"href":"https:\/\/brasserielaboc.com\/index.php\/wp-json\/wp\/v2\/pages\/34\/revisions\/739"}],"wp:attachment":[{"href":"https:\/\/brasserielaboc.com\/index.php\/wp-json\/wp\/v2\/media?parent=34"}],"curies":[{"name":"wp","href":"https:\/\/api.w.org\/{rel}","templated":true}]}}