{"id":19,"date":"2025-01-06T21:22:56","date_gmt":"2025-01-06T20:22:56","guid":{"rendered":"https:\/\/brasserielaboc.com\/?page_id=19"},"modified":"2026-01-19T14:37:20","modified_gmt":"2026-01-19T13:37:20","slug":"brasserie-artisanale-la-boc","status":"publish","type":"page","link":"https:\/\/brasserielaboc.com\/","title":{"rendered":"Accueil"},"content":{"rendered":"\t\t<div data-elementor-type=\"wp-page\" data-elementor-id=\"19\" class=\"elementor elementor-19\">\n\t\t\t\t<div class=\"elementor-element elementor-element-3307b63 e-flex e-con-boxed e-con e-parent\" data-id=\"3307b63\" data-element_type=\"container\">\n\t\t\t\t\t<div class=\"e-con-inner\">\n\t\t\t\t<div class=\"elementor-element elementor-element-bf88868 elementor-widget elementor-widget-heading\" data-id=\"bf88868\" data-element_type=\"widget\" data-widget_type=\"heading.default\">\n\t\t\t\t<div class=\"elementor-widget-container\">\n\t\t\t\t\t<h1 class=\"elementor-heading-title elementor-size-default\">Brasserie Artisanale La BOC<\/h1>\t\t\t\t<\/div>\n\t\t\t\t<\/div>\n\t\t\t\t<div class=\"elementor-element elementor-element-657d1dd elementor-widget elementor-widget-image\" data-id=\"657d1dd\" data-element_type=\"widget\" data-widget_type=\"image.default\">\n\t\t\t\t<div class=\"elementor-widget-container\">\n\t\t\t\t\t\t\t\t\t\t\t\t\t\t\t<img fetchpriority=\"high\" decoding=\"async\" width=\"768\" height=\"388\" src=\"https:\/\/brasserielaboc.com\/wp-content\/uploads\/2025\/01\/photos-cuves-2-768x388.jpg\" class=\"attachment-medium_large size-medium_large wp-image-14\" alt=\"\" srcset=\"https:\/\/brasserielaboc.com\/wp-content\/uploads\/2025\/01\/photos-cuves-2-768x388.jpg 768w, https:\/\/brasserielaboc.com\/wp-content\/uploads\/2025\/01\/photos-cuves-2-300x152.jpg 300w, https:\/\/brasserielaboc.com\/wp-content\/uploads\/2025\/01\/photos-cuves-2-1024x517.jpg 1024w, https:\/\/brasserielaboc.com\/wp-content\/uploads\/2025\/01\/photos-cuves-2-1536x776.jpg 1536w, https:\/\/brasserielaboc.com\/wp-content\/uploads\/2025\/01\/photos-cuves-2-2048x1034.jpg 2048w\" sizes=\"(max-width: 768px) 100vw, 768px\" \/>\t\t\t\t\t\t\t\t\t\t\t\t\t\t\t<\/div>\n\t\t\t\t<\/div>\n\t\t\t\t<div class=\"elementor-element elementor-element-abc429f elementor-widget elementor-widget-heading\" data-id=\"abc429f\" data-element_type=\"widget\" data-widget_type=\"heading.default\">\n\t\t\t\t<div class=\"elementor-widget-container\">\n\t\t\t\t\t<h2 class=\"elementor-heading-title elementor-size-default\">Brasserie Artisanale La Boc - Bi\u00e8res Artisanales \u00e0 Perpignan<\/h2>\t\t\t\t<\/div>\n\t\t\t\t<\/div>\n\t\t\t\t<div class=\"elementor-element elementor-element-0d56860 elementor-widget elementor-widget-text-editor\" data-id=\"0d56860\" data-element_type=\"widget\" data-widget_type=\"text-editor.default\">\n\t\t\t\t<div class=\"elementor-widget-container\">\n\t\t\t\t\t\t\t\t\t<p>Bienvenue \u00e0 la <strong>Brasserie Artisanale La Boc<\/strong>, situ\u00e9e en plein c\u0153ur de Perpignan dans le 66 et cr\u00e9\u00e9e en 2014. Nous y brassons des bi\u00e8res artisanales de qualit\u00e9, avec passion et savoir-faire. D\u00e9couvrez notre gamme unique de <strong>bi\u00e8res permanentes<\/strong> et\u00a0<strong>\u00e9ph\u00e9m\u00e8res<\/strong>, soigneusement \u00e9labor\u00e9es pour offrir une exp\u00e9rience gustative inoubliable.<\/p><p><strong>Des Bi\u00e8res Artisanales de Qualit\u00e9 \u00e0 Perpignan<\/strong><br \/>\u00c0 la <strong>Brasserie La Boc<\/strong>, nous mettons un point d&rsquo;honneur \u00e0 s\u00e9lectionner des ingr\u00e9dients locaux et de qualit\u00e9. Chaque bi\u00e8re est <strong>brass\u00e9e avec soin,\u00a0<\/strong>respect du produit et dans le respect des traditions brassicoles artisanales. Nos bi\u00e8res sont <strong>non filtr\u00e9es et non pasteuris\u00e9es<\/strong>, afin de pr\u00e9server tous leurs ar\u00f4mes naturels et leur caract\u00e8re unique. Elles sont \u00e9galement <strong>referment\u00e9es en bouteilles<\/strong>, garantissant une fra\u00eecheur optimale et une \u00e9volution des saveurs au fil du temps.<\/p><p><strong>Engagement \u00c9coresponsable et Local<\/strong><br \/>Nous choisissons nos fournisseurs avec soin pour offrir un produit local, <strong>\u00e9coresponsable<\/strong>, et respectueux de l&rsquo;environnement. L&rsquo;engagement de la <strong>Brasserie La Boc<\/strong> se refl\u00e8te dans chaque aspect de notre production, afin de vous proposer des bi\u00e8res qui correspondent \u00e0 nos valeurs de qualit\u00e9 et de durabilit\u00e9. La brasserie a r\u00e9cemment \u00e9t\u00e9 certifi\u00e9e BIO.<\/p><p><strong>Venez D\u00e9couvrir nos Bi\u00e8res \u00e0 Perpignan<\/strong><br \/>Que vous soyez un amateur de bi\u00e8res artisanales ou un connaisseur en qu\u00eate de nouvelles saveurs, la <strong>Brasserie La Boc<\/strong> \u00e0 Perpignan est le lieu id\u00e9al pour savourer des bi\u00e8res locales d&rsquo;exception.<\/p>\t\t\t\t\t\t\t\t<\/div>\n\t\t\t\t<\/div>\n\t\t\t\t<div class=\"elementor-element elementor-element-c43aced elementor-widget elementor-widget-text-editor\" data-id=\"c43aced\" data-element_type=\"widget\" data-widget_type=\"text-editor.default\">\n\t\t\t\t<div class=\"elementor-widget-container\">\n\t\t\t\t\t\t\t\t\t<p><strong>Boutique ouverte au public les Mercredi 17h30 \u00e0 19h30,\u00a0 Jeudi et Vendredi de 15h 30 \u00e0 18 h.<\/strong><\/p>\t\t\t\t\t\t\t\t<\/div>\n\t\t\t\t<\/div>\n\t\t\t\t\t<\/div>\n\t\t\t\t<\/div>\n\t\t<div class=\"elementor-element elementor-element-e3a93a4 e-flex e-con-boxed e-con e-parent\" data-id=\"e3a93a4\" data-element_type=\"container\">\n\t\t\t\t\t<div class=\"e-con-inner\">\n\t\t\t\t<div class=\"elementor-element elementor-element-73d9921 elementor-widget elementor-widget-google_maps\" data-id=\"73d9921\" data-element_type=\"widget\" data-widget_type=\"google_maps.default\">\n\t\t\t\t<div class=\"elementor-widget-container\">\n\t\t\t\t\t\t\t<div class=\"elementor-custom-embed\">\n\t\t\t<iframe loading=\"lazy\"\n\t\t\t\t\tsrc=\"https:\/\/maps.google.com\/maps?q=3%20rue%20Marceline%20Desbordes%2066000%20Perpignan&#038;t=m&#038;z=11&#038;output=embed&#038;iwloc=near\"\n\t\t\t\t\ttitle=\"3 rue Marceline Desbordes 66000 Perpignan\"\n\t\t\t\t\taria-label=\"3 rue Marceline Desbordes 66000 Perpignan\"\n\t\t\t><\/iframe>\n\t\t<\/div>\n\t\t\t\t\t\t<\/div>\n\t\t\t\t<\/div>\n\t\t\t\t\t<\/div>\n\t\t\t\t<\/div>\n\t\t<div class=\"elementor-element elementor-element-d30001e e-flex e-con-boxed e-con e-parent\" data-id=\"d30001e\" data-element_type=\"container\">\n\t\t\t\t\t<div class=\"e-con-inner\">\n\t\t\t\t<div class=\"elementor-element elementor-element-9c9ae2b elementor-widget elementor-widget-text-editor\" data-id=\"9c9ae2b\" data-element_type=\"widget\" data-widget_type=\"text-editor.default\">\n\t\t\t\t<div class=\"elementor-widget-container\">\n\t\t\t\t\t\t\t\t\t<p>A la brasserie vous pourrez\u00a0 acheter directement au producteur notre gamme de bi\u00e8re bouteille artisanale en 33 cl et en 75cl.<\/p><p>Nous proposons des coffrets cadeaux pour No\u00ebl, anniversaire, Saint Valentin, f\u00eate des p\u00e8res ou des m\u00e8res tout au long de l&rsquo;ann\u00e9e.\u00a0<\/p><p>Nous r\u00e9alisons \u00e9galement de la\u00a0<a href=\"https:\/\/brasserielaboc.com\/index.php\/location-de-tireuses-a-biere\/\">location de tireuse \u00e0 bi\u00e8re<\/a> pour tous vos \u00e9v\u00e8nements festifs dans les Pyr\u00e9n\u00e9es-Orientales (66).<\/p>\t\t\t\t\t\t\t\t<\/div>\n\t\t\t\t<\/div>\n\t\t\t\t\t<\/div>\n\t\t\t\t<\/div>\n\t\t<div class=\"elementor-element elementor-element-b856e43 e-flex e-con-boxed e-con e-parent\" data-id=\"b856e43\" data-element_type=\"container\">\n\t\t\t\t\t<div class=\"e-con-inner\">\n\t\t\t\t<div class=\"elementor-element elementor-element-00d5212 elementor-shape-rounded elementor-grid-0 e-grid-align-center elementor-widget elementor-widget-social-icons\" data-id=\"00d5212\" data-element_type=\"widget\" data-widget_type=\"social-icons.default\">\n\t\t\t\t<div class=\"elementor-widget-container\">\n\t\t\t\t\t\t\t<div class=\"elementor-social-icons-wrapper elementor-grid\" role=\"list\">\n\t\t\t\t\t\t\t<span class=\"elementor-grid-item\" role=\"listitem\">\n\t\t\t\t\t<a class=\"elementor-icon elementor-social-icon elementor-social-icon-facebook elementor-repeater-item-ec7e54a\" href=\"https:\/\/www.facebook.com\/people\/La-Boc-Brasserie-Artisanale\/61566636456723\/\" target=\"_blank\">\n\t\t\t\t\t\t<span class=\"elementor-screen-only\">Facebook<\/span>\n\t\t\t\t\t\t<svg class=\"e-font-icon-svg e-fab-facebook\" viewBox=\"0 0 512 512\" xmlns=\"http:\/\/www.w3.org\/2000\/svg\"><path d=\"M504 256C504 119 393 8 256 8S8 119 8 256c0 123.78 90.69 226.38 209.25 245V327.69h-63V256h63v-54.64c0-62.15 37-96.48 93.67-96.48 27.14 0 55.52 4.84 55.52 4.84v61h-31.28c-30.8 0-40.41 19.12-40.41 38.73V256h68.78l-11 71.69h-57.78V501C413.31 482.38 504 379.78 504 256z\"><\/path><\/svg>\t\t\t\t\t<\/a>\n\t\t\t\t<\/span>\n\t\t\t\t\t\t\t<span class=\"elementor-grid-item\" role=\"listitem\">\n\t\t\t\t\t<a class=\"elementor-icon elementor-social-icon elementor-social-icon-instagram elementor-repeater-item-a2f2b70\" href=\"https:\/\/www.instagram.com\/la.boc.brasserie.artisanale\/?igsh=dW00NTc0YmU1M2E2#\" target=\"_blank\">\n\t\t\t\t\t\t<span class=\"elementor-screen-only\">Instagram<\/span>\n\t\t\t\t\t\t<svg class=\"e-font-icon-svg e-fab-instagram\" viewBox=\"0 0 448 512\" xmlns=\"http:\/\/www.w3.org\/2000\/svg\"><path d=\"M224.1 141c-63.6 0-114.9 51.3-114.9 114.9s51.3 114.9 114.9 114.9S339 319.5 339 255.9 287.7 141 224.1 141zm0 189.6c-41.1 0-74.7-33.5-74.7-74.7s33.5-74.7 74.7-74.7 74.7 33.5 74.7 74.7-33.6 74.7-74.7 74.7zm146.4-194.3c0 14.9-12 26.8-26.8 26.8-14.9 0-26.8-12-26.8-26.8s12-26.8 26.8-26.8 26.8 12 26.8 26.8zm76.1 27.2c-1.7-35.9-9.9-67.7-36.2-93.9-26.2-26.2-58-34.4-93.9-36.2-37-2.1-147.9-2.1-184.9 0-35.8 1.7-67.6 9.9-93.9 36.1s-34.4 58-36.2 93.9c-2.1 37-2.1 147.9 0 184.9 1.7 35.9 9.9 67.7 36.2 93.9s58 34.4 93.9 36.2c37 2.1 147.9 2.1 184.9 0 35.9-1.7 67.7-9.9 93.9-36.2 26.2-26.2 34.4-58 36.2-93.9 2.1-37 2.1-147.8 0-184.8zM398.8 388c-7.8 19.6-22.9 34.7-42.6 42.6-29.5 11.7-99.5 9-132.1 9s-102.7 2.6-132.1-9c-19.6-7.8-34.7-22.9-42.6-42.6-11.7-29.5-9-99.5-9-132.1s-2.6-102.7 9-132.1c7.8-19.6 22.9-34.7 42.6-42.6 29.5-11.7 99.5-9 132.1-9s102.7-2.6 132.1 9c19.6 7.8 34.7 22.9 42.6 42.6 11.7 29.5 9 99.5 9 132.1s2.7 102.7-9 132.1z\"><\/path><\/svg>\t\t\t\t\t<\/a>\n\t\t\t\t<\/span>\n\t\t\t\t\t\t\t<span class=\"elementor-grid-item\" role=\"listitem\">\n\t\t\t\t\t<a class=\"elementor-icon elementor-social-icon elementor-social-icon-linkedin elementor-repeater-item-47d13fa\" target=\"_blank\">\n\t\t\t\t\t\t<span class=\"elementor-screen-only\">Linkedin<\/span>\n\t\t\t\t\t\t<svg class=\"e-font-icon-svg e-fab-linkedin\" viewBox=\"0 0 448 512\" xmlns=\"http:\/\/www.w3.org\/2000\/svg\"><path d=\"M416 32H31.9C14.3 32 0 46.5 0 64.3v383.4C0 465.5 14.3 480 31.9 480H416c17.6 0 32-14.5 32-32.3V64.3c0-17.8-14.4-32.3-32-32.3zM135.4 416H69V202.2h66.5V416zm-33.2-243c-21.3 0-38.5-17.3-38.5-38.5S80.9 96 102.2 96c21.2 0 38.5 17.3 38.5 38.5 0 21.3-17.2 38.5-38.5 38.5zm282.1 243h-66.4V312c0-24.8-.5-56.7-34.5-56.7-34.6 0-39.9 27-39.9 54.9V416h-66.4V202.2h63.7v29.2h.9c8.9-16.8 30.6-34.5 62.9-34.5 67.2 0 79.7 44.3 79.7 101.9V416z\"><\/path><\/svg>\t\t\t\t\t<\/a>\n\t\t\t\t<\/span>\n\t\t\t\t\t<\/div>\n\t\t\t\t\t\t<\/div>\n\t\t\t\t<\/div>\n\t\t\t\t<div class=\"elementor-element elementor-element-2455c26 elementor-widget elementor-widget-text-editor\" data-id=\"2455c26\" data-element_type=\"widget\" data-widget_type=\"text-editor.default\">\n\t\t\t\t<div class=\"elementor-widget-container\">\n\t\t\t\t\t\t\t\t\t<blockquote><span style=\"font-weight: normal;\">\u00a0\u00bb Notre projet a b\u00e9n\u00e9fici\u00e9 d\u2019un financement par un outil financier abond\u00e9 par la R\u00e9gion Occitanie. Pr\u00eats et Garanties Occitanie, des solutions simples et s\u00e9curisantes pour le d\u00e9veloppement de notre activit\u00e9. \u00bb<\/span><\/blockquote>\t\t\t\t\t\t\t\t<\/div>\n\t\t\t\t<\/div>\n\t\t\t\t<div class=\"elementor-element elementor-element-54da1c9 elementor-widget elementor-widget-image\" data-id=\"54da1c9\" data-element_type=\"widget\" data-widget_type=\"image.default\">\n\t\t\t\t<div class=\"elementor-widget-container\">\n\t\t\t\t\t\t\t\t\t\t\t\t\t\t\t<img decoding=\"async\" src=\"https:\/\/brasserielaboc.com\/wp-content\/uploads\/2025\/06\/region.png\" title=\"r\u00e9gion\" alt=\"r\u00e9gion\" loading=\"lazy\" \/>\t\t\t\t\t\t\t\t\t\t\t\t\t\t\t<\/div>\n\t\t\t\t<\/div>\n\t\t\t\t\t<\/div>\n\t\t\t\t<\/div>\n\t\t<div class=\"elementor-element elementor-element-3db64b0 e-grid e-con-boxed e-con e-parent\" data-id=\"3db64b0\" data-element_type=\"container\">\n\t\t\t\t\t<div class=\"e-con-inner\">\n\t\t\t\t\t<\/div>\n\t\t\t\t<\/div>\n\t\t\t\t<\/div>\n\t\t","protected":false},"excerpt":{"rendered":"<p>Brasserie Artisanale La BOC Brasserie Artisanale La Boc &#8211; Bi\u00e8res Artisanales \u00e0 Perpignan Bienvenue \u00e0 la Brasserie Artisanale La Boc, situ\u00e9e en plein c\u0153ur de Perpignan dans le 66 et cr\u00e9\u00e9e en 2014. Nous y brassons des bi\u00e8res artisanales de qualit\u00e9, avec passion et savoir-faire. D\u00e9couvrez notre gamme unique de bi\u00e8res permanentes et\u00a0\u00e9ph\u00e9m\u00e8res, soigneusement \u00e9labor\u00e9es [&hellip;]<\/p>\n","protected":false},"author":1,"featured_media":0,"parent":0,"menu_order":0,"comment_status":"closed","ping_status":"closed","template":"","meta":{"ocean_post_layout":"","ocean_both_sidebars_style":"","ocean_both_sidebars_content_width":0,"ocean_both_sidebars_sidebars_width":0,"ocean_sidebar":"","ocean_second_sidebar":"","ocean_disable_margins":"enable","ocean_add_body_class":"","ocean_shortcode_before_top_bar":"","ocean_shortcode_after_top_bar":"","ocean_shortcode_before_header":"","ocean_shortcode_after_header":"","ocean_has_shortcode":"","ocean_shortcode_after_title":"","ocean_shortcode_before_footer_widgets":"","ocean_shortcode_after_footer_widgets":"","ocean_shortcode_before_footer_bottom":"","ocean_shortcode_after_footer_bottom":"","ocean_display_top_bar":"default","ocean_display_header":"default","ocean_header_style":"","ocean_center_header_left_menu":"","ocean_custom_header_template":"","ocean_custom_logo":0,"ocean_custom_retina_logo":0,"ocean_custom_logo_max_width":0,"ocean_custom_logo_tablet_max_width":0,"ocean_custom_logo_mobile_max_width":0,"ocean_custom_logo_max_height":0,"ocean_custom_logo_tablet_max_height":0,"ocean_custom_logo_mobile_max_height":0,"ocean_header_custom_menu":"","ocean_menu_typo_font_family":"","ocean_menu_typo_font_subset":"","ocean_menu_typo_font_size":0,"ocean_menu_typo_font_size_tablet":0,"ocean_menu_typo_font_size_mobile":0,"ocean_menu_typo_font_size_unit":"px","ocean_menu_typo_font_weight":"","ocean_menu_typo_font_weight_tablet":"","ocean_menu_typo_font_weight_mobile":"","ocean_menu_typo_transform":"","ocean_menu_typo_transform_tablet":"","ocean_menu_typo_transform_mobile":"","ocean_menu_typo_line_height":0,"ocean_menu_typo_line_height_tablet":0,"ocean_menu_typo_line_height_mobile":0,"ocean_menu_typo_line_height_unit":"","ocean_menu_typo_spacing":0,"ocean_menu_typo_spacing_tablet":0,"ocean_menu_typo_spacing_mobile":0,"ocean_menu_typo_spacing_unit":"","ocean_menu_link_color":"","ocean_menu_link_color_hover":"","ocean_menu_link_color_active":"","ocean_menu_link_background":"","ocean_menu_link_hover_background":"","ocean_menu_link_active_background":"","ocean_menu_social_links_bg":"","ocean_menu_social_hover_links_bg":"","ocean_menu_social_links_color":"","ocean_menu_social_hover_links_color":"","ocean_disable_title":"default","ocean_disable_heading":"default","ocean_post_title":"","ocean_post_subheading":"","ocean_post_title_style":"","ocean_post_title_background_color":"","ocean_post_title_background":0,"ocean_post_title_bg_image_position":"","ocean_post_title_bg_image_attachment":"","ocean_post_title_bg_image_repeat":"","ocean_post_title_bg_image_size":"","ocean_post_title_height":0,"ocean_post_title_bg_overlay":0.5,"ocean_post_title_bg_overlay_color":"","ocean_disable_breadcrumbs":"default","ocean_breadcrumbs_color":"","ocean_breadcrumbs_separator_color":"","ocean_breadcrumbs_links_color":"","ocean_breadcrumbs_links_hover_color":"","ocean_display_footer_widgets":"default","ocean_display_footer_bottom":"default","ocean_custom_footer_template":"","footnotes":""},"class_list":["post-19","page","type-page","status-publish","hentry","entry"],"yoast_head":"<!-- This site is optimized with the Yoast SEO plugin v26.7 - https:\/\/yoast.com\/wordpress\/plugins\/seo\/ -->\n<title>Accueil - Brasserie La BOC<\/title>\n<meta name=\"description\" content=\"Brasserie artisanale La Boc \u00e0 Perpignan : bi\u00e8res locales BIO, non filtr\u00e9es &amp; non pasteuris\u00e9es, brass\u00e9es avec passion depuis 2014. Vente directe, d\u00e9gustation &amp; location de tireuse.\" \/>\n<meta name=\"robots\" content=\"index, follow, max-snippet:-1, max-image-preview:large, max-video-preview:-1\" \/>\n<link rel=\"canonical\" href=\"https:\/\/brasserielaboc.com\/\" \/>\n<meta property=\"og:locale\" content=\"fr_FR\" \/>\n<meta property=\"og:type\" content=\"article\" \/>\n<meta property=\"og:title\" content=\"Accueil - Brasserie La BOC\" \/>\n<meta property=\"og:description\" content=\"Brasserie artisanale La Boc \u00e0 Perpignan : bi\u00e8res locales BIO, non filtr\u00e9es &amp; non pasteuris\u00e9es, brass\u00e9es avec passion depuis 2014. Vente directe, d\u00e9gustation &amp; location de tireuse.\" \/>\n<meta property=\"og:url\" content=\"https:\/\/brasserielaboc.com\/\" \/>\n<meta property=\"og:site_name\" content=\"Brasserie La BOC\" \/>\n<meta property=\"article:publisher\" content=\"https:\/\/www.facebook.com\/brasserielaboc\" \/>\n<meta property=\"article:modified_time\" content=\"2026-01-19T13:37:20+00:00\" \/>\n<meta property=\"og:image\" content=\"https:\/\/brasserielaboc.com\/wp-content\/uploads\/2025\/01\/photos-cuves-2-scaled.jpg\" \/>\n\t<meta property=\"og:image:width\" content=\"2560\" \/>\n\t<meta property=\"og:image:height\" content=\"1293\" \/>\n\t<meta property=\"og:image:type\" content=\"image\/jpeg\" \/>\n<meta name=\"twitter:card\" content=\"summary_large_image\" \/>\n<meta name=\"twitter:label1\" content=\"Dur\u00e9e de lecture estim\u00e9e\" \/>\n\t<meta name=\"twitter:data1\" content=\"3 minutes\" \/>\n<script type=\"application\/ld+json\" class=\"yoast-schema-graph\">{\"@context\":\"https:\/\/schema.org\",\"@graph\":[{\"@type\":\"WebPage\",\"@id\":\"https:\/\/brasserielaboc.com\/\",\"url\":\"https:\/\/brasserielaboc.com\/\",\"name\":\"Accueil - Brasserie La BOC\",\"isPartOf\":{\"@id\":\"https:\/\/brasserielaboc.com\/#website\"},\"primaryImageOfPage\":{\"@id\":\"https:\/\/brasserielaboc.com\/#primaryimage\"},\"image\":{\"@id\":\"https:\/\/brasserielaboc.com\/#primaryimage\"},\"thumbnailUrl\":\"http:\/\/brasserielaboc.com\/wp-content\/uploads\/2025\/01\/photos-cuves-2-768x388.jpg\",\"datePublished\":\"2025-01-06T20:22:56+00:00\",\"dateModified\":\"2026-01-19T13:37:20+00:00\",\"description\":\"Brasserie artisanale La Boc \u00e0 Perpignan : bi\u00e8res locales BIO, non filtr\u00e9es & non pasteuris\u00e9es, brass\u00e9es avec passion depuis 2014. Vente directe, d\u00e9gustation & location de tireuse.\",\"breadcrumb\":{\"@id\":\"https:\/\/brasserielaboc.com\/#breadcrumb\"},\"inLanguage\":\"fr-FR\",\"potentialAction\":[{\"@type\":\"ReadAction\",\"target\":[\"https:\/\/brasserielaboc.com\/\"]}]},{\"@type\":\"ImageObject\",\"inLanguage\":\"fr-FR\",\"@id\":\"https:\/\/brasserielaboc.com\/#primaryimage\",\"url\":\"https:\/\/brasserielaboc.com\/wp-content\/uploads\/2025\/01\/photos-cuves-2-scaled.jpg\",\"contentUrl\":\"https:\/\/brasserielaboc.com\/wp-content\/uploads\/2025\/01\/photos-cuves-2-scaled.jpg\",\"width\":2560,\"height\":1293},{\"@type\":\"BreadcrumbList\",\"@id\":\"https:\/\/brasserielaboc.com\/#breadcrumb\",\"itemListElement\":[{\"@type\":\"ListItem\",\"position\":1,\"name\":\"Accueil\",\"item\":\"https:\/\/brasserielaboc.com\/\"},{\"@type\":\"ListItem\",\"position\":2,\"name\":\"Accueil\"}]},{\"@type\":\"WebSite\",\"@id\":\"https:\/\/brasserielaboc.com\/#website\",\"url\":\"https:\/\/brasserielaboc.com\/\",\"name\":\"Brasserie La BOC\",\"description\":\"Brasserie de Perpignan\",\"publisher\":{\"@id\":\"https:\/\/brasserielaboc.com\/#organization\"},\"potentialAction\":[{\"@type\":\"SearchAction\",\"target\":{\"@type\":\"EntryPoint\",\"urlTemplate\":\"https:\/\/brasserielaboc.com\/?s={search_term_string}\"},\"query-input\":{\"@type\":\"PropertyValueSpecification\",\"valueRequired\":true,\"valueName\":\"search_term_string\"}}],\"inLanguage\":\"fr-FR\"},{\"@type\":\"Organization\",\"@id\":\"https:\/\/brasserielaboc.com\/#organization\",\"name\":\"Brasserie La BOC\",\"url\":\"https:\/\/brasserielaboc.com\/\",\"logo\":{\"@type\":\"ImageObject\",\"inLanguage\":\"fr-FR\",\"@id\":\"https:\/\/brasserielaboc.com\/#\/schema\/logo\/image\/\",\"url\":\"https:\/\/brasserielaboc.com\/wp-content\/uploads\/2025\/01\/cropped-Logo-La-Boc-2.png\",\"contentUrl\":\"https:\/\/brasserielaboc.com\/wp-content\/uploads\/2025\/01\/cropped-Logo-La-Boc-2.png\",\"width\":512,\"height\":512,\"caption\":\"Brasserie La BOC\"},\"image\":{\"@id\":\"https:\/\/brasserielaboc.com\/#\/schema\/logo\/image\/\"},\"sameAs\":[\"https:\/\/www.facebook.com\/brasserielaboc\"]}]}<\/script>\n<!-- \/ Yoast SEO plugin. -->","yoast_head_json":{"title":"Accueil - Brasserie La BOC","description":"Brasserie artisanale La Boc \u00e0 Perpignan : bi\u00e8res locales BIO, non filtr\u00e9es & non pasteuris\u00e9es, brass\u00e9es avec passion depuis 2014. Vente directe, d\u00e9gustation & location de tireuse.","robots":{"index":"index","follow":"follow","max-snippet":"max-snippet:-1","max-image-preview":"max-image-preview:large","max-video-preview":"max-video-preview:-1"},"canonical":"https:\/\/brasserielaboc.com\/","og_locale":"fr_FR","og_type":"article","og_title":"Accueil - Brasserie La BOC","og_description":"Brasserie artisanale La Boc \u00e0 Perpignan : bi\u00e8res locales BIO, non filtr\u00e9es & non pasteuris\u00e9es, brass\u00e9es avec passion depuis 2014. Vente directe, d\u00e9gustation & location de tireuse.","og_url":"https:\/\/brasserielaboc.com\/","og_site_name":"Brasserie La BOC","article_publisher":"https:\/\/www.facebook.com\/brasserielaboc","article_modified_time":"2026-01-19T13:37:20+00:00","og_image":[{"width":2560,"height":1293,"url":"https:\/\/brasserielaboc.com\/wp-content\/uploads\/2025\/01\/photos-cuves-2-scaled.jpg","type":"image\/jpeg"}],"twitter_card":"summary_large_image","twitter_misc":{"Dur\u00e9e de lecture estim\u00e9e":"3 minutes"},"schema":{"@context":"https:\/\/schema.org","@graph":[{"@type":"WebPage","@id":"https:\/\/brasserielaboc.com\/","url":"https:\/\/brasserielaboc.com\/","name":"Accueil - Brasserie La BOC","isPartOf":{"@id":"https:\/\/brasserielaboc.com\/#website"},"primaryImageOfPage":{"@id":"https:\/\/brasserielaboc.com\/#primaryimage"},"image":{"@id":"https:\/\/brasserielaboc.com\/#primaryimage"},"thumbnailUrl":"http:\/\/brasserielaboc.com\/wp-content\/uploads\/2025\/01\/photos-cuves-2-768x388.jpg","datePublished":"2025-01-06T20:22:56+00:00","dateModified":"2026-01-19T13:37:20+00:00","description":"Brasserie artisanale La Boc \u00e0 Perpignan : bi\u00e8res locales BIO, non filtr\u00e9es & non pasteuris\u00e9es, brass\u00e9es avec passion depuis 2014. Vente directe, d\u00e9gustation & location de tireuse.","breadcrumb":{"@id":"https:\/\/brasserielaboc.com\/#breadcrumb"},"inLanguage":"fr-FR","potentialAction":[{"@type":"ReadAction","target":["https:\/\/brasserielaboc.com\/"]}]},{"@type":"ImageObject","inLanguage":"fr-FR","@id":"https:\/\/brasserielaboc.com\/#primaryimage","url":"https:\/\/brasserielaboc.com\/wp-content\/uploads\/2025\/01\/photos-cuves-2-scaled.jpg","contentUrl":"https:\/\/brasserielaboc.com\/wp-content\/uploads\/2025\/01\/photos-cuves-2-scaled.jpg","width":2560,"height":1293},{"@type":"BreadcrumbList","@id":"https:\/\/brasserielaboc.com\/#breadcrumb","itemListElement":[{"@type":"ListItem","position":1,"name":"Accueil","item":"https:\/\/brasserielaboc.com\/"},{"@type":"ListItem","position":2,"name":"Accueil"}]},{"@type":"WebSite","@id":"https:\/\/brasserielaboc.com\/#website","url":"https:\/\/brasserielaboc.com\/","name":"Brasserie La BOC","description":"Brasserie de Perpignan","publisher":{"@id":"https:\/\/brasserielaboc.com\/#organization"},"potentialAction":[{"@type":"SearchAction","target":{"@type":"EntryPoint","urlTemplate":"https:\/\/brasserielaboc.com\/?s={search_term_string}"},"query-input":{"@type":"PropertyValueSpecification","valueRequired":true,"valueName":"search_term_string"}}],"inLanguage":"fr-FR"},{"@type":"Organization","@id":"https:\/\/brasserielaboc.com\/#organization","name":"Brasserie La BOC","url":"https:\/\/brasserielaboc.com\/","logo":{"@type":"ImageObject","inLanguage":"fr-FR","@id":"https:\/\/brasserielaboc.com\/#\/schema\/logo\/image\/","url":"https:\/\/brasserielaboc.com\/wp-content\/uploads\/2025\/01\/cropped-Logo-La-Boc-2.png","contentUrl":"https:\/\/brasserielaboc.com\/wp-content\/uploads\/2025\/01\/cropped-Logo-La-Boc-2.png","width":512,"height":512,"caption":"Brasserie La BOC"},"image":{"@id":"https:\/\/brasserielaboc.com\/#\/schema\/logo\/image\/"},"sameAs":["https:\/\/www.facebook.com\/brasserielaboc"]}]}},"_links":{"self":[{"href":"https:\/\/brasserielaboc.com\/index.php\/wp-json\/wp\/v2\/pages\/19","targetHints":{"allow":["GET"]}}],"collection":[{"href":"https:\/\/brasserielaboc.com\/index.php\/wp-json\/wp\/v2\/pages"}],"about":[{"href":"https:\/\/brasserielaboc.com\/index.php\/wp-json\/wp\/v2\/types\/page"}],"author":[{"embeddable":true,"href":"https:\/\/brasserielaboc.com\/index.php\/wp-json\/wp\/v2\/users\/1"}],"replies":[{"embeddable":true,"href":"https:\/\/brasserielaboc.com\/index.php\/wp-json\/wp\/v2\/comments?post=19"}],"version-history":[{"count":121,"href":"https:\/\/brasserielaboc.com\/index.php\/wp-json\/wp\/v2\/pages\/19\/revisions"}],"predecessor-version":[{"id":696,"href":"https:\/\/brasserielaboc.com\/index.php\/wp-json\/wp\/v2\/pages\/19\/revisions\/696"}],"wp:attachment":[{"href":"https:\/\/brasserielaboc.com\/index.php\/wp-json\/wp\/v2\/media?parent=19"}],"curies":[{"name":"wp","href":"https:\/\/api.w.org\/{rel}","templated":true}]}}