{"id":188,"date":"2025-01-29T14:08:14","date_gmt":"2025-01-29T13:08:14","guid":{"rendered":"https:\/\/brasserielaboc.com\/?page_id=188"},"modified":"2026-01-19T14:48:51","modified_gmt":"2026-01-19T13:48:51","slug":"biere-ephemere","status":"publish","type":"page","link":"https:\/\/brasserielaboc.com\/index.php\/biere-ephemere\/","title":{"rendered":"Bi\u00e8re Eph\u00e9m\u00e8re"},"content":{"rendered":"\t\t<div data-elementor-type=\"wp-page\" data-elementor-id=\"188\" class=\"elementor elementor-188\">\n\t\t\t\t<div class=\"elementor-element elementor-element-dd2d0bb e-flex e-con-boxed e-con e-parent\" data-id=\"dd2d0bb\" data-element_type=\"container\">\n\t\t\t\t\t<div class=\"e-con-inner\">\n\t\t\t\t<div class=\"elementor-element elementor-element-683c1de elementor-widget elementor-widget-text-editor\" data-id=\"683c1de\" data-element_type=\"widget\" data-widget_type=\"text-editor.default\">\n\t\t\t\t<div class=\"elementor-widget-container\">\n\t\t\t\t\t\t\t\t\t<h4>LES BIERES EPHEMERES OU BIERES DU MOMENT<\/h4><p>Fruit de notre imagination et de notre soif de d\u00e9couvrir de nouvelles saveurs et style. La bi\u00e8re est \u00e9ph\u00e9m\u00e8re et change au gr\u00e9 des saisons.<\/p><p>En cette p\u00e9riode nous avons de \u00ab\u00a0la Mielleuse\u00a0\u00bb une bi\u00e8re ambr\u00e9 au miel et \u00ab\u00a0el Pa de la Boc\u00a0\u00bb bi\u00e8re au pain sec.\u00a0<\/p><h4>La Mielleuse :<\/h4><p>C&rsquo;est une bi\u00e8re ambr\u00e9 au miel. Sa couleur est le r\u00e9sultat de l&rsquo;utilisation de malts l\u00e9g\u00e8rement caram\u00e9lis\u00e9s, ce qui apporte des ar\u00f4mes et des saveurs \u00e0 la fois malt\u00e9es et l\u00e9g\u00e8rement sucr\u00e9es.<\/p><p>En bouche, la bi\u00e8re ambr\u00e9e au miel est \u00e9quilibr\u00e9e, avec un m\u00e9lange agr\u00e9able entre la douceur du miel et des malts (caramel, pain grill\u00e9, noisette).<\/p><p>Elle a \u00e9t\u00e9 imagin\u00e9e suite \u00e0 la rencontre de l&rsquo;apiculteur des Ruchers de Julia, rencontr\u00e9 \u00e0 la\u00a0<a href=\"https:\/\/www.facebook.com\/fetedelagriculture66\" target=\"_blank\" rel=\"noopener\">f\u00eate de l&rsquo;agriculture de Perpignan<\/a>. Une tr\u00e8s belle collaboration en est n\u00e9e de cet \u00e9v\u00e9nement de Perpignan.\u00a0<\/p><h4>\u00ab\u00a0El Pa del Boc\u00a0\u00bb :<\/h4><p>Bi\u00e8re blonde que nous avons brass\u00e9 avec 50 Kg de pain sec de la boulangerie La Petite Ambassade \u00e0 Olette.\u00a0<\/p><p>Ce pain de boulanger \u00e9labor\u00e9 \u00e0 base de farine de grande qualit\u00e9 conf\u00e8re \u00e0 la bi\u00e8re des notes fruit\u00e9es de levain. Le sel du pain apporte une texture plus ample.<\/p>\t\t\t\t\t\t\t\t<\/div>\n\t\t\t\t<\/div>\n\t\t\t\t\t<\/div>\n\t\t\t\t<\/div>\n\t\t<div class=\"elementor-element elementor-element-98d4ef4 e-flex e-con-boxed e-con e-parent\" data-id=\"98d4ef4\" data-element_type=\"container\">\n\t\t\t\t\t<div class=\"e-con-inner\">\n\t\t<div class=\"elementor-element elementor-element-0c418d8 e-con-full e-flex e-con e-child\" data-id=\"0c418d8\" data-element_type=\"container\">\n\t\t\t\t<div class=\"elementor-element elementor-element-52e3812 elementor-widget elementor-widget-image\" data-id=\"52e3812\" data-element_type=\"widget\" data-widget_type=\"image.default\">\n\t\t\t\t<div class=\"elementor-widget-container\">\n\t\t\t\t\t\t\t\t\t\t\t\t\t\t\t<img fetchpriority=\"high\" decoding=\"async\" width=\"300\" height=\"233\" src=\"https:\/\/brasserielaboc.com\/wp-content\/uploads\/2026\/01\/Miel_page-0001-300x233.jpg\" class=\"attachment-medium size-medium wp-image-703\" alt=\"Etiquette de bi\u00e8re ambr\u00e9 au miel &quot;La Mielleuse&quot;\" srcset=\"https:\/\/brasserielaboc.com\/wp-content\/uploads\/2026\/01\/Miel_page-0001-300x233.jpg 300w, https:\/\/brasserielaboc.com\/wp-content\/uploads\/2026\/01\/Miel_page-0001.jpg 608w\" sizes=\"(max-width: 300px) 100vw, 300px\" \/>\t\t\t\t\t\t\t\t\t\t\t\t\t\t\t<\/div>\n\t\t\t\t<\/div>\n\t\t\t\t<\/div>\n\t\t<div class=\"elementor-element elementor-element-c53f48a e-con-full e-flex e-con e-child\" data-id=\"c53f48a\" data-element_type=\"container\">\n\t\t\t\t<div class=\"elementor-element elementor-element-1bb384f elementor-widget elementor-widget-image\" data-id=\"1bb384f\" data-element_type=\"widget\" data-widget_type=\"image.default\">\n\t\t\t\t<div class=\"elementor-widget-container\">\n\t\t\t\t\t\t\t\t\t\t\t\t\t\t\t<img decoding=\"async\" width=\"300\" height=\"233\" src=\"https:\/\/brasserielaboc.com\/wp-content\/uploads\/2026\/01\/Etiquette-biere-au-pain_page-0001-300x233.jpg\" class=\"attachment-medium size-medium wp-image-699\" alt=\"Etiquette de bi\u00e8re au pain &quot;el pa de la boc&quot;\" srcset=\"https:\/\/brasserielaboc.com\/wp-content\/uploads\/2026\/01\/Etiquette-biere-au-pain_page-0001-300x233.jpg 300w, https:\/\/brasserielaboc.com\/wp-content\/uploads\/2026\/01\/Etiquette-biere-au-pain_page-0001.jpg 608w\" sizes=\"(max-width: 300px) 100vw, 300px\" \/>\t\t\t\t\t\t\t\t\t\t\t\t\t\t\t<\/div>\n\t\t\t\t<\/div>\n\t\t\t\t<\/div>\n\t\t\t\t\t<\/div>\n\t\t\t\t<\/div>\n\t\t<div class=\"elementor-element elementor-element-c9c9b21 e-flex e-con-boxed e-con e-parent\" data-id=\"c9c9b21\" data-element_type=\"container\">\n\t\t\t\t\t<div class=\"e-con-inner\">\n\t\t\t\t<div class=\"elementor-element elementor-element-d2e5e58 elementor-widget elementor-widget-testimonial\" data-id=\"d2e5e58\" data-element_type=\"widget\" data-widget_type=\"testimonial.default\">\n\t\t\t\t<div class=\"elementor-widget-container\">\n\t\t\t\t\t\t\t<div class=\"elementor-testimonial-wrapper\">\n\t\t\t\t\t\t\t<div class=\"elementor-testimonial-content\">Des bi\u00e8res locales et bio brass\u00e9es sur place dans un lieu unique...des saveurs originales et recherch\u00e9es et en fonction de la saison...un accueil toujours sympa et souriant...Ne changez rien....on revient vous voir toujours avec plaisir.<\/div>\n\t\t\t\n\t\t\t\t\t\t<div class=\"elementor-testimonial-meta elementor-has-image elementor-testimonial-image-position-aside\">\n\t\t\t\t<div class=\"elementor-testimonial-meta-inner\">\n\t\t\t\t\t\t\t\t\t\t\t<div class=\"elementor-testimonial-image\">\n\t\t\t\t\t\t\t<img decoding=\"async\" width=\"612\" height=\"408\" src=\"https:\/\/brasserielaboc.com\/wp-content\/uploads\/2025\/01\/malt.jpg\" class=\"attachment-full size-full wp-image-58\" alt=\"\" srcset=\"https:\/\/brasserielaboc.com\/wp-content\/uploads\/2025\/01\/malt.jpg 612w, https:\/\/brasserielaboc.com\/wp-content\/uploads\/2025\/01\/malt-300x200.jpg 300w\" sizes=\"(max-width: 612px) 100vw, 612px\" \/>\t\t\t\t\t\t<\/div>\n\t\t\t\t\t\n\t\t\t\t\t\t\t\t\t\t<div class=\"elementor-testimonial-details\">\n\t\t\t\t\t\t\t\t\t\t\t\t\t\t<div class=\"elementor-testimonial-name\">Sylvie B.<\/div>\n\t\t\t\t\t\t\t\t\t\t\t\t\t\t\t\t\t\t\t\t\t\t<div class=\"elementor-testimonial-job\">Cliente de La Boc<\/div>\n\t\t\t\t\t\t\t\t\t\t\t\t\t<\/div>\n\t\t\t\t\t\t\t\t\t<\/div>\n\t\t\t<\/div>\n\t\t\t\t\t<\/div>\n\t\t\t\t\t\t<\/div>\n\t\t\t\t<\/div>\n\t\t\t\t\t<\/div>\n\t\t\t\t<\/div>\n\t\t\t\t<\/div>\n\t\t","protected":false},"excerpt":{"rendered":"<p>LES BIERES EPHEMERES OU BIERES DU MOMENT Fruit de notre imagination et de notre soif de d\u00e9couvrir de nouvelles saveurs et style. La bi\u00e8re est \u00e9ph\u00e9m\u00e8re et change au gr\u00e9 des saisons. En cette p\u00e9riode nous avons de \u00ab\u00a0la Mielleuse\u00a0\u00bb une bi\u00e8re ambr\u00e9 au miel et \u00ab\u00a0el Pa de la Boc\u00a0\u00bb bi\u00e8re au pain sec.\u00a0 [&hellip;]<\/p>\n","protected":false},"author":1,"featured_media":0,"parent":0,"menu_order":0,"comment_status":"closed","ping_status":"closed","template":"","meta":{"ocean_post_layout":"","ocean_both_sidebars_style":"","ocean_both_sidebars_content_width":0,"ocean_both_sidebars_sidebars_width":0,"ocean_sidebar":"","ocean_second_sidebar":"","ocean_disable_margins":"enable","ocean_add_body_class":"","ocean_shortcode_before_top_bar":"","ocean_shortcode_after_top_bar":"","ocean_shortcode_before_header":"","ocean_shortcode_after_header":"","ocean_has_shortcode":"","ocean_shortcode_after_title":"","ocean_shortcode_before_footer_widgets":"","ocean_shortcode_after_footer_widgets":"","ocean_shortcode_before_footer_bottom":"","ocean_shortcode_after_footer_bottom":"","ocean_display_top_bar":"default","ocean_display_header":"default","ocean_header_style":"","ocean_center_header_left_menu":"","ocean_custom_header_template":"","ocean_custom_logo":0,"ocean_custom_retina_logo":0,"ocean_custom_logo_max_width":0,"ocean_custom_logo_tablet_max_width":0,"ocean_custom_logo_mobile_max_width":0,"ocean_custom_logo_max_height":0,"ocean_custom_logo_tablet_max_height":0,"ocean_custom_logo_mobile_max_height":0,"ocean_header_custom_menu":"","ocean_menu_typo_font_family":"","ocean_menu_typo_font_subset":"","ocean_menu_typo_font_size":0,"ocean_menu_typo_font_size_tablet":0,"ocean_menu_typo_font_size_mobile":0,"ocean_menu_typo_font_size_unit":"px","ocean_menu_typo_font_weight":"","ocean_menu_typo_font_weight_tablet":"","ocean_menu_typo_font_weight_mobile":"","ocean_menu_typo_transform":"","ocean_menu_typo_transform_tablet":"","ocean_menu_typo_transform_mobile":"","ocean_menu_typo_line_height":0,"ocean_menu_typo_line_height_tablet":0,"ocean_menu_typo_line_height_mobile":0,"ocean_menu_typo_line_height_unit":"","ocean_menu_typo_spacing":0,"ocean_menu_typo_spacing_tablet":0,"ocean_menu_typo_spacing_mobile":0,"ocean_menu_typo_spacing_unit":"","ocean_menu_link_color":"","ocean_menu_link_color_hover":"","ocean_menu_link_color_active":"","ocean_menu_link_background":"","ocean_menu_link_hover_background":"","ocean_menu_link_active_background":"","ocean_menu_social_links_bg":"","ocean_menu_social_hover_links_bg":"","ocean_menu_social_links_color":"","ocean_menu_social_hover_links_color":"","ocean_disable_title":"default","ocean_disable_heading":"default","ocean_post_title":"","ocean_post_subheading":"","ocean_post_title_style":"","ocean_post_title_background_color":"","ocean_post_title_background":0,"ocean_post_title_bg_image_position":"","ocean_post_title_bg_image_attachment":"","ocean_post_title_bg_image_repeat":"","ocean_post_title_bg_image_size":"","ocean_post_title_height":0,"ocean_post_title_bg_overlay":0.5,"ocean_post_title_bg_overlay_color":"","ocean_disable_breadcrumbs":"default","ocean_breadcrumbs_color":"","ocean_breadcrumbs_separator_color":"","ocean_breadcrumbs_links_color":"","ocean_breadcrumbs_links_hover_color":"","ocean_display_footer_widgets":"default","ocean_display_footer_bottom":"default","ocean_custom_footer_template":"","footnotes":""},"class_list":["post-188","page","type-page","status-publish","hentry","entry"],"yoast_head":"<!-- This site is optimized with the Yoast SEO plugin v26.7 - https:\/\/yoast.com\/wordpress\/plugins\/seo\/ -->\n<title>Bi\u00e8re Eph\u00e9m\u00e8re - Brasserie La BOC<\/title>\n<meta name=\"robots\" content=\"index, follow, max-snippet:-1, max-image-preview:large, max-video-preview:-1\" \/>\n<link rel=\"canonical\" href=\"https:\/\/brasserielaboc.com\/index.php\/biere-ephemere\/\" \/>\n<meta property=\"og:locale\" content=\"fr_FR\" \/>\n<meta property=\"og:type\" content=\"article\" \/>\n<meta property=\"og:title\" content=\"Bi\u00e8re Eph\u00e9m\u00e8re - Brasserie La BOC\" \/>\n<meta property=\"og:description\" content=\"LES BIERES EPHEMERES OU BIERES DU MOMENT Fruit de notre imagination et de notre soif de d\u00e9couvrir de nouvelles saveurs et style. La bi\u00e8re est \u00e9ph\u00e9m\u00e8re et change au gr\u00e9 des saisons. En cette p\u00e9riode nous avons de \u00ab\u00a0la Mielleuse\u00a0\u00bb une bi\u00e8re ambr\u00e9 au miel et \u00ab\u00a0el Pa de la Boc\u00a0\u00bb bi\u00e8re au pain sec.\u00a0 [&hellip;]\" \/>\n<meta property=\"og:url\" content=\"https:\/\/brasserielaboc.com\/index.php\/biere-ephemere\/\" \/>\n<meta property=\"og:site_name\" content=\"Brasserie La BOC\" \/>\n<meta property=\"article:publisher\" content=\"https:\/\/www.facebook.com\/brasserielaboc\" \/>\n<meta property=\"article:modified_time\" content=\"2026-01-19T13:48:51+00:00\" \/>\n<meta property=\"og:image\" content=\"https:\/\/brasserielaboc.com\/wp-content\/uploads\/2026\/01\/Miel_page-0001.jpg\" \/>\n\t<meta property=\"og:image:width\" content=\"608\" \/>\n\t<meta property=\"og:image:height\" content=\"472\" \/>\n\t<meta property=\"og:image:type\" content=\"image\/jpeg\" \/>\n<meta name=\"twitter:card\" content=\"summary_large_image\" \/>\n<meta name=\"twitter:label1\" content=\"Dur\u00e9e de lecture estim\u00e9e\" \/>\n\t<meta name=\"twitter:data1\" content=\"2 minutes\" \/>\n<script type=\"application\/ld+json\" class=\"yoast-schema-graph\">{\"@context\":\"https:\/\/schema.org\",\"@graph\":[{\"@type\":\"WebPage\",\"@id\":\"https:\/\/brasserielaboc.com\/index.php\/biere-ephemere\/\",\"url\":\"https:\/\/brasserielaboc.com\/index.php\/biere-ephemere\/\",\"name\":\"Bi\u00e8re Eph\u00e9m\u00e8re - Brasserie La BOC\",\"isPartOf\":{\"@id\":\"https:\/\/brasserielaboc.com\/#website\"},\"primaryImageOfPage\":{\"@id\":\"https:\/\/brasserielaboc.com\/index.php\/biere-ephemere\/#primaryimage\"},\"image\":{\"@id\":\"https:\/\/brasserielaboc.com\/index.php\/biere-ephemere\/#primaryimage\"},\"thumbnailUrl\":\"http:\/\/brasserielaboc.com\/wp-content\/uploads\/2026\/01\/Miel_page-0001-300x233.jpg\",\"datePublished\":\"2025-01-29T13:08:14+00:00\",\"dateModified\":\"2026-01-19T13:48:51+00:00\",\"breadcrumb\":{\"@id\":\"https:\/\/brasserielaboc.com\/index.php\/biere-ephemere\/#breadcrumb\"},\"inLanguage\":\"fr-FR\",\"potentialAction\":[{\"@type\":\"ReadAction\",\"target\":[\"https:\/\/brasserielaboc.com\/index.php\/biere-ephemere\/\"]}]},{\"@type\":\"ImageObject\",\"inLanguage\":\"fr-FR\",\"@id\":\"https:\/\/brasserielaboc.com\/index.php\/biere-ephemere\/#primaryimage\",\"url\":\"https:\/\/brasserielaboc.com\/wp-content\/uploads\/2026\/01\/Miel_page-0001.jpg\",\"contentUrl\":\"https:\/\/brasserielaboc.com\/wp-content\/uploads\/2026\/01\/Miel_page-0001.jpg\",\"width\":608,\"height\":472,\"caption\":\"Etiquette de bi\u00e8re ambr\u00e9 au miel \\\"La Mielleuse\\\"\"},{\"@type\":\"BreadcrumbList\",\"@id\":\"https:\/\/brasserielaboc.com\/index.php\/biere-ephemere\/#breadcrumb\",\"itemListElement\":[{\"@type\":\"ListItem\",\"position\":1,\"name\":\"Accueil\",\"item\":\"https:\/\/brasserielaboc.com\/\"},{\"@type\":\"ListItem\",\"position\":2,\"name\":\"Bi\u00e8re Eph\u00e9m\u00e8re\"}]},{\"@type\":\"WebSite\",\"@id\":\"https:\/\/brasserielaboc.com\/#website\",\"url\":\"https:\/\/brasserielaboc.com\/\",\"name\":\"Brasserie La BOC\",\"description\":\"Brasserie de Perpignan\",\"publisher\":{\"@id\":\"https:\/\/brasserielaboc.com\/#organization\"},\"potentialAction\":[{\"@type\":\"SearchAction\",\"target\":{\"@type\":\"EntryPoint\",\"urlTemplate\":\"https:\/\/brasserielaboc.com\/?s={search_term_string}\"},\"query-input\":{\"@type\":\"PropertyValueSpecification\",\"valueRequired\":true,\"valueName\":\"search_term_string\"}}],\"inLanguage\":\"fr-FR\"},{\"@type\":\"Organization\",\"@id\":\"https:\/\/brasserielaboc.com\/#organization\",\"name\":\"Brasserie La BOC\",\"url\":\"https:\/\/brasserielaboc.com\/\",\"logo\":{\"@type\":\"ImageObject\",\"inLanguage\":\"fr-FR\",\"@id\":\"https:\/\/brasserielaboc.com\/#\/schema\/logo\/image\/\",\"url\":\"https:\/\/brasserielaboc.com\/wp-content\/uploads\/2025\/01\/cropped-Logo-La-Boc-2.png\",\"contentUrl\":\"https:\/\/brasserielaboc.com\/wp-content\/uploads\/2025\/01\/cropped-Logo-La-Boc-2.png\",\"width\":512,\"height\":512,\"caption\":\"Brasserie La BOC\"},\"image\":{\"@id\":\"https:\/\/brasserielaboc.com\/#\/schema\/logo\/image\/\"},\"sameAs\":[\"https:\/\/www.facebook.com\/brasserielaboc\"]}]}<\/script>\n<!-- \/ Yoast SEO plugin. -->","yoast_head_json":{"title":"Bi\u00e8re Eph\u00e9m\u00e8re - Brasserie La BOC","robots":{"index":"index","follow":"follow","max-snippet":"max-snippet:-1","max-image-preview":"max-image-preview:large","max-video-preview":"max-video-preview:-1"},"canonical":"https:\/\/brasserielaboc.com\/index.php\/biere-ephemere\/","og_locale":"fr_FR","og_type":"article","og_title":"Bi\u00e8re Eph\u00e9m\u00e8re - Brasserie La BOC","og_description":"LES BIERES EPHEMERES OU BIERES DU MOMENT Fruit de notre imagination et de notre soif de d\u00e9couvrir de nouvelles saveurs et style. La bi\u00e8re est \u00e9ph\u00e9m\u00e8re et change au gr\u00e9 des saisons. En cette p\u00e9riode nous avons de \u00ab\u00a0la Mielleuse\u00a0\u00bb une bi\u00e8re ambr\u00e9 au miel et \u00ab\u00a0el Pa de la Boc\u00a0\u00bb bi\u00e8re au pain sec.\u00a0 [&hellip;]","og_url":"https:\/\/brasserielaboc.com\/index.php\/biere-ephemere\/","og_site_name":"Brasserie La BOC","article_publisher":"https:\/\/www.facebook.com\/brasserielaboc","article_modified_time":"2026-01-19T13:48:51+00:00","og_image":[{"width":608,"height":472,"url":"https:\/\/brasserielaboc.com\/wp-content\/uploads\/2026\/01\/Miel_page-0001.jpg","type":"image\/jpeg"}],"twitter_card":"summary_large_image","twitter_misc":{"Dur\u00e9e de lecture estim\u00e9e":"2 minutes"},"schema":{"@context":"https:\/\/schema.org","@graph":[{"@type":"WebPage","@id":"https:\/\/brasserielaboc.com\/index.php\/biere-ephemere\/","url":"https:\/\/brasserielaboc.com\/index.php\/biere-ephemere\/","name":"Bi\u00e8re Eph\u00e9m\u00e8re - Brasserie La BOC","isPartOf":{"@id":"https:\/\/brasserielaboc.com\/#website"},"primaryImageOfPage":{"@id":"https:\/\/brasserielaboc.com\/index.php\/biere-ephemere\/#primaryimage"},"image":{"@id":"https:\/\/brasserielaboc.com\/index.php\/biere-ephemere\/#primaryimage"},"thumbnailUrl":"http:\/\/brasserielaboc.com\/wp-content\/uploads\/2026\/01\/Miel_page-0001-300x233.jpg","datePublished":"2025-01-29T13:08:14+00:00","dateModified":"2026-01-19T13:48:51+00:00","breadcrumb":{"@id":"https:\/\/brasserielaboc.com\/index.php\/biere-ephemere\/#breadcrumb"},"inLanguage":"fr-FR","potentialAction":[{"@type":"ReadAction","target":["https:\/\/brasserielaboc.com\/index.php\/biere-ephemere\/"]}]},{"@type":"ImageObject","inLanguage":"fr-FR","@id":"https:\/\/brasserielaboc.com\/index.php\/biere-ephemere\/#primaryimage","url":"https:\/\/brasserielaboc.com\/wp-content\/uploads\/2026\/01\/Miel_page-0001.jpg","contentUrl":"https:\/\/brasserielaboc.com\/wp-content\/uploads\/2026\/01\/Miel_page-0001.jpg","width":608,"height":472,"caption":"Etiquette de bi\u00e8re ambr\u00e9 au miel \"La Mielleuse\""},{"@type":"BreadcrumbList","@id":"https:\/\/brasserielaboc.com\/index.php\/biere-ephemere\/#breadcrumb","itemListElement":[{"@type":"ListItem","position":1,"name":"Accueil","item":"https:\/\/brasserielaboc.com\/"},{"@type":"ListItem","position":2,"name":"Bi\u00e8re Eph\u00e9m\u00e8re"}]},{"@type":"WebSite","@id":"https:\/\/brasserielaboc.com\/#website","url":"https:\/\/brasserielaboc.com\/","name":"Brasserie La BOC","description":"Brasserie de Perpignan","publisher":{"@id":"https:\/\/brasserielaboc.com\/#organization"},"potentialAction":[{"@type":"SearchAction","target":{"@type":"EntryPoint","urlTemplate":"https:\/\/brasserielaboc.com\/?s={search_term_string}"},"query-input":{"@type":"PropertyValueSpecification","valueRequired":true,"valueName":"search_term_string"}}],"inLanguage":"fr-FR"},{"@type":"Organization","@id":"https:\/\/brasserielaboc.com\/#organization","name":"Brasserie La BOC","url":"https:\/\/brasserielaboc.com\/","logo":{"@type":"ImageObject","inLanguage":"fr-FR","@id":"https:\/\/brasserielaboc.com\/#\/schema\/logo\/image\/","url":"https:\/\/brasserielaboc.com\/wp-content\/uploads\/2025\/01\/cropped-Logo-La-Boc-2.png","contentUrl":"https:\/\/brasserielaboc.com\/wp-content\/uploads\/2025\/01\/cropped-Logo-La-Boc-2.png","width":512,"height":512,"caption":"Brasserie La BOC"},"image":{"@id":"https:\/\/brasserielaboc.com\/#\/schema\/logo\/image\/"},"sameAs":["https:\/\/www.facebook.com\/brasserielaboc"]}]}},"_links":{"self":[{"href":"https:\/\/brasserielaboc.com\/index.php\/wp-json\/wp\/v2\/pages\/188","targetHints":{"allow":["GET"]}}],"collection":[{"href":"https:\/\/brasserielaboc.com\/index.php\/wp-json\/wp\/v2\/pages"}],"about":[{"href":"https:\/\/brasserielaboc.com\/index.php\/wp-json\/wp\/v2\/types\/page"}],"author":[{"embeddable":true,"href":"https:\/\/brasserielaboc.com\/index.php\/wp-json\/wp\/v2\/users\/1"}],"replies":[{"embeddable":true,"href":"https:\/\/brasserielaboc.com\/index.php\/wp-json\/wp\/v2\/comments?post=188"}],"version-history":[{"count":43,"href":"https:\/\/brasserielaboc.com\/index.php\/wp-json\/wp\/v2\/pages\/188\/revisions"}],"predecessor-version":[{"id":706,"href":"https:\/\/brasserielaboc.com\/index.php\/wp-json\/wp\/v2\/pages\/188\/revisions\/706"}],"wp:attachment":[{"href":"https:\/\/brasserielaboc.com\/index.php\/wp-json\/wp\/v2\/media?parent=188"}],"curies":[{"name":"wp","href":"https:\/\/api.w.org\/{rel}","templated":true}]}}