{"id":186,"date":"2025-01-29T14:07:56","date_gmt":"2025-01-29T13:07:56","guid":{"rendered":"https:\/\/brasserielaboc.com\/?page_id=186"},"modified":"2025-01-31T14:06:40","modified_gmt":"2025-01-31T13:06:40","slug":"biere-triple","status":"publish","type":"page","link":"https:\/\/brasserielaboc.com\/index.php\/biere-triple\/","title":{"rendered":"Bi\u00e8re triple"},"content":{"rendered":"\t\t<div data-elementor-type=\"wp-page\" data-elementor-id=\"186\" class=\"elementor elementor-186\">\n\t\t\t\t<div class=\"elementor-element elementor-element-7dfbd1e e-flex e-con-boxed e-con e-parent\" data-id=\"7dfbd1e\" data-element_type=\"container\">\n\t\t\t\t\t<div class=\"e-con-inner\">\n\t\t\t\t<div class=\"elementor-element elementor-element-36f1f63 elementor-widget elementor-widget-text-editor\" data-id=\"36f1f63\" data-element_type=\"widget\" data-widget_type=\"text-editor.default\">\n\t\t\t\t<div class=\"elementor-widget-container\">\n\t\t\t\t\t\t\t\t\t<h4 class=\"cvGsUA direction-ltr align-center para-style-body\"><span class=\"OYPEnA font-feature-liga-off font-feature-clig-off font-feature-calt-off text-decoration-none text-strikethrough-none\">LA TRIPLE 9% Alc<\/span><\/h4><p class=\"cvGsUA direction-ltr align-start para-style-body\"><span class=\"OYPEnA font-feature-liga-off font-feature-clig-off font-feature-calt-off text-decoration-none text-strikethrough-none\">Bi\u00e8re forte et g\u00e9n\u00e9reuse. Elle fait partie des rares bi\u00e8res triple 100 % malt. Cette bi\u00e8re est \u00e9labor\u00e9e avec un assemblage de malt complexe.<\/span><\/p><p class=\"cvGsUA direction-ltr align-start para-style-body\"><span class=\"OYPEnA font-feature-liga-off font-feature-clig-off font-feature-calt-off text-decoration-none text-strikethrough-none\">En bouche, elle est riche, ronde <\/span><span class=\"OYPEnA font-feature-liga-off font-feature-clig-off font-feature-calt-off text-decoration-none text-strikethrough-none\">et chaleureuse, avec une douceur qui cache sa puissance alcoolique. C&rsquo;est une bi\u00e8re pleine de caract\u00e8re, id\u00e9ale pour les amateurs de bi\u00e8res complexes.<\/span><\/p><h4 class=\"cvGsUA direction-ltr align-start para-style-body\"><span class=\"OYPEnA font-feature-liga-off font-feature-clig-off font-feature-calt-off text-decoration-none text-strikethrough-none\">ACCORD METS ET BIERES<\/span><\/h4><ul><li><span class=\"OYPEnA font-feature-liga-off font-feature-clig-off font-feature-calt-off text-decoration-none text-strikethrough-none\">Viandes riches, gibier<\/span><\/li><li><span class=\"OYPEnA font-feature-liga-off font-feature-clig-off font-feature-calt-off text-decoration-none text-strikethrough-none\">Plats en sauce ou mijot\u00e9s<\/span><\/li><li><span class=\"OYPEnA font-feature-liga-off font-feature-clig-off font-feature-calt-off text-decoration-none text-strikethrough-none\">Fromages affin\u00e9s et cr\u00e9meux<\/span><\/li><li><span class=\"OYPEnA font-feature-liga-off font-feature-clig-off font-feature-calt-off text-decoration-none text-strikethrough-none\">Foie gras<\/span><\/li><li><span class=\"OYPEnA font-feature-liga-off font-feature-clig-off font-feature-calt-off text-decoration-none text-strikethrough-none\">Desserts au chocolat intense <\/span>ou caramel<\/li><\/ul><p class=\"cvGsUA direction-ltr align-start para-style-body\"><span class=\"OYPEnA font-feature-liga-off font-feature-clig-off font-feature-calt-off text-decoration-none text-strikethrough-none\">Pour les amateurs de saveurs intenses, elle saura sublimer des plats qui poss\u00e8dent une certaine profondeur.<\/span><\/p><p class=\"cvGsUA direction-ltr align-start para-style-body\">\u00a0<\/p>\t\t\t\t\t\t\t\t<\/div>\n\t\t\t\t<\/div>\n\t\t\t\t\t<\/div>\n\t\t\t\t<\/div>\n\t\t\t\t<\/div>\n\t\t","protected":false},"excerpt":{"rendered":"<p>LA TRIPLE 9% Alc Bi\u00e8re forte et g\u00e9n\u00e9reuse. Elle fait partie des rares bi\u00e8res triple 100 % malt. Cette bi\u00e8re est \u00e9labor\u00e9e avec un assemblage de malt complexe. En bouche, elle est riche, ronde et chaleureuse, avec une douceur qui cache sa puissance alcoolique. C&rsquo;est une bi\u00e8re pleine de caract\u00e8re, id\u00e9ale pour les amateurs de [&hellip;]<\/p>\n","protected":false},"author":1,"featured_media":0,"parent":0,"menu_order":0,"comment_status":"closed","ping_status":"closed","template":"","meta":{"ocean_post_layout":"","ocean_both_sidebars_style":"","ocean_both_sidebars_content_width":0,"ocean_both_sidebars_sidebars_width":0,"ocean_sidebar":"","ocean_second_sidebar":"","ocean_disable_margins":"enable","ocean_add_body_class":"","ocean_shortcode_before_top_bar":"","ocean_shortcode_after_top_bar":"","ocean_shortcode_before_header":"","ocean_shortcode_after_header":"","ocean_has_shortcode":"","ocean_shortcode_after_title":"","ocean_shortcode_before_footer_widgets":"","ocean_shortcode_after_footer_widgets":"","ocean_shortcode_before_footer_bottom":"","ocean_shortcode_after_footer_bottom":"","ocean_display_top_bar":"default","ocean_display_header":"default","ocean_header_style":"","ocean_center_header_left_menu":"","ocean_custom_header_template":"","ocean_custom_logo":0,"ocean_custom_retina_logo":0,"ocean_custom_logo_max_width":0,"ocean_custom_logo_tablet_max_width":0,"ocean_custom_logo_mobile_max_width":0,"ocean_custom_logo_max_height":0,"ocean_custom_logo_tablet_max_height":0,"ocean_custom_logo_mobile_max_height":0,"ocean_header_custom_menu":"","ocean_menu_typo_font_family":"","ocean_menu_typo_font_subset":"","ocean_menu_typo_font_size":0,"ocean_menu_typo_font_size_tablet":0,"ocean_menu_typo_font_size_mobile":0,"ocean_menu_typo_font_size_unit":"px","ocean_menu_typo_font_weight":"","ocean_menu_typo_font_weight_tablet":"","ocean_menu_typo_font_weight_mobile":"","ocean_menu_typo_transform":"","ocean_menu_typo_transform_tablet":"","ocean_menu_typo_transform_mobile":"","ocean_menu_typo_line_height":0,"ocean_menu_typo_line_height_tablet":0,"ocean_menu_typo_line_height_mobile":0,"ocean_menu_typo_line_height_unit":"","ocean_menu_typo_spacing":0,"ocean_menu_typo_spacing_tablet":0,"ocean_menu_typo_spacing_mobile":0,"ocean_menu_typo_spacing_unit":"","ocean_menu_link_color":"","ocean_menu_link_color_hover":"","ocean_menu_link_color_active":"","ocean_menu_link_background":"","ocean_menu_link_hover_background":"","ocean_menu_link_active_background":"","ocean_menu_social_links_bg":"","ocean_menu_social_hover_links_bg":"","ocean_menu_social_links_color":"","ocean_menu_social_hover_links_color":"","ocean_disable_title":"default","ocean_disable_heading":"default","ocean_post_title":"","ocean_post_subheading":"","ocean_post_title_style":"","ocean_post_title_background_color":"","ocean_post_title_background":0,"ocean_post_title_bg_image_position":"","ocean_post_title_bg_image_attachment":"","ocean_post_title_bg_image_repeat":"","ocean_post_title_bg_image_size":"","ocean_post_title_height":0,"ocean_post_title_bg_overlay":0.5,"ocean_post_title_bg_overlay_color":"","ocean_disable_breadcrumbs":"default","ocean_breadcrumbs_color":"","ocean_breadcrumbs_separator_color":"","ocean_breadcrumbs_links_color":"","ocean_breadcrumbs_links_hover_color":"","ocean_display_footer_widgets":"default","ocean_display_footer_bottom":"default","ocean_custom_footer_template":"","footnotes":""},"class_list":["post-186","page","type-page","status-publish","hentry","entry"],"yoast_head":"<!-- This site is optimized with the Yoast SEO plugin v26.7 - https:\/\/yoast.com\/wordpress\/plugins\/seo\/ -->\n<title>Bi\u00e8re triple - Brasserie La BOC<\/title>\n<meta name=\"robots\" content=\"index, follow, max-snippet:-1, max-image-preview:large, max-video-preview:-1\" \/>\n<link rel=\"canonical\" href=\"https:\/\/brasserielaboc.com\/index.php\/biere-triple\/\" \/>\n<meta property=\"og:locale\" content=\"fr_FR\" \/>\n<meta property=\"og:type\" content=\"article\" \/>\n<meta property=\"og:title\" content=\"Bi\u00e8re triple - Brasserie La BOC\" \/>\n<meta property=\"og:description\" content=\"LA TRIPLE 9% Alc Bi\u00e8re forte et g\u00e9n\u00e9reuse. Elle fait partie des rares bi\u00e8res triple 100 % malt. Cette bi\u00e8re est \u00e9labor\u00e9e avec un assemblage de malt complexe. En bouche, elle est riche, ronde et chaleureuse, avec une douceur qui cache sa puissance alcoolique. C&rsquo;est une bi\u00e8re pleine de caract\u00e8re, id\u00e9ale pour les amateurs de [&hellip;]\" \/>\n<meta property=\"og:url\" content=\"https:\/\/brasserielaboc.com\/index.php\/biere-triple\/\" \/>\n<meta property=\"og:site_name\" content=\"Brasserie La BOC\" \/>\n<meta property=\"article:publisher\" content=\"https:\/\/www.facebook.com\/brasserielaboc\" \/>\n<meta property=\"article:modified_time\" content=\"2025-01-31T13:06:40+00:00\" \/>\n<meta name=\"twitter:card\" content=\"summary_large_image\" \/>\n<meta name=\"twitter:label1\" content=\"Dur\u00e9e de lecture estim\u00e9e\" \/>\n\t<meta name=\"twitter:data1\" content=\"1 minute\" \/>\n<script type=\"application\/ld+json\" class=\"yoast-schema-graph\">{\"@context\":\"https:\/\/schema.org\",\"@graph\":[{\"@type\":\"WebPage\",\"@id\":\"https:\/\/brasserielaboc.com\/index.php\/biere-triple\/\",\"url\":\"https:\/\/brasserielaboc.com\/index.php\/biere-triple\/\",\"name\":\"Bi\u00e8re triple - Brasserie La BOC\",\"isPartOf\":{\"@id\":\"https:\/\/brasserielaboc.com\/#website\"},\"datePublished\":\"2025-01-29T13:07:56+00:00\",\"dateModified\":\"2025-01-31T13:06:40+00:00\",\"breadcrumb\":{\"@id\":\"https:\/\/brasserielaboc.com\/index.php\/biere-triple\/#breadcrumb\"},\"inLanguage\":\"fr-FR\",\"potentialAction\":[{\"@type\":\"ReadAction\",\"target\":[\"https:\/\/brasserielaboc.com\/index.php\/biere-triple\/\"]}]},{\"@type\":\"BreadcrumbList\",\"@id\":\"https:\/\/brasserielaboc.com\/index.php\/biere-triple\/#breadcrumb\",\"itemListElement\":[{\"@type\":\"ListItem\",\"position\":1,\"name\":\"Accueil\",\"item\":\"https:\/\/brasserielaboc.com\/\"},{\"@type\":\"ListItem\",\"position\":2,\"name\":\"Bi\u00e8re triple\"}]},{\"@type\":\"WebSite\",\"@id\":\"https:\/\/brasserielaboc.com\/#website\",\"url\":\"https:\/\/brasserielaboc.com\/\",\"name\":\"Brasserie La BOC\",\"description\":\"Brasserie de Perpignan\",\"publisher\":{\"@id\":\"https:\/\/brasserielaboc.com\/#organization\"},\"potentialAction\":[{\"@type\":\"SearchAction\",\"target\":{\"@type\":\"EntryPoint\",\"urlTemplate\":\"https:\/\/brasserielaboc.com\/?s={search_term_string}\"},\"query-input\":{\"@type\":\"PropertyValueSpecification\",\"valueRequired\":true,\"valueName\":\"search_term_string\"}}],\"inLanguage\":\"fr-FR\"},{\"@type\":\"Organization\",\"@id\":\"https:\/\/brasserielaboc.com\/#organization\",\"name\":\"Brasserie La BOC\",\"url\":\"https:\/\/brasserielaboc.com\/\",\"logo\":{\"@type\":\"ImageObject\",\"inLanguage\":\"fr-FR\",\"@id\":\"https:\/\/brasserielaboc.com\/#\/schema\/logo\/image\/\",\"url\":\"https:\/\/brasserielaboc.com\/wp-content\/uploads\/2025\/01\/cropped-Logo-La-Boc-2.png\",\"contentUrl\":\"https:\/\/brasserielaboc.com\/wp-content\/uploads\/2025\/01\/cropped-Logo-La-Boc-2.png\",\"width\":512,\"height\":512,\"caption\":\"Brasserie La BOC\"},\"image\":{\"@id\":\"https:\/\/brasserielaboc.com\/#\/schema\/logo\/image\/\"},\"sameAs\":[\"https:\/\/www.facebook.com\/brasserielaboc\"]}]}<\/script>\n<!-- \/ Yoast SEO plugin. -->","yoast_head_json":{"title":"Bi\u00e8re triple - Brasserie La BOC","robots":{"index":"index","follow":"follow","max-snippet":"max-snippet:-1","max-image-preview":"max-image-preview:large","max-video-preview":"max-video-preview:-1"},"canonical":"https:\/\/brasserielaboc.com\/index.php\/biere-triple\/","og_locale":"fr_FR","og_type":"article","og_title":"Bi\u00e8re triple - Brasserie La BOC","og_description":"LA TRIPLE 9% Alc Bi\u00e8re forte et g\u00e9n\u00e9reuse. Elle fait partie des rares bi\u00e8res triple 100 % malt. Cette bi\u00e8re est \u00e9labor\u00e9e avec un assemblage de malt complexe. En bouche, elle est riche, ronde et chaleureuse, avec une douceur qui cache sa puissance alcoolique. C&rsquo;est une bi\u00e8re pleine de caract\u00e8re, id\u00e9ale pour les amateurs de [&hellip;]","og_url":"https:\/\/brasserielaboc.com\/index.php\/biere-triple\/","og_site_name":"Brasserie La BOC","article_publisher":"https:\/\/www.facebook.com\/brasserielaboc","article_modified_time":"2025-01-31T13:06:40+00:00","twitter_card":"summary_large_image","twitter_misc":{"Dur\u00e9e de lecture estim\u00e9e":"1 minute"},"schema":{"@context":"https:\/\/schema.org","@graph":[{"@type":"WebPage","@id":"https:\/\/brasserielaboc.com\/index.php\/biere-triple\/","url":"https:\/\/brasserielaboc.com\/index.php\/biere-triple\/","name":"Bi\u00e8re triple - Brasserie La BOC","isPartOf":{"@id":"https:\/\/brasserielaboc.com\/#website"},"datePublished":"2025-01-29T13:07:56+00:00","dateModified":"2025-01-31T13:06:40+00:00","breadcrumb":{"@id":"https:\/\/brasserielaboc.com\/index.php\/biere-triple\/#breadcrumb"},"inLanguage":"fr-FR","potentialAction":[{"@type":"ReadAction","target":["https:\/\/brasserielaboc.com\/index.php\/biere-triple\/"]}]},{"@type":"BreadcrumbList","@id":"https:\/\/brasserielaboc.com\/index.php\/biere-triple\/#breadcrumb","itemListElement":[{"@type":"ListItem","position":1,"name":"Accueil","item":"https:\/\/brasserielaboc.com\/"},{"@type":"ListItem","position":2,"name":"Bi\u00e8re triple"}]},{"@type":"WebSite","@id":"https:\/\/brasserielaboc.com\/#website","url":"https:\/\/brasserielaboc.com\/","name":"Brasserie La BOC","description":"Brasserie de Perpignan","publisher":{"@id":"https:\/\/brasserielaboc.com\/#organization"},"potentialAction":[{"@type":"SearchAction","target":{"@type":"EntryPoint","urlTemplate":"https:\/\/brasserielaboc.com\/?s={search_term_string}"},"query-input":{"@type":"PropertyValueSpecification","valueRequired":true,"valueName":"search_term_string"}}],"inLanguage":"fr-FR"},{"@type":"Organization","@id":"https:\/\/brasserielaboc.com\/#organization","name":"Brasserie La BOC","url":"https:\/\/brasserielaboc.com\/","logo":{"@type":"ImageObject","inLanguage":"fr-FR","@id":"https:\/\/brasserielaboc.com\/#\/schema\/logo\/image\/","url":"https:\/\/brasserielaboc.com\/wp-content\/uploads\/2025\/01\/cropped-Logo-La-Boc-2.png","contentUrl":"https:\/\/brasserielaboc.com\/wp-content\/uploads\/2025\/01\/cropped-Logo-La-Boc-2.png","width":512,"height":512,"caption":"Brasserie La BOC"},"image":{"@id":"https:\/\/brasserielaboc.com\/#\/schema\/logo\/image\/"},"sameAs":["https:\/\/www.facebook.com\/brasserielaboc"]}]}},"_links":{"self":[{"href":"https:\/\/brasserielaboc.com\/index.php\/wp-json\/wp\/v2\/pages\/186","targetHints":{"allow":["GET"]}}],"collection":[{"href":"https:\/\/brasserielaboc.com\/index.php\/wp-json\/wp\/v2\/pages"}],"about":[{"href":"https:\/\/brasserielaboc.com\/index.php\/wp-json\/wp\/v2\/types\/page"}],"author":[{"embeddable":true,"href":"https:\/\/brasserielaboc.com\/index.php\/wp-json\/wp\/v2\/users\/1"}],"replies":[{"embeddable":true,"href":"https:\/\/brasserielaboc.com\/index.php\/wp-json\/wp\/v2\/comments?post=186"}],"version-history":[{"count":7,"href":"https:\/\/brasserielaboc.com\/index.php\/wp-json\/wp\/v2\/pages\/186\/revisions"}],"predecessor-version":[{"id":230,"href":"https:\/\/brasserielaboc.com\/index.php\/wp-json\/wp\/v2\/pages\/186\/revisions\/230"}],"wp:attachment":[{"href":"https:\/\/brasserielaboc.com\/index.php\/wp-json\/wp\/v2\/media?parent=186"}],"curies":[{"name":"wp","href":"https:\/\/api.w.org\/{rel}","templated":true}]}}