{"id":182,"date":"2025-01-29T14:07:20","date_gmt":"2025-01-29T13:07:20","guid":{"rendered":"https:\/\/brasserielaboc.com\/?page_id=182"},"modified":"2025-07-14T15:59:53","modified_gmt":"2025-07-14T13:59:53","slug":"biere-rousse","status":"publish","type":"page","link":"https:\/\/brasserielaboc.com\/index.php\/biere-rousse\/","title":{"rendered":"Bi\u00e8re Rousse"},"content":{"rendered":"\t\t<div data-elementor-type=\"wp-page\" data-elementor-id=\"182\" class=\"elementor elementor-182\">\n\t\t\t\t<div class=\"elementor-element elementor-element-0196209 e-flex e-con-boxed e-con e-parent\" data-id=\"0196209\" data-element_type=\"container\">\n\t\t\t\t\t<div class=\"e-con-inner\">\n\t\t\t\t<div class=\"elementor-element elementor-element-ae3971d elementor-widget elementor-widget-text-editor\" data-id=\"ae3971d\" data-element_type=\"widget\" data-widget_type=\"text-editor.default\">\n\t\t\t\t<div class=\"elementor-widget-container\">\n\t\t\t\t\t\t\t\t\t<h4 class=\"cvGsUA direction-ltr align-center para-style-body\"><span class=\"OYPEnA font-feature-liga-off font-feature-clig-off font-feature-calt-off text-decoration-none text-strikethrough-none\">LA ROUSSE 5.5% alc<\/span><\/h4><p class=\"cvGsUA direction-ltr align-start para-style-body\"><span class=\"OYPEnA font-feature-liga-off font-feature-clig-off font-feature-calt-off text-decoration-none text-strikethrough-none\">Bi\u00e8re qui se distingue par ses saveurs riches et malt\u00e9es.<\/span><\/p><p class=\"cvGsUA direction-ltr align-start para-style-body\"><span class=\"OYPEnA font-feature-liga-off font-feature-clig-off font-feature-calt-off text-decoration-none text-strikethrough-none\">Elle est s\u00e8che et peu am\u00e8re. Cette bi\u00e8re s&rsquo;apparente \u00e0 une bi\u00e8re blonde avec un cot\u00e9 malt\u00e9 plus appuy\u00e9 et une belle robe rousse.<\/span><\/p><h4 class=\"cvGsUA direction-ltr align-start para-style-body\"><span class=\"OYPEnA font-feature-liga-off font-feature-clig-off font-feature-calt-off text-decoration-none text-strikethrough-none\">ACCORD METS ET BIERES<\/span><\/h4><ul><li><span class=\"OYPEnA font-feature-liga-off font-feature-clig-off font-feature-calt-off text-decoration-none text-strikethrough-none\">Viandes grill\u00e9es ou r\u00f4ties<\/span><\/li><li><span class=\"OYPEnA font-feature-liga-off font-feature-clig-off font-feature-calt-off text-decoration-none text-strikethrough-none\">Fromages \u00e0 p\u00e2te dure et affin\u00e9s<\/span><\/li><li><span class=\"OYPEnA font-feature-liga-off font-feature-clig-off font-feature-calt-off text-decoration-none text-strikethrough-none\">Plats mijot\u00e9s et en sauce<\/span><\/li><li><span class=\"OYPEnA font-feature-liga-off font-feature-clig-off font-feature-calt-off text-decoration-none text-strikethrough-none\">Charcuterie riche<\/span><\/li><li><span class=\"OYPEnA font-feature-liga-off font-feature-clig-off font-feature-calt-off text-decoration-none text-strikethrough-none\">Plats \u00e0 base de champignons<\/span><\/li><li><span class=\"OYPEnA font-feature-liga-off font-feature-clig-off font-feature-calt-off text-decoration-none text-strikethrough-none\">Plats l\u00e9g\u00e8rement \u00e9pic\u00e9s<\/span><\/li><li><span class=\"OYPEnA font-feature-liga-off font-feature-clig-off font-feature-calt-off text-decoration-none text-strikethrough-none\">Desserts caram\u00e9lis\u00e9s ou au chocolat<\/span><\/li><\/ul><p class=\"cvGsUA direction-ltr align-start para-style-body\"><span class=\"OYPEnA font-feature-liga-off font-feature-clig-off font-feature-calt-off text-decoration-none text-strikethrough-none\">L&rsquo;id\u00e9e avec la bi\u00e8re rousse est d&rsquo;accompagner des plats o\u00f9 la richesse et la douceur de la bi\u00e8re se compl\u00e8tent bien avec les saveurs des aliments.<\/span><\/p><p class=\"cvGsUA direction-ltr align-start para-style-body\">\u00a0<\/p>\t\t\t\t\t\t\t\t<\/div>\n\t\t\t\t<\/div>\n\t\t\t\t\t<\/div>\n\t\t\t\t<\/div>\n\t\t<div class=\"elementor-element elementor-element-7e0889f e-flex e-con-boxed e-con e-parent\" data-id=\"7e0889f\" data-element_type=\"container\">\n\t\t\t\t\t<div class=\"e-con-inner\">\n\t\t\t\t<div class=\"elementor-element elementor-element-d8cd9c0 elementor-widget elementor-widget-image\" data-id=\"d8cd9c0\" data-element_type=\"widget\" data-widget_type=\"image.default\">\n\t\t\t\t<div class=\"elementor-widget-container\">\n\t\t\t\t\t\t\t\t\t\t\t\t\t\t\t<img fetchpriority=\"high\" decoding=\"async\" width=\"200\" height=\"300\" src=\"https:\/\/brasserielaboc.com\/wp-content\/uploads\/2025\/07\/rousse-200x300.png\" class=\"attachment-medium size-medium wp-image-661\" alt=\"\" srcset=\"https:\/\/brasserielaboc.com\/wp-content\/uploads\/2025\/07\/rousse-200x300.png 200w, https:\/\/brasserielaboc.com\/wp-content\/uploads\/2025\/07\/rousse-683x1024.png 683w, https:\/\/brasserielaboc.com\/wp-content\/uploads\/2025\/07\/rousse-768x1152.png 768w, https:\/\/brasserielaboc.com\/wp-content\/uploads\/2025\/07\/rousse.png 1024w\" sizes=\"(max-width: 200px) 100vw, 200px\" \/>\t\t\t\t\t\t\t\t\t\t\t\t\t\t\t<\/div>\n\t\t\t\t<\/div>\n\t\t\t\t\t<\/div>\n\t\t\t\t<\/div>\n\t\t\t\t<\/div>\n\t\t","protected":false},"excerpt":{"rendered":"<p>LA ROUSSE 5.5% alc Bi\u00e8re qui se distingue par ses saveurs riches et malt\u00e9es. Elle est s\u00e8che et peu am\u00e8re. Cette bi\u00e8re s&rsquo;apparente \u00e0 une bi\u00e8re blonde avec un cot\u00e9 malt\u00e9 plus appuy\u00e9 et une belle robe rousse. ACCORD METS ET BIERES Viandes grill\u00e9es ou r\u00f4ties Fromages \u00e0 p\u00e2te dure et affin\u00e9s Plats mijot\u00e9s et [&hellip;]<\/p>\n","protected":false},"author":1,"featured_media":0,"parent":0,"menu_order":0,"comment_status":"closed","ping_status":"closed","template":"","meta":{"ocean_post_layout":"","ocean_both_sidebars_style":"","ocean_both_sidebars_content_width":0,"ocean_both_sidebars_sidebars_width":0,"ocean_sidebar":"","ocean_second_sidebar":"","ocean_disable_margins":"enable","ocean_add_body_class":"","ocean_shortcode_before_top_bar":"","ocean_shortcode_after_top_bar":"","ocean_shortcode_before_header":"","ocean_shortcode_after_header":"","ocean_has_shortcode":"","ocean_shortcode_after_title":"","ocean_shortcode_before_footer_widgets":"","ocean_shortcode_after_footer_widgets":"","ocean_shortcode_before_footer_bottom":"","ocean_shortcode_after_footer_bottom":"","ocean_display_top_bar":"default","ocean_display_header":"default","ocean_header_style":"","ocean_center_header_left_menu":"","ocean_custom_header_template":"","ocean_custom_logo":0,"ocean_custom_retina_logo":0,"ocean_custom_logo_max_width":0,"ocean_custom_logo_tablet_max_width":0,"ocean_custom_logo_mobile_max_width":0,"ocean_custom_logo_max_height":0,"ocean_custom_logo_tablet_max_height":0,"ocean_custom_logo_mobile_max_height":0,"ocean_header_custom_menu":"","ocean_menu_typo_font_family":"","ocean_menu_typo_font_subset":"","ocean_menu_typo_font_size":0,"ocean_menu_typo_font_size_tablet":0,"ocean_menu_typo_font_size_mobile":0,"ocean_menu_typo_font_size_unit":"px","ocean_menu_typo_font_weight":"","ocean_menu_typo_font_weight_tablet":"","ocean_menu_typo_font_weight_mobile":"","ocean_menu_typo_transform":"","ocean_menu_typo_transform_tablet":"","ocean_menu_typo_transform_mobile":"","ocean_menu_typo_line_height":0,"ocean_menu_typo_line_height_tablet":0,"ocean_menu_typo_line_height_mobile":0,"ocean_menu_typo_line_height_unit":"","ocean_menu_typo_spacing":0,"ocean_menu_typo_spacing_tablet":0,"ocean_menu_typo_spacing_mobile":0,"ocean_menu_typo_spacing_unit":"","ocean_menu_link_color":"","ocean_menu_link_color_hover":"","ocean_menu_link_color_active":"","ocean_menu_link_background":"","ocean_menu_link_hover_background":"","ocean_menu_link_active_background":"","ocean_menu_social_links_bg":"","ocean_menu_social_hover_links_bg":"","ocean_menu_social_links_color":"","ocean_menu_social_hover_links_color":"","ocean_disable_title":"default","ocean_disable_heading":"default","ocean_post_title":"","ocean_post_subheading":"","ocean_post_title_style":"","ocean_post_title_background_color":"","ocean_post_title_background":0,"ocean_post_title_bg_image_position":"","ocean_post_title_bg_image_attachment":"","ocean_post_title_bg_image_repeat":"","ocean_post_title_bg_image_size":"","ocean_post_title_height":0,"ocean_post_title_bg_overlay":0.5,"ocean_post_title_bg_overlay_color":"","ocean_disable_breadcrumbs":"default","ocean_breadcrumbs_color":"","ocean_breadcrumbs_separator_color":"","ocean_breadcrumbs_links_color":"","ocean_breadcrumbs_links_hover_color":"","ocean_display_footer_widgets":"default","ocean_display_footer_bottom":"default","ocean_custom_footer_template":"","footnotes":""},"class_list":["post-182","page","type-page","status-publish","hentry","entry"],"yoast_head":"<!-- This site is optimized with the Yoast SEO plugin v26.7 - https:\/\/yoast.com\/wordpress\/plugins\/seo\/ -->\n<title>Bi\u00e8re Rousse - Brasserie La BOC<\/title>\n<meta name=\"description\" content=\"D\u00e9couvrez La Rousse, Bi\u00e8re artisanale \u00e0 la robe cuivr\u00e9e et aux notes malt\u00e9es.\" \/>\n<meta name=\"robots\" content=\"index, follow, max-snippet:-1, max-image-preview:large, max-video-preview:-1\" \/>\n<link rel=\"canonical\" href=\"https:\/\/brasserielaboc.com\/index.php\/biere-rousse\/\" \/>\n<meta property=\"og:locale\" content=\"fr_FR\" \/>\n<meta property=\"og:type\" content=\"article\" \/>\n<meta property=\"og:title\" content=\"Bi\u00e8re Rousse - Brasserie La BOC\" \/>\n<meta property=\"og:description\" content=\"D\u00e9couvrez La Rousse, Bi\u00e8re artisanale \u00e0 la robe cuivr\u00e9e et aux notes malt\u00e9es.\" \/>\n<meta property=\"og:url\" content=\"https:\/\/brasserielaboc.com\/index.php\/biere-rousse\/\" \/>\n<meta property=\"og:site_name\" content=\"Brasserie La BOC\" \/>\n<meta property=\"article:publisher\" content=\"https:\/\/www.facebook.com\/brasserielaboc\" \/>\n<meta property=\"article:modified_time\" content=\"2025-07-14T13:59:53+00:00\" \/>\n<meta property=\"og:image\" content=\"https:\/\/brasserielaboc.com\/wp-content\/uploads\/2025\/07\/rousse-683x1024.png\" \/>\n\t<meta property=\"og:image:width\" content=\"683\" \/>\n\t<meta property=\"og:image:height\" content=\"1024\" \/>\n\t<meta property=\"og:image:type\" content=\"image\/png\" \/>\n<meta name=\"twitter:card\" content=\"summary_large_image\" \/>\n<meta name=\"twitter:label1\" content=\"Dur\u00e9e de lecture estim\u00e9e\" \/>\n\t<meta name=\"twitter:data1\" content=\"1 minute\" \/>\n<script type=\"application\/ld+json\" class=\"yoast-schema-graph\">{\"@context\":\"https:\/\/schema.org\",\"@graph\":[{\"@type\":\"WebPage\",\"@id\":\"https:\/\/brasserielaboc.com\/index.php\/biere-rousse\/\",\"url\":\"https:\/\/brasserielaboc.com\/index.php\/biere-rousse\/\",\"name\":\"Bi\u00e8re Rousse - Brasserie La BOC\",\"isPartOf\":{\"@id\":\"https:\/\/brasserielaboc.com\/#website\"},\"primaryImageOfPage\":{\"@id\":\"https:\/\/brasserielaboc.com\/index.php\/biere-rousse\/#primaryimage\"},\"image\":{\"@id\":\"https:\/\/brasserielaboc.com\/index.php\/biere-rousse\/#primaryimage\"},\"thumbnailUrl\":\"http:\/\/brasserielaboc.com\/wp-content\/uploads\/2025\/07\/rousse-200x300.png\",\"datePublished\":\"2025-01-29T13:07:20+00:00\",\"dateModified\":\"2025-07-14T13:59:53+00:00\",\"description\":\"D\u00e9couvrez La Rousse, Bi\u00e8re artisanale \u00e0 la robe cuivr\u00e9e et aux notes malt\u00e9es.\",\"breadcrumb\":{\"@id\":\"https:\/\/brasserielaboc.com\/index.php\/biere-rousse\/#breadcrumb\"},\"inLanguage\":\"fr-FR\",\"potentialAction\":[{\"@type\":\"ReadAction\",\"target\":[\"https:\/\/brasserielaboc.com\/index.php\/biere-rousse\/\"]}]},{\"@type\":\"ImageObject\",\"inLanguage\":\"fr-FR\",\"@id\":\"https:\/\/brasserielaboc.com\/index.php\/biere-rousse\/#primaryimage\",\"url\":\"https:\/\/brasserielaboc.com\/wp-content\/uploads\/2025\/07\/rousse.png\",\"contentUrl\":\"https:\/\/brasserielaboc.com\/wp-content\/uploads\/2025\/07\/rousse.png\",\"width\":1024,\"height\":1536},{\"@type\":\"BreadcrumbList\",\"@id\":\"https:\/\/brasserielaboc.com\/index.php\/biere-rousse\/#breadcrumb\",\"itemListElement\":[{\"@type\":\"ListItem\",\"position\":1,\"name\":\"Accueil\",\"item\":\"https:\/\/brasserielaboc.com\/\"},{\"@type\":\"ListItem\",\"position\":2,\"name\":\"Bi\u00e8re Rousse\"}]},{\"@type\":\"WebSite\",\"@id\":\"https:\/\/brasserielaboc.com\/#website\",\"url\":\"https:\/\/brasserielaboc.com\/\",\"name\":\"Brasserie La BOC\",\"description\":\"Brasserie de Perpignan\",\"publisher\":{\"@id\":\"https:\/\/brasserielaboc.com\/#organization\"},\"potentialAction\":[{\"@type\":\"SearchAction\",\"target\":{\"@type\":\"EntryPoint\",\"urlTemplate\":\"https:\/\/brasserielaboc.com\/?s={search_term_string}\"},\"query-input\":{\"@type\":\"PropertyValueSpecification\",\"valueRequired\":true,\"valueName\":\"search_term_string\"}}],\"inLanguage\":\"fr-FR\"},{\"@type\":\"Organization\",\"@id\":\"https:\/\/brasserielaboc.com\/#organization\",\"name\":\"Brasserie La BOC\",\"url\":\"https:\/\/brasserielaboc.com\/\",\"logo\":{\"@type\":\"ImageObject\",\"inLanguage\":\"fr-FR\",\"@id\":\"https:\/\/brasserielaboc.com\/#\/schema\/logo\/image\/\",\"url\":\"https:\/\/brasserielaboc.com\/wp-content\/uploads\/2025\/01\/cropped-Logo-La-Boc-2.png\",\"contentUrl\":\"https:\/\/brasserielaboc.com\/wp-content\/uploads\/2025\/01\/cropped-Logo-La-Boc-2.png\",\"width\":512,\"height\":512,\"caption\":\"Brasserie La BOC\"},\"image\":{\"@id\":\"https:\/\/brasserielaboc.com\/#\/schema\/logo\/image\/\"},\"sameAs\":[\"https:\/\/www.facebook.com\/brasserielaboc\"]}]}<\/script>\n<!-- \/ Yoast SEO plugin. -->","yoast_head_json":{"title":"Bi\u00e8re Rousse - Brasserie La BOC","description":"D\u00e9couvrez La Rousse, Bi\u00e8re artisanale \u00e0 la robe cuivr\u00e9e et aux notes malt\u00e9es.","robots":{"index":"index","follow":"follow","max-snippet":"max-snippet:-1","max-image-preview":"max-image-preview:large","max-video-preview":"max-video-preview:-1"},"canonical":"https:\/\/brasserielaboc.com\/index.php\/biere-rousse\/","og_locale":"fr_FR","og_type":"article","og_title":"Bi\u00e8re Rousse - Brasserie La BOC","og_description":"D\u00e9couvrez La Rousse, Bi\u00e8re artisanale \u00e0 la robe cuivr\u00e9e et aux notes malt\u00e9es.","og_url":"https:\/\/brasserielaboc.com\/index.php\/biere-rousse\/","og_site_name":"Brasserie La BOC","article_publisher":"https:\/\/www.facebook.com\/brasserielaboc","article_modified_time":"2025-07-14T13:59:53+00:00","og_image":[{"width":683,"height":1024,"url":"https:\/\/brasserielaboc.com\/wp-content\/uploads\/2025\/07\/rousse-683x1024.png","type":"image\/png"}],"twitter_card":"summary_large_image","twitter_misc":{"Dur\u00e9e de lecture estim\u00e9e":"1 minute"},"schema":{"@context":"https:\/\/schema.org","@graph":[{"@type":"WebPage","@id":"https:\/\/brasserielaboc.com\/index.php\/biere-rousse\/","url":"https:\/\/brasserielaboc.com\/index.php\/biere-rousse\/","name":"Bi\u00e8re Rousse - Brasserie La BOC","isPartOf":{"@id":"https:\/\/brasserielaboc.com\/#website"},"primaryImageOfPage":{"@id":"https:\/\/brasserielaboc.com\/index.php\/biere-rousse\/#primaryimage"},"image":{"@id":"https:\/\/brasserielaboc.com\/index.php\/biere-rousse\/#primaryimage"},"thumbnailUrl":"http:\/\/brasserielaboc.com\/wp-content\/uploads\/2025\/07\/rousse-200x300.png","datePublished":"2025-01-29T13:07:20+00:00","dateModified":"2025-07-14T13:59:53+00:00","description":"D\u00e9couvrez La Rousse, Bi\u00e8re artisanale \u00e0 la robe cuivr\u00e9e et aux notes malt\u00e9es.","breadcrumb":{"@id":"https:\/\/brasserielaboc.com\/index.php\/biere-rousse\/#breadcrumb"},"inLanguage":"fr-FR","potentialAction":[{"@type":"ReadAction","target":["https:\/\/brasserielaboc.com\/index.php\/biere-rousse\/"]}]},{"@type":"ImageObject","inLanguage":"fr-FR","@id":"https:\/\/brasserielaboc.com\/index.php\/biere-rousse\/#primaryimage","url":"https:\/\/brasserielaboc.com\/wp-content\/uploads\/2025\/07\/rousse.png","contentUrl":"https:\/\/brasserielaboc.com\/wp-content\/uploads\/2025\/07\/rousse.png","width":1024,"height":1536},{"@type":"BreadcrumbList","@id":"https:\/\/brasserielaboc.com\/index.php\/biere-rousse\/#breadcrumb","itemListElement":[{"@type":"ListItem","position":1,"name":"Accueil","item":"https:\/\/brasserielaboc.com\/"},{"@type":"ListItem","position":2,"name":"Bi\u00e8re Rousse"}]},{"@type":"WebSite","@id":"https:\/\/brasserielaboc.com\/#website","url":"https:\/\/brasserielaboc.com\/","name":"Brasserie La BOC","description":"Brasserie de Perpignan","publisher":{"@id":"https:\/\/brasserielaboc.com\/#organization"},"potentialAction":[{"@type":"SearchAction","target":{"@type":"EntryPoint","urlTemplate":"https:\/\/brasserielaboc.com\/?s={search_term_string}"},"query-input":{"@type":"PropertyValueSpecification","valueRequired":true,"valueName":"search_term_string"}}],"inLanguage":"fr-FR"},{"@type":"Organization","@id":"https:\/\/brasserielaboc.com\/#organization","name":"Brasserie La BOC","url":"https:\/\/brasserielaboc.com\/","logo":{"@type":"ImageObject","inLanguage":"fr-FR","@id":"https:\/\/brasserielaboc.com\/#\/schema\/logo\/image\/","url":"https:\/\/brasserielaboc.com\/wp-content\/uploads\/2025\/01\/cropped-Logo-La-Boc-2.png","contentUrl":"https:\/\/brasserielaboc.com\/wp-content\/uploads\/2025\/01\/cropped-Logo-La-Boc-2.png","width":512,"height":512,"caption":"Brasserie La BOC"},"image":{"@id":"https:\/\/brasserielaboc.com\/#\/schema\/logo\/image\/"},"sameAs":["https:\/\/www.facebook.com\/brasserielaboc"]}]}},"_links":{"self":[{"href":"https:\/\/brasserielaboc.com\/index.php\/wp-json\/wp\/v2\/pages\/182","targetHints":{"allow":["GET"]}}],"collection":[{"href":"https:\/\/brasserielaboc.com\/index.php\/wp-json\/wp\/v2\/pages"}],"about":[{"href":"https:\/\/brasserielaboc.com\/index.php\/wp-json\/wp\/v2\/types\/page"}],"author":[{"embeddable":true,"href":"https:\/\/brasserielaboc.com\/index.php\/wp-json\/wp\/v2\/users\/1"}],"replies":[{"embeddable":true,"href":"https:\/\/brasserielaboc.com\/index.php\/wp-json\/wp\/v2\/comments?post=182"}],"version-history":[{"count":10,"href":"https:\/\/brasserielaboc.com\/index.php\/wp-json\/wp\/v2\/pages\/182\/revisions"}],"predecessor-version":[{"id":670,"href":"https:\/\/brasserielaboc.com\/index.php\/wp-json\/wp\/v2\/pages\/182\/revisions\/670"}],"wp:attachment":[{"href":"https:\/\/brasserielaboc.com\/index.php\/wp-json\/wp\/v2\/media?parent=182"}],"curies":[{"name":"wp","href":"https:\/\/api.w.org\/{rel}","templated":true}]}}