{"id":178,"date":"2025-01-29T14:06:25","date_gmt":"2025-01-29T13:06:25","guid":{"rendered":"https:\/\/brasserielaboc.com\/?page_id=178"},"modified":"2025-08-26T11:24:23","modified_gmt":"2025-08-26T09:24:23","slug":"la-perpinya-pale-ale","status":"publish","type":"page","link":"https:\/\/brasserielaboc.com\/index.php\/la-perpinya-pale-ale\/","title":{"rendered":"La Perpinya Pale ALe"},"content":{"rendered":"\t\t<div data-elementor-type=\"wp-page\" data-elementor-id=\"178\" class=\"elementor elementor-178\">\n\t\t\t\t<div class=\"elementor-element elementor-element-444b2c4 e-flex e-con-boxed e-con e-parent\" data-id=\"444b2c4\" data-element_type=\"container\">\n\t\t\t\t\t<div class=\"e-con-inner\">\n\t\t\t\t<div class=\"elementor-element elementor-element-cfb45cd elementor-widget elementor-widget-text-editor\" data-id=\"cfb45cd\" data-element_type=\"widget\" data-widget_type=\"text-editor.default\">\n\t\t\t\t<div class=\"elementor-widget-container\">\n\t\t\t\t\t\t\t\t\t<h4 class=\"cvGsUA direction-ltr align-center para-style-body\"><span class=\"OYPEnA font-feature-liga-off font-feature-clig-off font-feature-calt-off text-decoration-none text-strikethrough-none\">LA PERPIGNAN PALE ALE 5.5% Alc<\/span><\/h4><p class=\"cvGsUA direction-ltr align-start para-style-body\"><span class=\"OYPEnA font-feature-liga-off font-feature-clig-off font-feature-calt-off text-decoration-none text-strikethrough-none\">Bi\u00e8re IPA l\u00e9g\u00e8re aux notes houblonn\u00e9es prononc\u00e9es. Amertume mod\u00e9r\u00e9e et \u00e9quilibr\u00e9e par une l\u00e9g\u00e8re douceur malt\u00e9e. Plus aromatique et plus intense que les bi\u00e8res classiques, avec des ar\u00f4mes qui peuvent rappeler les agrumes. Sa couleur est dor\u00e9e et son IBU (International Bitterness Units) avoisine les 60.<\/span><\/p><h4 class=\"cvGsUA direction-ltr align-start para-style-body\"><span class=\"OYPEnA font-feature-liga-off font-feature-clig-off font-feature-calt-off text-decoration-none text-strikethrough-none\">ACCORD METS ET BIERES<\/span><\/h4><ul><li><span class=\"OYPEnA font-feature-liga-off font-feature-clig-off font-feature-calt-off text-decoration-none text-strikethrough-none\">Viandes blanches grill\u00e9es, r\u00f4ties<\/span><\/li><li><span class=\"OYPEnA font-feature-liga-off font-feature-clig-off font-feature-calt-off text-decoration-none text-strikethrough-none\">Poissons grill\u00e9s ou papillote<\/span><\/li><li><span class=\"OYPEnA font-feature-liga-off font-feature-clig-off font-feature-calt-off text-decoration-none text-strikethrough-none\">Tacos, burgers, cuisine Tex-Mex<\/span><\/li><li><span class=\"OYPEnA font-feature-liga-off font-feature-clig-off font-feature-calt-off text-decoration-none text-strikethrough-none\">Plats asiatiques \u00e9pic\u00e9s<\/span><\/li><li><span class=\"OYPEnA font-feature-liga-off font-feature-clig-off font-feature-calt-off text-decoration-none text-strikethrough-none\">Fromages \u00e0 p\u00e2te molle ou fromages frais<\/span><\/li><li><span class=\"OYPEnA font-feature-liga-off font-feature-clig-off font-feature-calt-off text-decoration-none text-strikethrough-none\">Salades fra\u00eeches et croquantes<\/span><\/li><li><span class=\"OYPEnA font-feature-liga-off font-feature-clig-off font-feature-calt-off text-decoration-none text-strikethrough-none\">Plats m\u00e9diterran\u00e9ens l\u00e9gers<\/span><\/li><li><span class=\"OYPEnA font-feature-liga-off font-feature-clig-off font-feature-calt-off text-decoration-none text-strikethrough-none\">Frites et snacks sal\u00e9s<\/span><\/li><\/ul><p class=\"cvGsUA direction-ltr align-start para-style-body\"><span class=\"OYPEnA font-feature-liga-off font-feature-clig-off font-feature-calt-off text-decoration-none text-strikethrough-none\">La PPA est une bi\u00e8re assez versatile qui s\u2019associe bien avec des plats frais, l\u00e9gers, l\u00e9g\u00e8rement \u00e9pic\u00e9s ou sucr\u00e9s.<\/span><\/p><p class=\"cvGsUA direction-ltr align-start para-style-body\">\u00a0<\/p>\t\t\t\t\t\t\t\t<\/div>\n\t\t\t\t<\/div>\n\t\t\t\t\t<\/div>\n\t\t\t\t<\/div>\n\t\t<div class=\"elementor-element elementor-element-5f8140f e-flex e-con-boxed e-con e-parent\" data-id=\"5f8140f\" data-element_type=\"container\">\n\t\t\t\t\t<div class=\"e-con-inner\">\n\t\t\t\t<div class=\"elementor-element elementor-element-37acfe7 elementor-widget elementor-widget-image\" data-id=\"37acfe7\" data-element_type=\"widget\" data-widget_type=\"image.default\">\n\t\t\t\t<div class=\"elementor-widget-container\">\n\t\t\t\t\t\t\t\t\t\t\t\t\t\t\t<img decoding=\"async\" width=\"71\" height=\"300\" src=\"https:\/\/brasserielaboc.com\/wp-content\/uploads\/2025\/08\/Biere-IPA-bio-33-cl-71x300.png\" class=\"attachment-medium size-medium wp-image-683\" alt=\"Bi\u00e8re IPA, Perpinya pale ALe, Bio\" srcset=\"https:\/\/brasserielaboc.com\/wp-content\/uploads\/2025\/08\/Biere-IPA-bio-33-cl-71x300.png 71w, https:\/\/brasserielaboc.com\/wp-content\/uploads\/2025\/08\/Biere-IPA-bio-33-cl-243x1024.png 243w, https:\/\/brasserielaboc.com\/wp-content\/uploads\/2025\/08\/Biere-IPA-bio-33-cl-365x1536.png 365w, https:\/\/brasserielaboc.com\/wp-content\/uploads\/2025\/08\/Biere-IPA-bio-33-cl.png 436w\" sizes=\"(max-width: 71px) 100vw, 71px\" \/>\t\t\t\t\t\t\t\t\t\t\t\t\t\t\t<\/div>\n\t\t\t\t<\/div>\n\t\t\t\t\t<\/div>\n\t\t\t\t<\/div>\n\t\t\t\t<\/div>\n\t\t","protected":false},"excerpt":{"rendered":"<p>LA PERPIGNAN PALE ALE 5.5% Alc Bi\u00e8re IPA l\u00e9g\u00e8re aux notes houblonn\u00e9es prononc\u00e9es. Amertume mod\u00e9r\u00e9e et \u00e9quilibr\u00e9e par une l\u00e9g\u00e8re douceur malt\u00e9e. Plus aromatique et plus intense que les bi\u00e8res classiques, avec des ar\u00f4mes qui peuvent rappeler les agrumes. Sa couleur est dor\u00e9e et son IBU (International Bitterness Units) avoisine les 60. ACCORD METS ET [&hellip;]<\/p>\n","protected":false},"author":1,"featured_media":0,"parent":0,"menu_order":0,"comment_status":"closed","ping_status":"closed","template":"","meta":{"ocean_post_layout":"","ocean_both_sidebars_style":"","ocean_both_sidebars_content_width":0,"ocean_both_sidebars_sidebars_width":0,"ocean_sidebar":"","ocean_second_sidebar":"","ocean_disable_margins":"enable","ocean_add_body_class":"","ocean_shortcode_before_top_bar":"","ocean_shortcode_after_top_bar":"","ocean_shortcode_before_header":"","ocean_shortcode_after_header":"","ocean_has_shortcode":"","ocean_shortcode_after_title":"","ocean_shortcode_before_footer_widgets":"","ocean_shortcode_after_footer_widgets":"","ocean_shortcode_before_footer_bottom":"","ocean_shortcode_after_footer_bottom":"","ocean_display_top_bar":"default","ocean_display_header":"default","ocean_header_style":"","ocean_center_header_left_menu":"","ocean_custom_header_template":"","ocean_custom_logo":0,"ocean_custom_retina_logo":0,"ocean_custom_logo_max_width":0,"ocean_custom_logo_tablet_max_width":0,"ocean_custom_logo_mobile_max_width":0,"ocean_custom_logo_max_height":0,"ocean_custom_logo_tablet_max_height":0,"ocean_custom_logo_mobile_max_height":0,"ocean_header_custom_menu":"","ocean_menu_typo_font_family":"","ocean_menu_typo_font_subset":"","ocean_menu_typo_font_size":0,"ocean_menu_typo_font_size_tablet":0,"ocean_menu_typo_font_size_mobile":0,"ocean_menu_typo_font_size_unit":"px","ocean_menu_typo_font_weight":"","ocean_menu_typo_font_weight_tablet":"","ocean_menu_typo_font_weight_mobile":"","ocean_menu_typo_transform":"","ocean_menu_typo_transform_tablet":"","ocean_menu_typo_transform_mobile":"","ocean_menu_typo_line_height":0,"ocean_menu_typo_line_height_tablet":0,"ocean_menu_typo_line_height_mobile":0,"ocean_menu_typo_line_height_unit":"","ocean_menu_typo_spacing":0,"ocean_menu_typo_spacing_tablet":0,"ocean_menu_typo_spacing_mobile":0,"ocean_menu_typo_spacing_unit":"","ocean_menu_link_color":"","ocean_menu_link_color_hover":"","ocean_menu_link_color_active":"","ocean_menu_link_background":"","ocean_menu_link_hover_background":"","ocean_menu_link_active_background":"","ocean_menu_social_links_bg":"","ocean_menu_social_hover_links_bg":"","ocean_menu_social_links_color":"","ocean_menu_social_hover_links_color":"","ocean_disable_title":"default","ocean_disable_heading":"default","ocean_post_title":"","ocean_post_subheading":"","ocean_post_title_style":"","ocean_post_title_background_color":"","ocean_post_title_background":0,"ocean_post_title_bg_image_position":"","ocean_post_title_bg_image_attachment":"","ocean_post_title_bg_image_repeat":"","ocean_post_title_bg_image_size":"","ocean_post_title_height":0,"ocean_post_title_bg_overlay":0.5,"ocean_post_title_bg_overlay_color":"","ocean_disable_breadcrumbs":"default","ocean_breadcrumbs_color":"","ocean_breadcrumbs_separator_color":"","ocean_breadcrumbs_links_color":"","ocean_breadcrumbs_links_hover_color":"","ocean_display_footer_widgets":"default","ocean_display_footer_bottom":"default","ocean_custom_footer_template":"","footnotes":""},"class_list":["post-178","page","type-page","status-publish","hentry","entry"],"yoast_head":"<!-- This site is optimized with the Yoast SEO plugin v26.7 - https:\/\/yoast.com\/wordpress\/plugins\/seo\/ -->\n<title>La Perpinya Pale ALe - Brasserie La BOC<\/title>\n<meta name=\"robots\" content=\"index, follow, max-snippet:-1, max-image-preview:large, max-video-preview:-1\" \/>\n<link rel=\"canonical\" href=\"https:\/\/brasserielaboc.com\/index.php\/la-perpinya-pale-ale\/\" \/>\n<meta property=\"og:locale\" content=\"fr_FR\" \/>\n<meta property=\"og:type\" content=\"article\" \/>\n<meta property=\"og:title\" content=\"La Perpinya Pale ALe - Brasserie La BOC\" \/>\n<meta property=\"og:description\" content=\"LA PERPIGNAN PALE ALE 5.5% Alc Bi\u00e8re IPA l\u00e9g\u00e8re aux notes houblonn\u00e9es prononc\u00e9es. Amertume mod\u00e9r\u00e9e et \u00e9quilibr\u00e9e par une l\u00e9g\u00e8re douceur malt\u00e9e. Plus aromatique et plus intense que les bi\u00e8res classiques, avec des ar\u00f4mes qui peuvent rappeler les agrumes. Sa couleur est dor\u00e9e et son IBU (International Bitterness Units) avoisine les 60. ACCORD METS ET [&hellip;]\" \/>\n<meta property=\"og:url\" content=\"https:\/\/brasserielaboc.com\/index.php\/la-perpinya-pale-ale\/\" \/>\n<meta property=\"og:site_name\" content=\"Brasserie La BOC\" \/>\n<meta property=\"article:publisher\" content=\"https:\/\/www.facebook.com\/brasserielaboc\" \/>\n<meta property=\"article:modified_time\" content=\"2025-08-26T09:24:23+00:00\" \/>\n<meta property=\"og:image\" content=\"http:\/\/brasserielaboc.com\/wp-content\/uploads\/2025\/08\/Biere-IPA-bio-33-cl-71x300.png\" \/>\n<meta name=\"twitter:card\" content=\"summary_large_image\" \/>\n<meta name=\"twitter:label1\" content=\"Dur\u00e9e de lecture estim\u00e9e\" \/>\n\t<meta name=\"twitter:data1\" content=\"1 minute\" \/>\n<script type=\"application\/ld+json\" class=\"yoast-schema-graph\">{\"@context\":\"https:\/\/schema.org\",\"@graph\":[{\"@type\":\"WebPage\",\"@id\":\"https:\/\/brasserielaboc.com\/index.php\/la-perpinya-pale-ale\/\",\"url\":\"https:\/\/brasserielaboc.com\/index.php\/la-perpinya-pale-ale\/\",\"name\":\"La Perpinya Pale ALe - Brasserie La BOC\",\"isPartOf\":{\"@id\":\"https:\/\/brasserielaboc.com\/#website\"},\"primaryImageOfPage\":{\"@id\":\"https:\/\/brasserielaboc.com\/index.php\/la-perpinya-pale-ale\/#primaryimage\"},\"image\":{\"@id\":\"https:\/\/brasserielaboc.com\/index.php\/la-perpinya-pale-ale\/#primaryimage\"},\"thumbnailUrl\":\"http:\/\/brasserielaboc.com\/wp-content\/uploads\/2025\/08\/Biere-IPA-bio-33-cl-71x300.png\",\"datePublished\":\"2025-01-29T13:06:25+00:00\",\"dateModified\":\"2025-08-26T09:24:23+00:00\",\"breadcrumb\":{\"@id\":\"https:\/\/brasserielaboc.com\/index.php\/la-perpinya-pale-ale\/#breadcrumb\"},\"inLanguage\":\"fr-FR\",\"potentialAction\":[{\"@type\":\"ReadAction\",\"target\":[\"https:\/\/brasserielaboc.com\/index.php\/la-perpinya-pale-ale\/\"]}]},{\"@type\":\"ImageObject\",\"inLanguage\":\"fr-FR\",\"@id\":\"https:\/\/brasserielaboc.com\/index.php\/la-perpinya-pale-ale\/#primaryimage\",\"url\":\"https:\/\/brasserielaboc.com\/wp-content\/uploads\/2025\/08\/Biere-IPA-bio-33-cl.png\",\"contentUrl\":\"https:\/\/brasserielaboc.com\/wp-content\/uploads\/2025\/08\/Biere-IPA-bio-33-cl.png\",\"width\":436,\"height\":1835,\"caption\":\"Bi\u00e8re IPA, Perpinya pale ALe, Bio\"},{\"@type\":\"BreadcrumbList\",\"@id\":\"https:\/\/brasserielaboc.com\/index.php\/la-perpinya-pale-ale\/#breadcrumb\",\"itemListElement\":[{\"@type\":\"ListItem\",\"position\":1,\"name\":\"Accueil\",\"item\":\"https:\/\/brasserielaboc.com\/\"},{\"@type\":\"ListItem\",\"position\":2,\"name\":\"La Perpinya Pale ALe\"}]},{\"@type\":\"WebSite\",\"@id\":\"https:\/\/brasserielaboc.com\/#website\",\"url\":\"https:\/\/brasserielaboc.com\/\",\"name\":\"Brasserie La BOC\",\"description\":\"Brasserie de Perpignan\",\"publisher\":{\"@id\":\"https:\/\/brasserielaboc.com\/#organization\"},\"potentialAction\":[{\"@type\":\"SearchAction\",\"target\":{\"@type\":\"EntryPoint\",\"urlTemplate\":\"https:\/\/brasserielaboc.com\/?s={search_term_string}\"},\"query-input\":{\"@type\":\"PropertyValueSpecification\",\"valueRequired\":true,\"valueName\":\"search_term_string\"}}],\"inLanguage\":\"fr-FR\"},{\"@type\":\"Organization\",\"@id\":\"https:\/\/brasserielaboc.com\/#organization\",\"name\":\"Brasserie La BOC\",\"url\":\"https:\/\/brasserielaboc.com\/\",\"logo\":{\"@type\":\"ImageObject\",\"inLanguage\":\"fr-FR\",\"@id\":\"https:\/\/brasserielaboc.com\/#\/schema\/logo\/image\/\",\"url\":\"https:\/\/brasserielaboc.com\/wp-content\/uploads\/2025\/01\/cropped-Logo-La-Boc-2.png\",\"contentUrl\":\"https:\/\/brasserielaboc.com\/wp-content\/uploads\/2025\/01\/cropped-Logo-La-Boc-2.png\",\"width\":512,\"height\":512,\"caption\":\"Brasserie La BOC\"},\"image\":{\"@id\":\"https:\/\/brasserielaboc.com\/#\/schema\/logo\/image\/\"},\"sameAs\":[\"https:\/\/www.facebook.com\/brasserielaboc\"]}]}<\/script>\n<!-- \/ Yoast SEO plugin. -->","yoast_head_json":{"title":"La Perpinya Pale ALe - Brasserie La BOC","robots":{"index":"index","follow":"follow","max-snippet":"max-snippet:-1","max-image-preview":"max-image-preview:large","max-video-preview":"max-video-preview:-1"},"canonical":"https:\/\/brasserielaboc.com\/index.php\/la-perpinya-pale-ale\/","og_locale":"fr_FR","og_type":"article","og_title":"La Perpinya Pale ALe - Brasserie La BOC","og_description":"LA PERPIGNAN PALE ALE 5.5% Alc Bi\u00e8re IPA l\u00e9g\u00e8re aux notes houblonn\u00e9es prononc\u00e9es. Amertume mod\u00e9r\u00e9e et \u00e9quilibr\u00e9e par une l\u00e9g\u00e8re douceur malt\u00e9e. Plus aromatique et plus intense que les bi\u00e8res classiques, avec des ar\u00f4mes qui peuvent rappeler les agrumes. Sa couleur est dor\u00e9e et son IBU (International Bitterness Units) avoisine les 60. ACCORD METS ET [&hellip;]","og_url":"https:\/\/brasserielaboc.com\/index.php\/la-perpinya-pale-ale\/","og_site_name":"Brasserie La BOC","article_publisher":"https:\/\/www.facebook.com\/brasserielaboc","article_modified_time":"2025-08-26T09:24:23+00:00","og_image":[{"url":"http:\/\/brasserielaboc.com\/wp-content\/uploads\/2025\/08\/Biere-IPA-bio-33-cl-71x300.png","type":"","width":"","height":""}],"twitter_card":"summary_large_image","twitter_misc":{"Dur\u00e9e de lecture estim\u00e9e":"1 minute"},"schema":{"@context":"https:\/\/schema.org","@graph":[{"@type":"WebPage","@id":"https:\/\/brasserielaboc.com\/index.php\/la-perpinya-pale-ale\/","url":"https:\/\/brasserielaboc.com\/index.php\/la-perpinya-pale-ale\/","name":"La Perpinya Pale ALe - Brasserie La BOC","isPartOf":{"@id":"https:\/\/brasserielaboc.com\/#website"},"primaryImageOfPage":{"@id":"https:\/\/brasserielaboc.com\/index.php\/la-perpinya-pale-ale\/#primaryimage"},"image":{"@id":"https:\/\/brasserielaboc.com\/index.php\/la-perpinya-pale-ale\/#primaryimage"},"thumbnailUrl":"http:\/\/brasserielaboc.com\/wp-content\/uploads\/2025\/08\/Biere-IPA-bio-33-cl-71x300.png","datePublished":"2025-01-29T13:06:25+00:00","dateModified":"2025-08-26T09:24:23+00:00","breadcrumb":{"@id":"https:\/\/brasserielaboc.com\/index.php\/la-perpinya-pale-ale\/#breadcrumb"},"inLanguage":"fr-FR","potentialAction":[{"@type":"ReadAction","target":["https:\/\/brasserielaboc.com\/index.php\/la-perpinya-pale-ale\/"]}]},{"@type":"ImageObject","inLanguage":"fr-FR","@id":"https:\/\/brasserielaboc.com\/index.php\/la-perpinya-pale-ale\/#primaryimage","url":"https:\/\/brasserielaboc.com\/wp-content\/uploads\/2025\/08\/Biere-IPA-bio-33-cl.png","contentUrl":"https:\/\/brasserielaboc.com\/wp-content\/uploads\/2025\/08\/Biere-IPA-bio-33-cl.png","width":436,"height":1835,"caption":"Bi\u00e8re IPA, Perpinya pale ALe, Bio"},{"@type":"BreadcrumbList","@id":"https:\/\/brasserielaboc.com\/index.php\/la-perpinya-pale-ale\/#breadcrumb","itemListElement":[{"@type":"ListItem","position":1,"name":"Accueil","item":"https:\/\/brasserielaboc.com\/"},{"@type":"ListItem","position":2,"name":"La Perpinya Pale ALe"}]},{"@type":"WebSite","@id":"https:\/\/brasserielaboc.com\/#website","url":"https:\/\/brasserielaboc.com\/","name":"Brasserie La BOC","description":"Brasserie de Perpignan","publisher":{"@id":"https:\/\/brasserielaboc.com\/#organization"},"potentialAction":[{"@type":"SearchAction","target":{"@type":"EntryPoint","urlTemplate":"https:\/\/brasserielaboc.com\/?s={search_term_string}"},"query-input":{"@type":"PropertyValueSpecification","valueRequired":true,"valueName":"search_term_string"}}],"inLanguage":"fr-FR"},{"@type":"Organization","@id":"https:\/\/brasserielaboc.com\/#organization","name":"Brasserie La BOC","url":"https:\/\/brasserielaboc.com\/","logo":{"@type":"ImageObject","inLanguage":"fr-FR","@id":"https:\/\/brasserielaboc.com\/#\/schema\/logo\/image\/","url":"https:\/\/brasserielaboc.com\/wp-content\/uploads\/2025\/01\/cropped-Logo-La-Boc-2.png","contentUrl":"https:\/\/brasserielaboc.com\/wp-content\/uploads\/2025\/01\/cropped-Logo-La-Boc-2.png","width":512,"height":512,"caption":"Brasserie La BOC"},"image":{"@id":"https:\/\/brasserielaboc.com\/#\/schema\/logo\/image\/"},"sameAs":["https:\/\/www.facebook.com\/brasserielaboc"]}]}},"_links":{"self":[{"href":"https:\/\/brasserielaboc.com\/index.php\/wp-json\/wp\/v2\/pages\/178","targetHints":{"allow":["GET"]}}],"collection":[{"href":"https:\/\/brasserielaboc.com\/index.php\/wp-json\/wp\/v2\/pages"}],"about":[{"href":"https:\/\/brasserielaboc.com\/index.php\/wp-json\/wp\/v2\/types\/page"}],"author":[{"embeddable":true,"href":"https:\/\/brasserielaboc.com\/index.php\/wp-json\/wp\/v2\/users\/1"}],"replies":[{"embeddable":true,"href":"https:\/\/brasserielaboc.com\/index.php\/wp-json\/wp\/v2\/comments?post=178"}],"version-history":[{"count":10,"href":"https:\/\/brasserielaboc.com\/index.php\/wp-json\/wp\/v2\/pages\/178\/revisions"}],"predecessor-version":[{"id":686,"href":"https:\/\/brasserielaboc.com\/index.php\/wp-json\/wp\/v2\/pages\/178\/revisions\/686"}],"wp:attachment":[{"href":"https:\/\/brasserielaboc.com\/index.php\/wp-json\/wp\/v2\/media?parent=178"}],"curies":[{"name":"wp","href":"https:\/\/api.w.org\/{rel}","templated":true}]}}