{"id":153,"date":"2025-01-18T11:28:55","date_gmt":"2025-01-18T10:28:55","guid":{"rendered":"https:\/\/brasserielaboc.com\/?page_id=153"},"modified":"2026-01-19T15:23:04","modified_gmt":"2026-01-19T14:23:04","slug":"location-de-tireuse-a-biere-perpignan","status":"publish","type":"page","link":"https:\/\/brasserielaboc.com\/index.php\/location-de-tireuse-a-biere-perpignan\/","title":{"rendered":"Location de tireuse \u00e0 bi\u00e8re"},"content":{"rendered":"\t\t<div data-elementor-type=\"wp-page\" data-elementor-id=\"153\" class=\"elementor elementor-153\">\n\t\t\t\t<div class=\"elementor-element elementor-element-17622d4 e-flex e-con-boxed e-con e-parent\" data-id=\"17622d4\" data-element_type=\"container\">\n\t\t\t\t\t<div class=\"e-con-inner\">\n\t\t\t\t<div class=\"elementor-element elementor-element-d985303 elementor-widget elementor-widget-text-editor\" data-id=\"d985303\" data-element_type=\"widget\" data-widget_type=\"text-editor.default\">\n\t\t\t\t<div class=\"elementor-widget-container\">\n\t\t\t\t\t\t\t\t\t<h3><strong>LOCATION DE TIREUSE A BIERE A PERPIGNAN :\u00a0<\/strong><\/h3><p>Conviviale, simple et \u00e9conomique la location de tireuse \u00e0 bi\u00e8re est la solution pour une f\u00eate r\u00e9ussie. La prise main est simple et sous nos conseils vous serez \u00e0 coup sur capable de servir une bi\u00e8re avec une belle mousse.<\/p><ol><li>Placez le f\u00fbt \u00e0 l&rsquo;abri de la chaleur puis laissez la tireuse \u00e0 bi\u00e8re en fonctionnement pour qu&rsquo;elle refroidisse.<\/li><li>Rincez le verre \u00e0 l&rsquo;eau fra\u00eeche.<\/li><li>Proc\u00e9dez au service en laissant s&rsquo;\u00e9chapper le petit bouchon de mousse et inclinez le verre \u00e0 45\u00b0.<\/li><li>Parfait vous pouvez d\u00e9guster.<\/li><\/ol><p>La brasserie Artisanale la BOC propose pour tous vos \u00e9v\u00e8nements : mariage, anniversaire, bapt\u00eame, \u00e9v\u00e8nements associatifs, diff\u00e9rents mod\u00e8les de tireuse \u00e0 bi\u00e8re adapt\u00e9s \u00e0 la dimension de celui-ci. Cette location est possible pour les particuliers, associations et entreprises du 66.<\/p><ul><li>Tireuse \u00e0 bi\u00e8re \u00e0 froid sec 1 ou 2 becs pour les petits \u00e9v\u00e8nements ne n\u00e9cessitant pas un d\u00e9bit important comme un anniversaire ou repas entre amis.\u00a0\u00a0<\/li><li>Tireuse \u00e0 bi\u00e8re \u00e0 bain de glace 30 L permettant d&rsquo;aborder un flux important de consommateurs comme lors d&rsquo;un mariage ou petit concert.<\/li><li>Tireuse \u00e0 bi\u00e8re ilot 2 becs pour tous les gros \u00e9v\u00e8nements.<\/li><\/ul><p>Toutes nos tireuses sont contr\u00f4l\u00e9es et nettoy\u00e9es apr\u00e8s chaque utilisation<\/p><p>Nous vous livrons sur place \u00e0 partir de 3 f\u00fbts, sinon vous pouvez venir \u00e0 Perpignan retirer votre machine. Toute notre gamme en bouteille (Blonde, IPA, Blanche, Piment, Rousse, Brune, Sp\u00e9ciale) est disponible aussi en f\u00fbt de 30 L et 20 L. A titre indicatif 1 f\u00fbt de 30 L permet de servir 120 verres de 25 cl de bi\u00e8re fra\u00eeche.<\/p><p>A partir de <strong>110 \u20ac TTC<\/strong> le f\u00fbt soit moins de 1 \u20ac le verre. Le tarif comprend, la tireuse \u00e0 bi\u00e8re, le CO2 et le pr\u00eat de <strong>gobelets r\u00e9utilisables<\/strong>.<\/p><p>Il est conseill\u00e9 de r\u00e9server \u00e0 l&rsquo;avance : <a href=\"https:\/\/brasserielaboc.com\/index.php\/contact\/\">Contact<\/a><\/p>\t\t\t\t\t\t\t\t<\/div>\n\t\t\t\t<\/div>\n\t\t\t\t\t<\/div>\n\t\t\t\t<\/div>\n\t\t<div class=\"elementor-element elementor-element-46ec321 e-grid e-con-boxed e-con e-parent\" data-id=\"46ec321\" data-element_type=\"container\">\n\t\t\t\t\t<div class=\"e-con-inner\">\n\t\t\t\t<div class=\"elementor-element elementor-element-700be69 elementor-widget elementor-widget-image\" data-id=\"700be69\" data-element_type=\"widget\" data-widget_type=\"image.default\">\n\t\t\t\t<div class=\"elementor-widget-container\">\n\t\t\t\t\t\t\t\t\t\t\t\t\t\t\t<img decoding=\"async\" width=\"200\" height=\"200\" src=\"https:\/\/brasserielaboc.com\/wp-content\/uploads\/2025\/01\/OPREMA-RJ60T2-TIREUSE-A-BIERE-2ROBINETS-60LH-2.jpg\" class=\"attachment-large size-large wp-image-155\" alt=\"Tireuse \u00e0 bi\u00e8re froid sec\" srcset=\"https:\/\/brasserielaboc.com\/wp-content\/uploads\/2025\/01\/OPREMA-RJ60T2-TIREUSE-A-BIERE-2ROBINETS-60LH-2.jpg 200w, https:\/\/brasserielaboc.com\/wp-content\/uploads\/2025\/01\/OPREMA-RJ60T2-TIREUSE-A-BIERE-2ROBINETS-60LH-2-150x150.jpg 150w\" sizes=\"(max-width: 200px) 100vw, 200px\" \/>\t\t\t\t\t\t\t\t\t\t\t\t\t\t\t<\/div>\n\t\t\t\t<\/div>\n\t\t\t\t<div class=\"elementor-element elementor-element-d47fdac elementor-widget elementor-widget-image\" data-id=\"d47fdac\" data-element_type=\"widget\" data-widget_type=\"image.default\">\n\t\t\t\t<div class=\"elementor-widget-container\">\n\t\t\t\t\t\t\t\t\t\t\t\t\t\t\t<img decoding=\"async\" width=\"200\" height=\"200\" src=\"https:\/\/brasserielaboc.com\/wp-content\/uploads\/2025\/01\/TIREUSE-EVENT.jpg\" class=\"attachment-large size-large wp-image-156\" alt=\"Tireuse \u00e0 bi\u00e8re il\u00f4t bar\" srcset=\"https:\/\/brasserielaboc.com\/wp-content\/uploads\/2025\/01\/TIREUSE-EVENT.jpg 200w, https:\/\/brasserielaboc.com\/wp-content\/uploads\/2025\/01\/TIREUSE-EVENT-150x150.jpg 150w\" sizes=\"(max-width: 200px) 100vw, 200px\" \/>\t\t\t\t\t\t\t\t\t\t\t\t\t\t\t<\/div>\n\t\t\t\t<\/div>\n\t\t\t\t\t<\/div>\n\t\t\t\t<\/div>\n\t\t\t\t<\/div>\n\t\t","protected":false},"excerpt":{"rendered":"<p>LOCATION DE TIREUSE A BIERE A PERPIGNAN :\u00a0 Conviviale, simple et \u00e9conomique la location de tireuse \u00e0 bi\u00e8re est la solution pour une f\u00eate r\u00e9ussie. La prise main est simple et sous nos conseils vous serez \u00e0 coup sur capable de servir une bi\u00e8re avec une belle mousse. Placez le f\u00fbt \u00e0 l&rsquo;abri de la [&hellip;]<\/p>\n","protected":false},"author":1,"featured_media":0,"parent":0,"menu_order":0,"comment_status":"closed","ping_status":"closed","template":"","meta":{"ocean_post_layout":"","ocean_both_sidebars_style":"","ocean_both_sidebars_content_width":0,"ocean_both_sidebars_sidebars_width":0,"ocean_sidebar":"","ocean_second_sidebar":"","ocean_disable_margins":"enable","ocean_add_body_class":"","ocean_shortcode_before_top_bar":"","ocean_shortcode_after_top_bar":"","ocean_shortcode_before_header":"","ocean_shortcode_after_header":"","ocean_has_shortcode":"","ocean_shortcode_after_title":"","ocean_shortcode_before_footer_widgets":"","ocean_shortcode_after_footer_widgets":"","ocean_shortcode_before_footer_bottom":"","ocean_shortcode_after_footer_bottom":"","ocean_display_top_bar":"default","ocean_display_header":"default","ocean_header_style":"","ocean_center_header_left_menu":"","ocean_custom_header_template":"","ocean_custom_logo":0,"ocean_custom_retina_logo":0,"ocean_custom_logo_max_width":0,"ocean_custom_logo_tablet_max_width":0,"ocean_custom_logo_mobile_max_width":0,"ocean_custom_logo_max_height":0,"ocean_custom_logo_tablet_max_height":0,"ocean_custom_logo_mobile_max_height":0,"ocean_header_custom_menu":"","ocean_menu_typo_font_family":"","ocean_menu_typo_font_subset":"","ocean_menu_typo_font_size":0,"ocean_menu_typo_font_size_tablet":0,"ocean_menu_typo_font_size_mobile":0,"ocean_menu_typo_font_size_unit":"px","ocean_menu_typo_font_weight":"","ocean_menu_typo_font_weight_tablet":"","ocean_menu_typo_font_weight_mobile":"","ocean_menu_typo_transform":"","ocean_menu_typo_transform_tablet":"","ocean_menu_typo_transform_mobile":"","ocean_menu_typo_line_height":0,"ocean_menu_typo_line_height_tablet":0,"ocean_menu_typo_line_height_mobile":0,"ocean_menu_typo_line_height_unit":"","ocean_menu_typo_spacing":0,"ocean_menu_typo_spacing_tablet":0,"ocean_menu_typo_spacing_mobile":0,"ocean_menu_typo_spacing_unit":"","ocean_menu_link_color":"","ocean_menu_link_color_hover":"","ocean_menu_link_color_active":"","ocean_menu_link_background":"","ocean_menu_link_hover_background":"","ocean_menu_link_active_background":"","ocean_menu_social_links_bg":"","ocean_menu_social_hover_links_bg":"","ocean_menu_social_links_color":"","ocean_menu_social_hover_links_color":"","ocean_disable_title":"default","ocean_disable_heading":"default","ocean_post_title":"","ocean_post_subheading":"","ocean_post_title_style":"","ocean_post_title_background_color":"","ocean_post_title_background":0,"ocean_post_title_bg_image_position":"","ocean_post_title_bg_image_attachment":"","ocean_post_title_bg_image_repeat":"","ocean_post_title_bg_image_size":"","ocean_post_title_height":0,"ocean_post_title_bg_overlay":0.5,"ocean_post_title_bg_overlay_color":"","ocean_disable_breadcrumbs":"default","ocean_breadcrumbs_color":"","ocean_breadcrumbs_separator_color":"","ocean_breadcrumbs_links_color":"","ocean_breadcrumbs_links_hover_color":"","ocean_display_footer_widgets":"default","ocean_display_footer_bottom":"default","ocean_custom_footer_template":"","footnotes":""},"class_list":["post-153","page","type-page","status-publish","hentry","entry"],"yoast_head":"<!-- This site is optimized with the Yoast SEO plugin v26.7 - https:\/\/yoast.com\/wordpress\/plugins\/seo\/ -->\n<title>Location de tireuse \u00e0 bi\u00e8re - Brasserie La BOC<\/title>\n<meta name=\"description\" content=\"Location de tireuse \u00e0 bi\u00e8re \u00e0 Perpignan. Conviviale et \u00e9conomique la location d&#039;une tireuse \u00e0 bi\u00e8re est la solution pour une f\u00eate r\u00e9ussie.\" \/>\n<meta name=\"robots\" content=\"index, follow, max-snippet:-1, max-image-preview:large, max-video-preview:-1\" \/>\n<link rel=\"canonical\" href=\"https:\/\/brasserielaboc.com\/index.php\/location-de-tireuse-a-biere-perpignan\/\" \/>\n<meta property=\"og:locale\" content=\"fr_FR\" \/>\n<meta property=\"og:type\" content=\"article\" \/>\n<meta property=\"og:title\" content=\"Location de tireuse \u00e0 bi\u00e8re - Brasserie La BOC\" \/>\n<meta property=\"og:description\" content=\"Location de tireuse \u00e0 bi\u00e8re \u00e0 Perpignan. Conviviale et \u00e9conomique la location d&#039;une tireuse \u00e0 bi\u00e8re est la solution pour une f\u00eate r\u00e9ussie.\" \/>\n<meta property=\"og:url\" content=\"https:\/\/brasserielaboc.com\/index.php\/location-de-tireuse-a-biere-perpignan\/\" \/>\n<meta property=\"og:site_name\" content=\"Brasserie La BOC\" \/>\n<meta property=\"article:publisher\" content=\"https:\/\/www.facebook.com\/brasserielaboc\" \/>\n<meta property=\"article:modified_time\" content=\"2026-01-19T14:23:04+00:00\" \/>\n<meta property=\"og:image\" content=\"https:\/\/brasserielaboc.com\/wp-content\/uploads\/2025\/01\/OPREMA-RJ60T2-TIREUSE-A-BIERE-2ROBINETS-60LH-2.jpg\" \/>\n\t<meta property=\"og:image:width\" content=\"200\" \/>\n\t<meta property=\"og:image:height\" content=\"200\" \/>\n\t<meta property=\"og:image:type\" content=\"image\/jpeg\" \/>\n<meta name=\"twitter:card\" content=\"summary_large_image\" \/>\n<meta name=\"twitter:label1\" content=\"Dur\u00e9e de lecture estim\u00e9e\" \/>\n\t<meta name=\"twitter:data1\" content=\"2 minutes\" \/>\n<script type=\"application\/ld+json\" class=\"yoast-schema-graph\">{\"@context\":\"https:\/\/schema.org\",\"@graph\":[{\"@type\":\"WebPage\",\"@id\":\"https:\/\/brasserielaboc.com\/index.php\/location-de-tireuse-a-biere-perpignan\/\",\"url\":\"https:\/\/brasserielaboc.com\/index.php\/location-de-tireuse-a-biere-perpignan\/\",\"name\":\"Location de tireuse \u00e0 bi\u00e8re - Brasserie La BOC\",\"isPartOf\":{\"@id\":\"https:\/\/brasserielaboc.com\/#website\"},\"primaryImageOfPage\":{\"@id\":\"https:\/\/brasserielaboc.com\/index.php\/location-de-tireuse-a-biere-perpignan\/#primaryimage\"},\"image\":{\"@id\":\"https:\/\/brasserielaboc.com\/index.php\/location-de-tireuse-a-biere-perpignan\/#primaryimage\"},\"thumbnailUrl\":\"http:\/\/brasserielaboc.com\/wp-content\/uploads\/2025\/01\/OPREMA-RJ60T2-TIREUSE-A-BIERE-2ROBINETS-60LH-2.jpg\",\"datePublished\":\"2025-01-18T10:28:55+00:00\",\"dateModified\":\"2026-01-19T14:23:04+00:00\",\"description\":\"Location de tireuse \u00e0 bi\u00e8re \u00e0 Perpignan. Conviviale et \u00e9conomique la location d'une tireuse \u00e0 bi\u00e8re est la solution pour une f\u00eate r\u00e9ussie.\",\"breadcrumb\":{\"@id\":\"https:\/\/brasserielaboc.com\/index.php\/location-de-tireuse-a-biere-perpignan\/#breadcrumb\"},\"inLanguage\":\"fr-FR\",\"potentialAction\":[{\"@type\":\"ReadAction\",\"target\":[\"https:\/\/brasserielaboc.com\/index.php\/location-de-tireuse-a-biere-perpignan\/\"]}]},{\"@type\":\"ImageObject\",\"inLanguage\":\"fr-FR\",\"@id\":\"https:\/\/brasserielaboc.com\/index.php\/location-de-tireuse-a-biere-perpignan\/#primaryimage\",\"url\":\"https:\/\/brasserielaboc.com\/wp-content\/uploads\/2025\/01\/OPREMA-RJ60T2-TIREUSE-A-BIERE-2ROBINETS-60LH-2.jpg\",\"contentUrl\":\"https:\/\/brasserielaboc.com\/wp-content\/uploads\/2025\/01\/OPREMA-RJ60T2-TIREUSE-A-BIERE-2ROBINETS-60LH-2.jpg\",\"width\":200,\"height\":200,\"caption\":\"Tireuse \u00e0 bi\u00e8re froid sec\"},{\"@type\":\"BreadcrumbList\",\"@id\":\"https:\/\/brasserielaboc.com\/index.php\/location-de-tireuse-a-biere-perpignan\/#breadcrumb\",\"itemListElement\":[{\"@type\":\"ListItem\",\"position\":1,\"name\":\"Accueil\",\"item\":\"https:\/\/brasserielaboc.com\/\"},{\"@type\":\"ListItem\",\"position\":2,\"name\":\"Location de tireuse \u00e0 bi\u00e8re\"}]},{\"@type\":\"WebSite\",\"@id\":\"https:\/\/brasserielaboc.com\/#website\",\"url\":\"https:\/\/brasserielaboc.com\/\",\"name\":\"Brasserie La BOC\",\"description\":\"Brasserie de Perpignan\",\"publisher\":{\"@id\":\"https:\/\/brasserielaboc.com\/#organization\"},\"potentialAction\":[{\"@type\":\"SearchAction\",\"target\":{\"@type\":\"EntryPoint\",\"urlTemplate\":\"https:\/\/brasserielaboc.com\/?s={search_term_string}\"},\"query-input\":{\"@type\":\"PropertyValueSpecification\",\"valueRequired\":true,\"valueName\":\"search_term_string\"}}],\"inLanguage\":\"fr-FR\"},{\"@type\":\"Organization\",\"@id\":\"https:\/\/brasserielaboc.com\/#organization\",\"name\":\"Brasserie La BOC\",\"url\":\"https:\/\/brasserielaboc.com\/\",\"logo\":{\"@type\":\"ImageObject\",\"inLanguage\":\"fr-FR\",\"@id\":\"https:\/\/brasserielaboc.com\/#\/schema\/logo\/image\/\",\"url\":\"https:\/\/brasserielaboc.com\/wp-content\/uploads\/2025\/01\/cropped-Logo-La-Boc-2.png\",\"contentUrl\":\"https:\/\/brasserielaboc.com\/wp-content\/uploads\/2025\/01\/cropped-Logo-La-Boc-2.png\",\"width\":512,\"height\":512,\"caption\":\"Brasserie La BOC\"},\"image\":{\"@id\":\"https:\/\/brasserielaboc.com\/#\/schema\/logo\/image\/\"},\"sameAs\":[\"https:\/\/www.facebook.com\/brasserielaboc\"]}]}<\/script>\n<!-- \/ Yoast SEO plugin. -->","yoast_head_json":{"title":"Location de tireuse \u00e0 bi\u00e8re - Brasserie La BOC","description":"Location de tireuse \u00e0 bi\u00e8re \u00e0 Perpignan. Conviviale et \u00e9conomique la location d'une tireuse \u00e0 bi\u00e8re est la solution pour une f\u00eate r\u00e9ussie.","robots":{"index":"index","follow":"follow","max-snippet":"max-snippet:-1","max-image-preview":"max-image-preview:large","max-video-preview":"max-video-preview:-1"},"canonical":"https:\/\/brasserielaboc.com\/index.php\/location-de-tireuse-a-biere-perpignan\/","og_locale":"fr_FR","og_type":"article","og_title":"Location de tireuse \u00e0 bi\u00e8re - Brasserie La BOC","og_description":"Location de tireuse \u00e0 bi\u00e8re \u00e0 Perpignan. Conviviale et \u00e9conomique la location d'une tireuse \u00e0 bi\u00e8re est la solution pour une f\u00eate r\u00e9ussie.","og_url":"https:\/\/brasserielaboc.com\/index.php\/location-de-tireuse-a-biere-perpignan\/","og_site_name":"Brasserie La BOC","article_publisher":"https:\/\/www.facebook.com\/brasserielaboc","article_modified_time":"2026-01-19T14:23:04+00:00","og_image":[{"width":200,"height":200,"url":"https:\/\/brasserielaboc.com\/wp-content\/uploads\/2025\/01\/OPREMA-RJ60T2-TIREUSE-A-BIERE-2ROBINETS-60LH-2.jpg","type":"image\/jpeg"}],"twitter_card":"summary_large_image","twitter_misc":{"Dur\u00e9e de lecture estim\u00e9e":"2 minutes"},"schema":{"@context":"https:\/\/schema.org","@graph":[{"@type":"WebPage","@id":"https:\/\/brasserielaboc.com\/index.php\/location-de-tireuse-a-biere-perpignan\/","url":"https:\/\/brasserielaboc.com\/index.php\/location-de-tireuse-a-biere-perpignan\/","name":"Location de tireuse \u00e0 bi\u00e8re - Brasserie La BOC","isPartOf":{"@id":"https:\/\/brasserielaboc.com\/#website"},"primaryImageOfPage":{"@id":"https:\/\/brasserielaboc.com\/index.php\/location-de-tireuse-a-biere-perpignan\/#primaryimage"},"image":{"@id":"https:\/\/brasserielaboc.com\/index.php\/location-de-tireuse-a-biere-perpignan\/#primaryimage"},"thumbnailUrl":"http:\/\/brasserielaboc.com\/wp-content\/uploads\/2025\/01\/OPREMA-RJ60T2-TIREUSE-A-BIERE-2ROBINETS-60LH-2.jpg","datePublished":"2025-01-18T10:28:55+00:00","dateModified":"2026-01-19T14:23:04+00:00","description":"Location de tireuse \u00e0 bi\u00e8re \u00e0 Perpignan. Conviviale et \u00e9conomique la location d'une tireuse \u00e0 bi\u00e8re est la solution pour une f\u00eate r\u00e9ussie.","breadcrumb":{"@id":"https:\/\/brasserielaboc.com\/index.php\/location-de-tireuse-a-biere-perpignan\/#breadcrumb"},"inLanguage":"fr-FR","potentialAction":[{"@type":"ReadAction","target":["https:\/\/brasserielaboc.com\/index.php\/location-de-tireuse-a-biere-perpignan\/"]}]},{"@type":"ImageObject","inLanguage":"fr-FR","@id":"https:\/\/brasserielaboc.com\/index.php\/location-de-tireuse-a-biere-perpignan\/#primaryimage","url":"https:\/\/brasserielaboc.com\/wp-content\/uploads\/2025\/01\/OPREMA-RJ60T2-TIREUSE-A-BIERE-2ROBINETS-60LH-2.jpg","contentUrl":"https:\/\/brasserielaboc.com\/wp-content\/uploads\/2025\/01\/OPREMA-RJ60T2-TIREUSE-A-BIERE-2ROBINETS-60LH-2.jpg","width":200,"height":200,"caption":"Tireuse \u00e0 bi\u00e8re froid sec"},{"@type":"BreadcrumbList","@id":"https:\/\/brasserielaboc.com\/index.php\/location-de-tireuse-a-biere-perpignan\/#breadcrumb","itemListElement":[{"@type":"ListItem","position":1,"name":"Accueil","item":"https:\/\/brasserielaboc.com\/"},{"@type":"ListItem","position":2,"name":"Location de tireuse \u00e0 bi\u00e8re"}]},{"@type":"WebSite","@id":"https:\/\/brasserielaboc.com\/#website","url":"https:\/\/brasserielaboc.com\/","name":"Brasserie La BOC","description":"Brasserie de Perpignan","publisher":{"@id":"https:\/\/brasserielaboc.com\/#organization"},"potentialAction":[{"@type":"SearchAction","target":{"@type":"EntryPoint","urlTemplate":"https:\/\/brasserielaboc.com\/?s={search_term_string}"},"query-input":{"@type":"PropertyValueSpecification","valueRequired":true,"valueName":"search_term_string"}}],"inLanguage":"fr-FR"},{"@type":"Organization","@id":"https:\/\/brasserielaboc.com\/#organization","name":"Brasserie La BOC","url":"https:\/\/brasserielaboc.com\/","logo":{"@type":"ImageObject","inLanguage":"fr-FR","@id":"https:\/\/brasserielaboc.com\/#\/schema\/logo\/image\/","url":"https:\/\/brasserielaboc.com\/wp-content\/uploads\/2025\/01\/cropped-Logo-La-Boc-2.png","contentUrl":"https:\/\/brasserielaboc.com\/wp-content\/uploads\/2025\/01\/cropped-Logo-La-Boc-2.png","width":512,"height":512,"caption":"Brasserie La BOC"},"image":{"@id":"https:\/\/brasserielaboc.com\/#\/schema\/logo\/image\/"},"sameAs":["https:\/\/www.facebook.com\/brasserielaboc"]}]}},"_links":{"self":[{"href":"https:\/\/brasserielaboc.com\/index.php\/wp-json\/wp\/v2\/pages\/153","targetHints":{"allow":["GET"]}}],"collection":[{"href":"https:\/\/brasserielaboc.com\/index.php\/wp-json\/wp\/v2\/pages"}],"about":[{"href":"https:\/\/brasserielaboc.com\/index.php\/wp-json\/wp\/v2\/types\/page"}],"author":[{"embeddable":true,"href":"https:\/\/brasserielaboc.com\/index.php\/wp-json\/wp\/v2\/users\/1"}],"replies":[{"embeddable":true,"href":"https:\/\/brasserielaboc.com\/index.php\/wp-json\/wp\/v2\/comments?post=153"}],"version-history":[{"count":54,"href":"https:\/\/brasserielaboc.com\/index.php\/wp-json\/wp\/v2\/pages\/153\/revisions"}],"predecessor-version":[{"id":745,"href":"https:\/\/brasserielaboc.com\/index.php\/wp-json\/wp\/v2\/pages\/153\/revisions\/745"}],"wp:attachment":[{"href":"https:\/\/brasserielaboc.com\/index.php\/wp-json\/wp\/v2\/media?parent=153"}],"curies":[{"name":"wp","href":"https:\/\/api.w.org\/{rel}","templated":true}]}}